{"id":74146,"date":"2024-10-18T22:52:52","date_gmt":"2024-10-18T19:52:52","guid":{"rendered":"https:\/\/nbg.eu\/product\/mag-release-button-kmr-black\/"},"modified":"2026-04-16T17:31:03","modified_gmt":"2026-04-16T14:31:03","slug":"mag-kioldogomb-kmr-fekete","status":"publish","type":"product","link":"https:\/\/nbg.eu\/hu\/termek\/mag-kioldogomb-kmr-fekete\/","title":{"rendered":"KMR T\u00e1r Kiold\u00f3gomb Standard Fekete"},"content":{"rendered":"<h2>Mag Release Button KMR &#8211; Fekete<\/h2>\n<p>A Mag Release Button KMR egy alapvet\u0151 tartoz\u00e9k a fegyverrendszerekhez, amely megb\u00edzhat\u00f3 \u00e9s biztons\u00e1gos t\u00e1rtart\u00f3 kiold\u00f3t biztos\u00edt.<\/p>\n<p>Eleg\u00e1ns fekete kivitel\u00e9vel a Mag Release Button KMR nem csak funkcion\u00e1lis, hanem taktikai eleganci\u00e1t is k\u00f6lcs\u00f6n\u00f6z a fegyverhez. Tart\u00f3s anyagokb\u00f3l k\u00e9sz\u00fclt, ami garant\u00e1lja a sima \u00e9s megb\u00edzhat\u00f3 t\u00e1rtart\u00f3-kiold\u00e1st minden egyes alkalommal, lehet\u0151v\u00e9 t\u00e9ve a gyors \u00fajrat\u00f6lt\u00e9st \u00e9s a z\u00f6kken\u0151mentes l\u00f6v\u00e9sv\u00e1lt\u00e1st.<\/p>\n<p>F\u00fcggetlen\u00fcl att\u00f3l, hogy profi l\u00f6v\u0151 vagy kezd\u0151 vagy, a Mag Release Button KMR n\u00e9lk\u00fcl\u00f6zhetetlen tartoz\u00e9k, amely jav\u00edthatja a fegyverrendszer teljes\u00edtm\u00e9ny\u00e9t \u00e9s megb\u00edzhat\u00f3s\u00e1g\u00e1t. Sokoldal\u00fa kompatibilit\u00e1s\u00e1nak \u00e9s robusztus kialak\u00edt\u00e1s\u00e1nak k\u00f6sz\u00f6nhet\u0151en ez a gomb elengedhetetlen minden komoly l\u0151fegyver-rajong\u00f3 sz\u00e1m\u00e1ra.<\/p>\n<p>Kompatibilis a k\u00f6vetkez\u0151 fegyverekkel:<\/p>\n<p>KMR L-02 EMIQ<\/p>\n<p>KMR L-02 EMIQ (OR)<\/p>\n<p>KMR L-02 ORCA 2023-ig<\/p>\n<p>KMR L-02 SPECTRA 2024-t\u0151l<\/p>\n<p>KMR L-02 SPECTRA 2023-ig<\/p>\n<p>KMR L-02 UMBRA 2024-t\u0151l<\/p>\n<p>KMR L-02 UMBRA 2023-ig<\/p>\n<p>KMR S-01 LANCE (OR)<\/p>\n<p>KMR S-02 2023-ig<\/p>\n<p>KMR W-02 CUDA 2024-t\u0151l<\/p>\n<p>KMR W-02 CUDA 2023-ig<\/p>\n<p>KMR W-02 UMBRA<\/p>\n<p>KMR W-02 UMBRA (OR)<\/p>\n<p>Referencia 0180-00801-0101<\/p>\n","protected":false},"excerpt":{"rendered":"<p>Fegyvercs\u00faszka-kiold\u00f3gomb, fekete sz\u00ednben.<\/p>\n","protected":false},"featured_media":72242,"template":"","meta":{"_acf_changed":false},"product_brand":[11502],"product_cat":[12917],"product_tag":[],"class_list":{"0":"post-74146","1":"product","2":"type-product","3":"status-publish","4":"has-post-thumbnail","6":"product_brand-kmr-precision","7":"product_cat-kmr-alkatreszek","9":"first","10":"instock","11":"taxable","12":"shipping-taxable","13":"purchasable","14":"product-type-simple"},"acf":[],"_links":{"self":[{"href":"https:\/\/nbg.eu\/hu\/wp-json\/wp\/v2\/product\/74146","targetHints":{"allow":["GET"]}}],"collection":[{"href":"https:\/\/nbg.eu\/hu\/wp-json\/wp\/v2\/product"}],"about":[{"href":"https:\/\/nbg.eu\/hu\/wp-json\/wp\/v2\/types\/product"}],"wp:featuredmedia":[{"embeddable":true,"href":"https:\/\/nbg.eu\/hu\/wp-json\/wp\/v2\/media\/72242"}],"wp:attachment":[{"href":"https:\/\/nbg.eu\/hu\/wp-json\/wp\/v2\/media?parent=74146"}],"wp:term":[{"taxonomy":"product_brand","embeddable":true,"href":"https:\/\/nbg.eu\/hu\/wp-json\/wp\/v2\/product_brand?post=74146"},{"taxonomy":"product_cat","embeddable":true,"href":"https:\/\/nbg.eu\/hu\/wp-json\/wp\/v2\/product_cat?post=74146"},{"taxonomy":"product_tag","embeddable":true,"href":"https:\/\/nbg.eu\/hu\/wp-json\/wp\/v2\/product_tag?post=74146"}],"curies":[{"name":"wp","href":"https:\/\/api.w.org\/{rel}","templated":true}]}}