{"id":74346,"date":"2024-10-19T11:24:33","date_gmt":"2024-10-19T08:24:33","guid":{"rendered":"https:\/\/nbg.eu\/product\/sg-timer-2\/"},"modified":"2026-01-21T12:09:17","modified_gmt":"2026-01-21T09:09:17","slug":"sg-idomero-2","status":"publish","type":"product","link":"https:\/\/nbg.eu\/hu\/termek\/sg-idomero-2\/","title":{"rendered":"SG Id\u0151m\u00e9r\u0151 2"},"content":{"rendered":"<div class=\"product-description\">\n<h2>SG Timer 2: L\u00f6v\u00e9sid\u0151m\u00e9r\u0151 komoly l\u00f6v\u00e9szek sz\u00e1m\u00e1ra<\/h2>\n<p>Az SG Timer 2 egy fejlett \u00e9s sokoldal\u00fa l\u00f6v\u00e9sid\u0151m\u00e9r\u0151. Funkci\u00f3ival \u00e9s kialak\u00edt\u00e1s\u00e1val alkalmas egy\u00e9ni edz\u00e9sekhez \u00e9s nagyobb csoportos foglalkoz\u00e1sokhoz is.<\/p>\n<h2>F\u0151 jellemz\u0151k:<\/h2>\n<ul>\n<li><strong>Hangosabb:<\/strong> Akusztikus er\u0151s\u00edt\u0151vel rendelkezik.<\/li>\n<li><strong>Biztons\u00e1gos r\u00f6gz\u00edt\u00e9s:<\/strong> \u00daj U-fog\u00f3 m\u00e1gnesekkel \u00e9s pozicion\u00e1l\u00f3 hardverrel a stabilit\u00e1s\u00e9rt.<\/li>\n<li><strong>Csatlakoztathat\u00f3s\u00e1g:<\/strong> NFC \u00e9s Bluetooth 5.4 okostelefonos kapcsolathoz \u00e9s megn\u00f6velt hat\u00f3t\u00e1vols\u00e1ghoz.<\/li>\n<li><strong>L\u00f6v\u00e9s\u00e9rz\u00e9kel\u00e9s:<\/strong> \u00c9rz\u00e9keny szenzor AEG \u00e9s CO2 fegyverekhez, illetve b\u00e1rmilyen kaliber\u0171 t\u0171zfegyverhez, hangtomp\u00edtottat is bele\u00e9rtve.<\/li>\n<li><strong>Testreszabhat\u00f3 be\u00e1ll\u00edt\u00e1sok:<\/strong> \u00c1ll\u00edthat\u00f3 \u00e9rz\u00e9kenys\u00e9g \u00e9s visszhangsz\u0171r\u00e9s a pontos l\u00f6v\u00e9s\u00e9rz\u00e9kel\u00e9shez.<\/li>\n<li><strong>Nagy mem\u00f3ria:<\/strong> Be\u00e9p\u00edtett t\u00e1rhely ak\u00e1r 1 000 000 l\u00f6v\u00e9shez r\u00e9szletes statisztik\u00e1kkal.<\/li>\n<li><strong>PAR funkci\u00f3:<\/strong> Edz\u00e9sek \u00e9s gyakorlatok el\u0151zetes tervez\u00e9s\u00e9hez.<\/li>\n<li><strong>K\u00e9m m\u00f3d:<\/strong> Szinkroniz\u00e1lhat\u00f3 m\u00e1s l\u00f6v\u00e9sid\u0151m\u00e9r\u0151kkel k\u00f6z\u00f6s edz\u00e9sekhez.<\/li>\n<\/ul>\n<p>Az SG Timer 2 teljes\u00edtm\u00e9nyt \u00e9s megb\u00edzhat\u00f3s\u00e1got k\u00edn\u00e1l versenyl\u00f6v\u0151knek, l\u0151oktat\u00f3knak \u00e9s hobbil\u00f6v\u0151knek egyar\u00e1nt.<\/p>\n<\/div>\n","protected":false},"excerpt":{"rendered":"<p>Hangosabb, okosabb, sokoldal\u00fabb. Biztos fog\u00e1s, Bluetooth 5.4, fejlett \u00e9rz\u00e9kel\u0151.<\/p>\n","protected":false},"featured_media":73081,"template":"","meta":{"_acf_changed":false},"product_brand":[11793],"product_cat":[12955],"product_tag":[],"class_list":{"0":"post-74346","1":"product","2":"type-product","3":"status-publish","4":"has-post-thumbnail","6":"product_brand-shooters-global","7":"product_cat-loeves-idomerok","9":"first","10":"outofstock","11":"taxable","12":"shipping-taxable","13":"purchasable","14":"product-type-simple"},"acf":[],"_links":{"self":[{"href":"https:\/\/nbg.eu\/hu\/wp-json\/wp\/v2\/product\/74346","targetHints":{"allow":["GET"]}}],"collection":[{"href":"https:\/\/nbg.eu\/hu\/wp-json\/wp\/v2\/product"}],"about":[{"href":"https:\/\/nbg.eu\/hu\/wp-json\/wp\/v2\/types\/product"}],"wp:featuredmedia":[{"embeddable":true,"href":"https:\/\/nbg.eu\/hu\/wp-json\/wp\/v2\/media\/73081"}],"wp:attachment":[{"href":"https:\/\/nbg.eu\/hu\/wp-json\/wp\/v2\/media?parent=74346"}],"wp:term":[{"taxonomy":"product_brand","embeddable":true,"href":"https:\/\/nbg.eu\/hu\/wp-json\/wp\/v2\/product_brand?post=74346"},{"taxonomy":"product_cat","embeddable":true,"href":"https:\/\/nbg.eu\/hu\/wp-json\/wp\/v2\/product_cat?post=74346"},{"taxonomy":"product_tag","embeddable":true,"href":"https:\/\/nbg.eu\/hu\/wp-json\/wp\/v2\/product_tag?post=74346"}],"curies":[{"name":"wp","href":"https:\/\/api.w.org\/{rel}","templated":true}]}}