{"id":745610,"date":"2026-04-03T17:24:57","date_gmt":"2026-04-03T14:24:57","guid":{"rendered":"https:\/\/nbg.eu\/product\/maxxtech-45-acp-fmj-230-gr-loszer\/"},"modified":"2026-04-03T17:39:31","modified_gmt":"2026-04-03T14:39:31","slug":"maxxtech-45-acp-fmj-230-gr-loszer","status":"publish","type":"product","link":"https:\/\/nbg.eu\/hu\/termek\/maxxtech-45-acp-fmj-230-gr-loszer\/","title":{"rendered":"MaxxTech .45 ACP FMJ 230 gr l\u0151szer"},"content":{"rendered":"<h2>MaxxTech .45 ACP FMJ 230 gr l\u0151szer<\/h2>\n<p>A MaxxTech .45 ACP megb\u00edzhat\u00f3 teljes erej\u0171 teljes\u00edtm\u00e9nyt ny\u00fajt edz\u00e9shez \u00e9s sportl\u00f6v\u00e9szethez. A POBJEDA Technology t\u00f6lti \u2014 60+ \u00e9v tapasztalattal \u2014 a MaxxTech l\u0151szer \u00e1lland\u00f3 szabv\u00e1nyok szerint k\u00e9sz\u00fcl megb\u00edzhat\u00f3 adagol\u00e1shoz .45 ACP platformokon.<\/p>\n<h3>\u00c1lland\u00f3 teljes\u00edtm\u00e9ny<\/h3>\n<p>A 230 graines FMJ l\u00f6ved\u00e9k a .45 ACP szabv\u00e1nyos t\u00f6mege az ismert h\u00e1tral\u00f6k\u00e9si impulzussal \u00e9s becsap\u00f3d\u00e1si ponttal. 853 fps (260 m\/s) cs\u0151torkolati sebess\u00e9ggel ezek a t\u00f6lt\u00e9nyek \u00e1lland\u00f3 ballisztik\u00e1t ny\u00fajtanak alkalomr\u00f3l alkalomra \u2014 elengedhetetlen a l\u00f6v\u00e9szeti alapok \u00e9s izommem\u00f3ria \u00e9p\u00edt\u00e9s\u00e9hez.<\/p>\n<h3>Gyakorlati edz\u0151l\u0151szer<\/h3>\n<p>A MaxxTech .45 ACP nagy mennyis\u00e9g\u0171 edz\u0151l\u0151szerk\u00e9nt k\u00e9sz\u00fclt versenyk\u00e9pes \u00e1ron. \u00daj s\u00e1rgar\u00e9z h\u00fcvelyek Boxer csappanty\u00faval megb\u00edzhat\u00f3 gy\u00fajt\u00e1shoz, \u00fajrat\u00f6lthet\u0151. Nem korroz\u00edv \u00f6sszet\u00e9tel k\u00fcl\u00f6nleges tiszt\u00edt\u00e1s n\u00e9lk\u00fcl. Kiv\u00e1l\u00f3 v\u00e1laszt\u00e1s kik\u00e9pz\u00e9shez, l\u0151egyes\u00fcletekhez \u00e9s egy\u00e9ni gyakorl\u00e1shoz.<\/p>\n<table>\n<tbody>\n<tr>\n<td>Kaliberm\u00e9ret<\/td>\n<td>.45 ACP (Auto)<\/td>\n<\/tr>\n<tr>\n<td>L\u00f6ved\u00e9k t\u00f6meg<\/td>\n<td>230 gr (14.9 g)<\/td>\n<\/tr>\n<tr>\n<td>L\u00f6ved\u00e9k t\u00edpus<\/td>\n<td>Full Metal Jacket (FMJ)<\/td>\n<\/tr>\n<tr>\n<td>Cs\u0151torkolati sebess\u00e9g<\/td>\n<td>853 fps (260 m\/s)<\/td>\n<\/tr>\n<tr>\n<td>H\u00fcvely anyag<\/td>\n<td>S\u00e1rgar\u00e9z, \u00faj<\/td>\n<\/tr>\n<tr>\n<td>Csappanty\u00fa<\/td>\n<td>Boxer, nem korroz\u00edv<\/td>\n<\/tr>\n<tr>\n<td>\u00dajrat\u00f6lthet\u0151<\/td>\n<td>Igen<\/td>\n<\/tr>\n<tr>\n<td>Gy\u00e1rt\u00f3<\/td>\n<td>MaxxTech \/ POBJEDA Technology<\/td>\n<\/tr>\n<\/tbody>\n<\/table>\n","protected":false},"excerpt":{"rendered":"<p>MaxxTech .45 ACP FMJ l\u0151szer, 230 grain. S\u00e1rgar\u00e9z h\u00fcvely, Boxer csappanty\u00fa, nem korroz\u00edv. Gy\u00e1rt\u00f3 POBJEDA Technology 60+ \u00e9v tapasztalattal. Cs\u0151torkolati sebess\u00e9g 260 m\/s. Megb\u00edzhat\u00f3 edz\u0151l\u0151szer. Darabonk\u00e9nt.<\/p>\n","protected":false},"featured_media":745611,"template":"","meta":{"_acf_changed":false},"product_brand":[11575],"product_cat":[12970,12960],"product_tag":[],"class_list":{"0":"post-745610","1":"product","2":"type-product","3":"status-publish","4":"has-post-thumbnail","6":"product_brand-maxxtech","7":"product_cat-loszer","8":"product_cat-pisztoly-loszer","10":"first","11":"outofstock","12":"taxable","13":"shipping-taxable","14":"product-type-simple"},"acf":[],"_links":{"self":[{"href":"https:\/\/nbg.eu\/hu\/wp-json\/wp\/v2\/product\/745610","targetHints":{"allow":["GET"]}}],"collection":[{"href":"https:\/\/nbg.eu\/hu\/wp-json\/wp\/v2\/product"}],"about":[{"href":"https:\/\/nbg.eu\/hu\/wp-json\/wp\/v2\/types\/product"}],"wp:featuredmedia":[{"embeddable":true,"href":"https:\/\/nbg.eu\/hu\/wp-json\/wp\/v2\/media\/745611"}],"wp:attachment":[{"href":"https:\/\/nbg.eu\/hu\/wp-json\/wp\/v2\/media?parent=745610"}],"wp:term":[{"taxonomy":"product_brand","embeddable":true,"href":"https:\/\/nbg.eu\/hu\/wp-json\/wp\/v2\/product_brand?post=745610"},{"taxonomy":"product_cat","embeddable":true,"href":"https:\/\/nbg.eu\/hu\/wp-json\/wp\/v2\/product_cat?post=745610"},{"taxonomy":"product_tag","embeddable":true,"href":"https:\/\/nbg.eu\/hu\/wp-json\/wp\/v2\/product_tag?post=745610"}],"curies":[{"name":"wp","href":"https:\/\/api.w.org\/{rel}","templated":true}]}}