{"id":74863,"date":"2024-10-20T13:23:42","date_gmt":"2024-10-20T10:23:42","guid":{"rendered":"https:\/\/nbg.eu\/product\/grips-kmr-l-diamondcut-brass\/"},"modified":"2026-04-16T17:30:44","modified_gmt":"2026-04-16T14:30:44","slug":"markolat-kmr-l-gyemant-csiszolasu-sargarez","status":"publish","type":"product","link":"https:\/\/nbg.eu\/hu\/termek\/markolat-kmr-l-gyemant-csiszolasu-sargarez\/","title":{"rendered":"KMR Markolatok L Diamondcut S\u00e1rgar\u00e9z"},"content":{"rendered":"<dl class=\"data-sheet\">\n<dt class=\"name\">Fegyverekhez KMR<\/dt>\n<dd class=\"value\">KMR L-02 SPECTRA 2023-ig<br \/>\nKMR L-02 UMBRA 2023-ig<\/dd>\n<\/dl>\n","protected":false},"excerpt":{"rendered":"<p>0611-03702-0316<\/p>\n<p>Megjegyz\u00e9s: Ez a term\u00e9kle\u00edr\u00e1s csak egy term\u00e9kk\u00f3dot tartalmaz, ami \u00e1ltal\u00e1ban nem ford\u00edtand\u00f3. Ez\u00e9rt a magyar verzi\u00f3 ugyanaz, mint az eredeti.<\/p>\n","protected":false},"featured_media":73615,"template":"","meta":{"_acf_changed":false},"product_brand":[11502],"product_cat":[12917,14874],"product_tag":[],"class_list":{"0":"post-74863","1":"product","2":"type-product","3":"status-publish","4":"has-post-thumbnail","6":"product_brand-kmr-precision","7":"product_cat-kmr-alkatreszek","8":"product_cat-pistol-grips-hu","10":"first","11":"outofstock","12":"taxable","13":"shipping-taxable","14":"purchasable","15":"product-type-simple"},"acf":[],"_links":{"self":[{"href":"https:\/\/nbg.eu\/hu\/wp-json\/wp\/v2\/product\/74863","targetHints":{"allow":["GET"]}}],"collection":[{"href":"https:\/\/nbg.eu\/hu\/wp-json\/wp\/v2\/product"}],"about":[{"href":"https:\/\/nbg.eu\/hu\/wp-json\/wp\/v2\/types\/product"}],"wp:featuredmedia":[{"embeddable":true,"href":"https:\/\/nbg.eu\/hu\/wp-json\/wp\/v2\/media\/73615"}],"wp:attachment":[{"href":"https:\/\/nbg.eu\/hu\/wp-json\/wp\/v2\/media?parent=74863"}],"wp:term":[{"taxonomy":"product_brand","embeddable":true,"href":"https:\/\/nbg.eu\/hu\/wp-json\/wp\/v2\/product_brand?post=74863"},{"taxonomy":"product_cat","embeddable":true,"href":"https:\/\/nbg.eu\/hu\/wp-json\/wp\/v2\/product_cat?post=74863"},{"taxonomy":"product_tag","embeddable":true,"href":"https:\/\/nbg.eu\/hu\/wp-json\/wp\/v2\/product_tag?post=74863"}],"curies":[{"name":"wp","href":"https:\/\/api.w.org\/{rel}","templated":true}]}}