{"id":748696,"date":"2026-04-16T10:56:47","date_gmt":"2026-04-16T07:56:47","guid":{"rendered":"https:\/\/nbg.eu\/product\/kmr-visszahuzo-rugo-vezeto-rozsdamentes-acel\/"},"modified":"2026-04-16T17:28:12","modified_gmt":"2026-04-16T14:28:12","slug":"kmr-visszahuzo-rugo-vezeto-rozsdamentes-acel","status":"publish","type":"product","link":"https:\/\/nbg.eu\/hu\/termek\/kmr-visszahuzo-rugo-vezeto-rozsdamentes-acel\/","title":{"rendered":"KMR Visszah\u00faz\u00f3 Rug\u00f3 Vezet\u0151 Rozsdamentes Ac\u00e9l"},"content":{"rendered":"<h2>Visszah\u00faz\u00f3 Rug\u00f3 Vezet\u0151 KMR 5&#8243; Rozsdamentes Ac\u00e9l<\/h2>\n<p>Crafted from high-quality stainless steel, the Visszah\u00faz\u00f3 Rug\u00f3 Vezet\u0151 KMR 5&#8243; Rozsdamentes Ac\u00e9l provides enhanced durability and corrosion resistance. Its 5-inch length offers a perfect fit, providing the necessary stability and control during recoil.<\/p>\n<p>With its sleek and modern design, the Visszah\u00faz\u00f3 Rug\u00f3 Vezet\u0151 KMR 5&#8243; Rozsdamentes Ac\u00e9l not only improves the functionality of your weapon but also enhances its overall stability.<\/p>\n<p>For Weapons KMR<\/p>\n<p>KMR L-02 ORCA FROM 2024<\/p>\n<p>KMR L-02 ORCA UNTIL 2023<\/p>\n<p>KMR L-02 SPECTRA FROM 2024<\/p>\n<p>KMR L-02 SPECTRA UNTIL 2023<\/p>\n","protected":false},"excerpt":{"rendered":"<p>Visszah\u00faz\u00f3 Rug\u00f3 Vezet\u0151 KMR 5&#8243; Rozsdamentes Ac\u00e9l &#8211; KMR L-02 ORCA &amp; SPECTRA.<\/p>\n","protected":false},"featured_media":25662,"template":"","meta":{"_acf_changed":false},"product_brand":[11502],"product_cat":[12917,12935],"product_tag":[],"class_list":{"0":"post-748696","1":"product","2":"type-product","3":"status-publish","4":"has-post-thumbnail","6":"product_brand-kmr-precision","7":"product_cat-kmr-alkatreszek","8":"product_cat-rugok","10":"first","11":"instock","12":"taxable","13":"shipping-taxable","14":"product-type-variable","15":"wvs-archive-product-wrapper"},"acf":[],"_links":{"self":[{"href":"https:\/\/nbg.eu\/hu\/wp-json\/wp\/v2\/product\/748696","targetHints":{"allow":["GET"]}}],"collection":[{"href":"https:\/\/nbg.eu\/hu\/wp-json\/wp\/v2\/product"}],"about":[{"href":"https:\/\/nbg.eu\/hu\/wp-json\/wp\/v2\/types\/product"}],"wp:featuredmedia":[{"embeddable":true,"href":"https:\/\/nbg.eu\/hu\/wp-json\/wp\/v2\/media\/25662"}],"wp:attachment":[{"href":"https:\/\/nbg.eu\/hu\/wp-json\/wp\/v2\/media?parent=748696"}],"wp:term":[{"taxonomy":"product_brand","embeddable":true,"href":"https:\/\/nbg.eu\/hu\/wp-json\/wp\/v2\/product_brand?post=748696"},{"taxonomy":"product_cat","embeddable":true,"href":"https:\/\/nbg.eu\/hu\/wp-json\/wp\/v2\/product_cat?post=748696"},{"taxonomy":"product_tag","embeddable":true,"href":"https:\/\/nbg.eu\/hu\/wp-json\/wp\/v2\/product_tag?post=748696"}],"curies":[{"name":"wp","href":"https:\/\/api.w.org\/{rel}","templated":true}]}}