{"id":749281,"date":"2026-04-24T11:17:23","date_gmt":"2026-04-24T08:17:23","guid":{"rendered":"https:\/\/nbg.eu\/product\/eberlestock-wrs-retention-strap\/"},"modified":"2026-04-24T11:58:38","modified_gmt":"2026-04-24T08:58:38","slug":"eberlestock-wrs-retention-strap","status":"publish","type":"product","link":"https:\/\/nbg.eu\/hu\/termek\/eberlestock-wrs-retention-strap\/","title":{"rendered":"Eberlestock WRS-Retention Strap"},"content":{"rendered":"<h2>Eberlestock WRS-Retention Strap<\/h2>\n<p>Az Eberlestock WRS Retention Strap egy egyszer\u0171, m\u00e9gis rendk\u00edv\u00fcl hat\u00e9kony kieg\u00e9sz\u00edt\u0151, amelyet a hordoz\u00f3rendszer feletti kontroll \u00e9s az alkalmazkod\u00f3k\u00e9pess\u00e9g fokoz\u00e1s\u00e1ra terveztek. T\u00f6bb sz\u00ednv\u00e1ltozatban kaphat\u00f3, amelyek illeszkednek megl\u00e9v\u0151 Eberlestock felszerel\u00e9s\u00e9hez, ez a k\u00f6nny\u0171 heveder nagyobb rugalmass\u00e1got biztos\u00edt a felhaszn\u00e1l\u00f3knak fegyverek, felszerel\u00e9sek \u00e9s kieg\u00e9sz\u00edt\u0151k r\u00f6gz\u00edt\u00e9s\u00e9hez MOLLE-kompatibilis platformokon.<\/p>\n<h3>F\u0151bb jellemz\u0151k<\/h3>\n<ul>\n<li>Univerz\u00e1lis MOLLE-kompatibilis r\u00f6gz\u00edt\u00e9s Eberlestock h\u00e1tizs\u00e1kokhoz \u00e9s kieg\u00e9sz\u00edt\u0151kh\u00f6z<\/li>\n<li>Fegyvermeg\u0151rz\u00e9sre \u00e9s \u00e1ltal\u00e1nos felszerel\u00e9sr\u00f6gz\u00edt\u00e9sre tervezve<\/li>\n<li>Alacsony profil\u00fa kialak\u00edt\u00e1s, amely z\u00f6kken\u0151mentesen illeszkedik a megl\u00e9v\u0151 \u00f6ssze\u00e1ll\u00edt\u00e1sokhoz<\/li>\n<li>Gyors\u00e1ll\u00edt\u00f3 funkci\u00f3 a gyors bevet\u00e9shez \u00e9s elpakol\u00e1shoz<\/li>\n<li>T\u00f6bb sz\u00ednben kaphat\u00f3: Dry Earth, Military Green, Coyote Brown \u00e9s Multicam<\/li>\n<li>Eberlestock \u00e9lethosszig tart\u00f3 garancia<\/li>\n<\/ul>\n<h3>Specifik\u00e1ci\u00f3k<\/h3>\n<table>\n<tr>\n<td><strong>Cikksz\u00e1mok<\/strong><\/td>\n<td>WRSME (Dry Earth), WRSMJ (Military Green), WRSMC (Coyote Brown), WRSMM (Multicam)<\/td>\n<\/tr>\n<tr>\n<td><strong>S\u00faly<\/strong><\/td>\n<td>4 oz<\/td>\n<\/tr>\n<tr>\n<td><strong>Kompatibilit\u00e1s<\/strong><\/td>\n<td>MOLLE \/ PALS<\/td>\n<\/tr>\n<tr>\n<td><strong>Gy\u00e1rt\u00f3<\/strong><\/td>\n<td>Eberlestock (Veter\u00e1n tulajdon\u00fa v\u00e1llalat)<\/td>\n<\/tr>\n<\/table>\n","protected":false},"excerpt":{"rendered":"<p>Az Eberlestock WRS Retention Strap egy egyszer\u0171, m\u00e9gis rendk\u00edv\u00fcl hat\u00e9kony kieg\u00e9sz\u00edt\u0151, amelyet a hordoz\u00f3rendszer feletti kontroll \u00e9s az alkalmazkod\u00f3k\u00e9pess\u00e9g fokoz\u00e1s\u00e1ra terveztek. T\u00f6bb sz\u00ednv\u00e1ltozatban kaphat\u00f3, amelyek illeszkednek megl\u00e9v\u0151 Eberlestock felszerel\u00e9s\u00e9hez, ez a k\u00f6nny\u0171 heveder nagyobb rugalmass\u00e1got biztos\u00edt a felhaszn\u00e1l\u00f3knak fegyverek, felszerel\u00e9sek \u00e9s kieg\u00e9sz\u00edt\u0151k r\u00f6gz\u00edt\u00e9s\u00e9hez MOLLE-kompatibilis platformokon.<\/p>\n","protected":false},"featured_media":749282,"template":"","meta":{"_acf_changed":false},"product_brand":[15149],"product_cat":[12975],"product_tag":[],"class_list":{"0":"post-749281","1":"product","2":"type-product","3":"status-publish","4":"has-post-thumbnail","6":"product_brand-eberlestock","7":"product_cat-felszereles","9":"first","10":"outofstock","11":"taxable","12":"shipping-taxable","13":"purchasable","14":"product-type-variable","15":"wvs-archive-product-wrapper"},"acf":[],"_links":{"self":[{"href":"https:\/\/nbg.eu\/hu\/wp-json\/wp\/v2\/product\/749281","targetHints":{"allow":["GET"]}}],"collection":[{"href":"https:\/\/nbg.eu\/hu\/wp-json\/wp\/v2\/product"}],"about":[{"href":"https:\/\/nbg.eu\/hu\/wp-json\/wp\/v2\/types\/product"}],"wp:featuredmedia":[{"embeddable":true,"href":"https:\/\/nbg.eu\/hu\/wp-json\/wp\/v2\/media\/749282"}],"wp:attachment":[{"href":"https:\/\/nbg.eu\/hu\/wp-json\/wp\/v2\/media?parent=749281"}],"wp:term":[{"taxonomy":"product_brand","embeddable":true,"href":"https:\/\/nbg.eu\/hu\/wp-json\/wp\/v2\/product_brand?post=749281"},{"taxonomy":"product_cat","embeddable":true,"href":"https:\/\/nbg.eu\/hu\/wp-json\/wp\/v2\/product_cat?post=749281"},{"taxonomy":"product_tag","embeddable":true,"href":"https:\/\/nbg.eu\/hu\/wp-json\/wp\/v2\/product_tag?post=749281"}],"curies":[{"name":"wp","href":"https:\/\/api.w.org\/{rel}","templated":true}]}}