{"id":749482,"date":"2026-04-24T11:17:29","date_gmt":"2026-04-24T08:17:29","guid":{"rendered":"https:\/\/nbg.eu\/product\/eberlestock-freefall-2000-hatizsak\/"},"modified":"2026-04-24T11:59:38","modified_gmt":"2026-04-24T08:59:38","slug":"eberlestock-freefall-2000-hatizsak","status":"publish","type":"product","link":"https:\/\/nbg.eu\/hu\/termek\/eberlestock-freefall-2000-hatizsak\/","title":{"rendered":"Eberlestock FreeFall 2000 H\u00e1tizs\u00e1k"},"content":{"rendered":"<h2>Eberlestock FreeFall 2000 H\u00e1tizs\u00e1k<\/h2>\n<p>Az Eberlestock FreeFall 2000 egy sokoldal\u00fa, alacsony profil\u00fa platform, amely alkalmas t\u00f6bbnapos kir\u00e1ndul\u00e1sokra minim\u00e1lis felszerel\u00e9ssel vagy napi t\u00far\u00e1kra teljes felszerel\u00e9ssel. T\u00e1gas fels\u0151 fed\u00e9llel, h\u00e9t bels\u0151 zsebbel, v\u00edzh\u00f3lyag tart\u00f3val, kompresszi\u00f3s hevederekkel \u00e9s cs\u00edp\u0151\u00f6v zsebekkel ez a h\u00e1tizs\u00e1k komoly szabadt\u00e9ri rajong\u00f3knak \u00e9s taktikai oper\u00e1toroknak k\u00e9sz\u00fclt.<\/p>\n<h3>F\u0151bb jellemz\u0151k<\/h3>\n<ul>\n<li>2000 c.i. \/ 32.8L capacity<\/li>\n<li>Spacious top lid<\/li>\n<li>Seven interior pockets<\/li>\n<li>Water bladder sleeve<\/li>\n<li>Compression straps<\/li>\n<li>Hip-belt pockets<\/li>\n<li>Aluminum frame<\/li>\n<li>Eberlestock Lifetime Warranty<\/li>\n<\/ul>\n<h3>Specifik\u00e1ci\u00f3k<\/h3>\n<table>\n<tr>\n<td><strong>T\u00e9rfogat<\/strong><\/td>\n<td>2000 c.i. \/ 32.8L<\/td>\n<\/tr>\n<tr>\n<td><strong>S\u00faly<\/strong><\/td>\n<td>4 lbs 9 oz<\/td>\n<\/tr>\n<tr>\n<td><strong>V\u00e1z<\/strong><\/td>\n<td>Aluminum<\/td>\n<\/tr>\n<tr>\n<td><strong>Cikksz\u00e1mok<\/strong><\/td>\n<td>V7MC, V7GY, V7MB, V7ME, V7MJ, V7MM<\/td>\n<\/tr>\n<tr>\n<td><strong>Gy\u00e1rt\u00f3<\/strong><\/td>\n<td>Eberlestock (Veter\u00e1n tulajdon\u00fa v\u00e1llalat)<\/td>\n<\/tr>\n<\/table>\n","protected":false},"excerpt":{"rendered":"<p>Az Eberlestock FreeFall 2000 egy sokoldal\u00fa, alacsony profil\u00fa platform, amely alkalmas t\u00f6bbnapos kir\u00e1ndul\u00e1sokra minim\u00e1lis felszerel\u00e9ssel vagy napi t\u00far\u00e1kra teljes felszerel\u00e9ssel. T\u00e1gas fels\u0151 fed\u00e9llel, h\u00e9t bels\u0151 zsebbel, v\u00edzh\u00f3lyag tart\u00f3val, kompresszi\u00f3s hevederekkel \u00e9s cs\u00edp\u0151\u00f6v zsebekkel ez a h\u00e1tizs\u00e1k komoly szabadt\u00e9ri rajong\u00f3knak \u00e9s taktikai oper\u00e1toroknak k\u00e9sz\u00fclt.<\/p>\n","protected":false},"featured_media":749483,"template":"","meta":{"_acf_changed":false},"product_brand":[15149],"product_cat":[12911],"product_tag":[],"class_list":{"0":"post-749482","1":"product","2":"type-product","3":"status-publish","4":"has-post-thumbnail","6":"product_brand-eberlestock","7":"product_cat-hatizsakok","9":"first","10":"outofstock","11":"taxable","12":"shipping-taxable","13":"purchasable","14":"product-type-variable","15":"wvs-archive-product-wrapper"},"acf":[],"_links":{"self":[{"href":"https:\/\/nbg.eu\/hu\/wp-json\/wp\/v2\/product\/749482","targetHints":{"allow":["GET"]}}],"collection":[{"href":"https:\/\/nbg.eu\/hu\/wp-json\/wp\/v2\/product"}],"about":[{"href":"https:\/\/nbg.eu\/hu\/wp-json\/wp\/v2\/types\/product"}],"wp:featuredmedia":[{"embeddable":true,"href":"https:\/\/nbg.eu\/hu\/wp-json\/wp\/v2\/media\/749483"}],"wp:attachment":[{"href":"https:\/\/nbg.eu\/hu\/wp-json\/wp\/v2\/media?parent=749482"}],"wp:term":[{"taxonomy":"product_brand","embeddable":true,"href":"https:\/\/nbg.eu\/hu\/wp-json\/wp\/v2\/product_brand?post=749482"},{"taxonomy":"product_cat","embeddable":true,"href":"https:\/\/nbg.eu\/hu\/wp-json\/wp\/v2\/product_cat?post=749482"},{"taxonomy":"product_tag","embeddable":true,"href":"https:\/\/nbg.eu\/hu\/wp-json\/wp\/v2\/product_tag?post=749482"}],"curies":[{"name":"wp","href":"https:\/\/api.w.org\/{rel}","templated":true}]}}