{"id":749735,"date":"2026-04-24T11:17:35","date_gmt":"2026-04-24T08:17:35","guid":{"rendered":"https:\/\/nbg.eu\/product\/eberlestock-freefall-3000-hatizsak\/"},"modified":"2026-04-24T12:00:37","modified_gmt":"2026-04-24T09:00:37","slug":"eberlestock-freefall-3000-hatizsak","status":"publish","type":"product","link":"https:\/\/nbg.eu\/hu\/termek\/eberlestock-freefall-3000-hatizsak\/","title":{"rendered":"Eberlestock FreeFall 3000 H\u00e1tizs\u00e1k"},"content":{"rendered":"<h2>Eberlestock FreeFall 3000 H\u00e1tizs\u00e1k<\/h2>\n<p>Az Eberlestock FreeFall 3000 a FreeFall sorozat nagyobb testv\u00e9re, 3000 k\u00f6bh\u00fcvelyk kapacit\u00e1st k\u00edn\u00e1lva kiterjesztett vadonbeli misszi\u00f3khoz \u00e9s t\u00f6bbnapos m\u0171veletekhez. Ugyanazzal a bev\u00e1lt kialak\u00edt\u00e1ssal, robusztus alum\u00ednium kerettel, h\u00e9t bels\u0151 zsebbel \u00e9s \u00e1tfog\u00f3 szervez\u00e9ssel ez a h\u00e1tizs\u00e1k k\u00f6nnyed\u00e9n kezeli a nehezebb terheket.<\/p>\n<h3>F\u0151bb jellemz\u0151k<\/h3>\n<ul>\n<li>3000 c.i. \/ 49.2L capacity<\/li>\n<li>Spacious top lid<\/li>\n<li>Seven interior pockets<\/li>\n<li>Water bladder sleeve<\/li>\n<li>Compression straps<\/li>\n<li>Hip-belt pockets<\/li>\n<li>Aluminum frame<\/li>\n<li>Eberlestock Lifetime Warranty<\/li>\n<\/ul>\n<h3>Specifik\u00e1ci\u00f3k<\/h3>\n<table>\n<tr>\n<td><strong>T\u00e9rfogat<\/strong><\/td>\n<td>3000 c.i. \/ 49.2L<\/td>\n<\/tr>\n<tr>\n<td><strong>S\u00faly<\/strong><\/td>\n<td>5 lbs 1 oz<\/td>\n<\/tr>\n<tr>\n<td><strong>V\u00e1z<\/strong><\/td>\n<td>Aluminum<\/td>\n<\/tr>\n<tr>\n<td><strong>Cikksz\u00e1mok<\/strong><\/td>\n<td>V8MC, V8GY, V8MB, V8ME, V8MJ, V8MM<\/td>\n<\/tr>\n<tr>\n<td><strong>Gy\u00e1rt\u00f3<\/strong><\/td>\n<td>Eberlestock (Veter\u00e1n tulajdon\u00fa v\u00e1llalat)<\/td>\n<\/tr>\n<\/table>\n","protected":false},"excerpt":{"rendered":"<p>Az Eberlestock FreeFall 3000 a FreeFall sorozat nagyobb testv\u00e9re, 3000 k\u00f6bh\u00fcvelyk kapacit\u00e1st k\u00edn\u00e1lva kiterjesztett vadonbeli misszi\u00f3khoz \u00e9s t\u00f6bbnapos m\u0171veletekhez. Ugyanazzal a bev\u00e1lt kialak\u00edt\u00e1ssal, robusztus alum\u00ednium kerettel, h\u00e9t bels\u0151 zsebbel \u00e9s \u00e1tfog\u00f3 szervez\u00e9ssel ez a h\u00e1tizs\u00e1k k\u00f6nnyed\u00e9n kezeli a nehezebb terheket.<\/p>\n","protected":false},"featured_media":749736,"template":"","meta":{"_acf_changed":false},"product_brand":[15149],"product_cat":[12911],"product_tag":[],"class_list":{"0":"post-749735","1":"product","2":"type-product","3":"status-publish","4":"has-post-thumbnail","6":"product_brand-eberlestock","7":"product_cat-hatizsakok","9":"first","10":"outofstock","11":"taxable","12":"shipping-taxable","13":"purchasable","14":"product-type-variable","15":"wvs-archive-product-wrapper"},"acf":[],"_links":{"self":[{"href":"https:\/\/nbg.eu\/hu\/wp-json\/wp\/v2\/product\/749735","targetHints":{"allow":["GET"]}}],"collection":[{"href":"https:\/\/nbg.eu\/hu\/wp-json\/wp\/v2\/product"}],"about":[{"href":"https:\/\/nbg.eu\/hu\/wp-json\/wp\/v2\/types\/product"}],"wp:featuredmedia":[{"embeddable":true,"href":"https:\/\/nbg.eu\/hu\/wp-json\/wp\/v2\/media\/749736"}],"wp:attachment":[{"href":"https:\/\/nbg.eu\/hu\/wp-json\/wp\/v2\/media?parent=749735"}],"wp:term":[{"taxonomy":"product_brand","embeddable":true,"href":"https:\/\/nbg.eu\/hu\/wp-json\/wp\/v2\/product_brand?post=749735"},{"taxonomy":"product_cat","embeddable":true,"href":"https:\/\/nbg.eu\/hu\/wp-json\/wp\/v2\/product_cat?post=749735"},{"taxonomy":"product_tag","embeddable":true,"href":"https:\/\/nbg.eu\/hu\/wp-json\/wp\/v2\/product_tag?post=749735"}],"curies":[{"name":"wp","href":"https:\/\/api.w.org\/{rel}","templated":true}]}}