{"id":750175,"date":"2026-04-24T11:17:44","date_gmt":"2026-04-24T08:17:44","guid":{"rendered":"https:\/\/nbg.eu\/product\/eberlestock-spectre-hatizsak-multicam\/"},"modified":"2026-04-24T12:02:29","modified_gmt":"2026-04-24T09:02:29","slug":"eberlestock-spectre-hatizsak-multicam","status":"publish","type":"product","link":"https:\/\/nbg.eu\/hu\/termek\/eberlestock-spectre-hatizsak-multicam\/","title":{"rendered":"Eberlestock Spectre H\u00e1tizs\u00e1k &#8211; Multicam"},"content":{"rendered":"<h2>Eberlestock Spectre H\u00e1tizs\u00e1k<\/h2>\n<p>Az Eberlestock Spectre az Eberlestock k\u00edn\u00e1lat\u00e1nak leginnovat\u00edvabb \u00e9s legsokoldal\u00fabb mesterl\u00f6v\u00e9sz h\u00e1tizs\u00e1kja, amely \u00fajradefini\u00e1lja a prec\u00edzi\u00f3s felszerel\u00e9s k\u00e9pess\u00e9geit. 3100 k\u00f6bh\u00fcvelyk kapacit\u00e1ssal, be\u00e9p\u00edtett fegyvertokkal \u00e9s \u00e1tfog\u00f3 szervez\u00e9si funkci\u00f3kkal a Spectre azoknak az oper\u00e1toroknak k\u00e9sz\u00fclt, akik a legmagasabb teljes\u00edtm\u00e9nyt k\u00f6vetelik felszerel\u00e9s\u00fckt\u0151l.<\/p>\n<h3>F\u0151bb jellemz\u0151k<\/h3>\n<ul>\n<li>3,100 c.i. \/ 50.8L capacity<\/li>\n<li>Integrated rifle scabbard (34&#8243;)<\/li>\n<li>Full MOLLE\/PALS webbing<\/li>\n<li>Adjustable torso length<\/li>\n<li>Hydration compatible<\/li>\n<li>Eberlestock Lifetime Warranty<\/li>\n<\/ul>\n<h3>Specifik\u00e1ci\u00f3k<\/h3>\n<table>\n<tr>\n<td><strong>Kapacit\u00e1s<\/strong><\/td>\n<td>3,100 c.i. \/ 50.8L<\/td>\n<\/tr>\n<tr>\n<td><strong>S\u00faly<\/strong><\/td>\n<td>6 lbs 6 oz<\/td>\n<\/tr>\n<tr>\n<td><strong>M\u00e9retek<\/strong><\/td>\n<td>23&#8243; x 12&#8243; (Scabbard: 34&#8243;)<\/td>\n<\/tr>\n<tr>\n<td><strong>Cikksz\u00e1mok<\/strong><\/td>\n<td>W2MM, W2ME, W2MC, W2MJ<\/td>\n<\/tr>\n<tr>\n<td><strong>Gy\u00e1rt\u00f3<\/strong><\/td>\n<td>Eberlestock (Veter\u00e1n tulajdon\u00fa v\u00e1llalat)<\/td>\n<\/tr>\n<\/table>\n","protected":false},"excerpt":{"rendered":"<p>Az Eberlestock Spectre az Eberlestock k\u00edn\u00e1lat\u00e1nak leginnovat\u00edvabb \u00e9s legsokoldal\u00fabb mesterl\u00f6v\u00e9sz h\u00e1tizs\u00e1kja, amely \u00fajradefini\u00e1lja a prec\u00edzi\u00f3s felszerel\u00e9s k\u00e9pess\u00e9geit. 3100 k\u00f6bh\u00fcvelyk kapacit\u00e1ssal, be\u00e9p\u00edtett fegyvertokkal \u00e9s \u00e1tfog\u00f3 szervez\u00e9si funkci\u00f3kkal a Spectre azoknak az oper\u00e1toroknak k\u00e9sz\u00fclt, akik a legmagasabb teljes\u00edtm\u00e9nyt k\u00f6vetelik felszerel\u00e9s\u00fckt\u0151l.<\/p>\n","protected":false},"featured_media":750176,"template":"","meta":{"_acf_changed":false},"product_brand":[15149],"product_cat":[12911],"product_tag":[],"class_list":{"0":"post-750175","1":"product","2":"type-product","3":"status-publish","4":"has-post-thumbnail","6":"product_brand-eberlestock","7":"product_cat-hatizsakok","9":"first","10":"outofstock","11":"taxable","12":"shipping-taxable","13":"purchasable","14":"product-type-simple"},"acf":[],"_links":{"self":[{"href":"https:\/\/nbg.eu\/hu\/wp-json\/wp\/v2\/product\/750175","targetHints":{"allow":["GET"]}}],"collection":[{"href":"https:\/\/nbg.eu\/hu\/wp-json\/wp\/v2\/product"}],"about":[{"href":"https:\/\/nbg.eu\/hu\/wp-json\/wp\/v2\/types\/product"}],"wp:featuredmedia":[{"embeddable":true,"href":"https:\/\/nbg.eu\/hu\/wp-json\/wp\/v2\/media\/750176"}],"wp:attachment":[{"href":"https:\/\/nbg.eu\/hu\/wp-json\/wp\/v2\/media?parent=750175"}],"wp:term":[{"taxonomy":"product_brand","embeddable":true,"href":"https:\/\/nbg.eu\/hu\/wp-json\/wp\/v2\/product_brand?post=750175"},{"taxonomy":"product_cat","embeddable":true,"href":"https:\/\/nbg.eu\/hu\/wp-json\/wp\/v2\/product_cat?post=750175"},{"taxonomy":"product_tag","embeddable":true,"href":"https:\/\/nbg.eu\/hu\/wp-json\/wp\/v2\/product_tag?post=750175"}],"curies":[{"name":"wp","href":"https:\/\/api.w.org\/{rel}","templated":true}]}}