{"id":750382,"date":"2026-04-24T11:17:46","date_gmt":"2026-04-24T08:17:46","guid":{"rendered":"https:\/\/nbg.eu\/product\/eberlestock-mission-medic-multicam\/"},"modified":"2026-04-24T12:03:24","modified_gmt":"2026-04-24T09:03:24","slug":"eberlestock-mission-medic-multicam","status":"publish","type":"product","link":"https:\/\/nbg.eu\/hu\/termek\/eberlestock-mission-medic-multicam\/","title":{"rendered":"Eberlestock Mission Medic &#8211; Multicam"},"content":{"rendered":"<h2>Eberlestock Mission Medic<\/h2>\n<p>Az Eberlestock Mission Medic Pack az hat\u00e9konys\u00e1got helyezi el\u0151t\u00e9rbe, \u00e9s minden rendelkez\u00e9sre \u00e1ll\u00f3 helyet \u00e9letment\u0151 szervez\u00e9sre haszn\u00e1l. H\u00e9t let\u00e9phet\u0151 tasakkal \u00e9s k\u00e9t let\u00e9phet\u0151 kieg\u00e9sz\u00edt\u0151 panellel a f\u0151 rekeszben ez az orvosi h\u00e1tizs\u00e1k lehet\u0151v\u00e9 teszi az oper\u00e1torok sz\u00e1m\u00e1ra, hogy el\u0151re \u00f6ssze\u00e1ll\u00edts\u00e1k a traumacsomagokat a t\u00f6meges s\u00e9r\u00fcl\u00e9si esem\u00e9nyek gyors bevet\u00e9s\u00e9hez.<\/p>\n<h3>F\u0151bb jellemz\u0151k<\/h3>\n<ul>\n<li>1,717 c.i. medical capacity<\/li>\n<li>Seven tear-away pouches<\/li>\n<li>Two tear-away accessory panels<\/li>\n<li>Mission System integration<\/li>\n<li>MOLLE exterior<\/li>\n<li>Eberlestock Lifetime Warranty<\/li>\n<\/ul>\n<h3>Specifik\u00e1ci\u00f3k<\/h3>\n<table>\n<tr>\n<td><strong>T\u00e9rfogat<\/strong><\/td>\n<td>1,717 c.i.<\/td>\n<\/tr>\n<tr>\n<td><strong>S\u00faly<\/strong><\/td>\n<td>3 lbs 10 oz<\/td>\n<\/tr>\n<tr>\n<td><strong>M\u00e9retek<\/strong><\/td>\n<td>20&#8243;H x 12&#8243;W x 5.5&#8243;D<\/td>\n<\/tr>\n<tr>\n<td><strong>Cikksz\u00e1mok<\/strong><\/td>\n<td>MM1MM, MM1MC, MM1MJ<\/td>\n<\/tr>\n<tr>\n<td><strong>Gy\u00e1rt\u00f3<\/strong><\/td>\n<td>Eberlestock (Veter\u00e1n tulajdon\u00fa v\u00e1llalat)<\/td>\n<\/tr>\n<\/table>\n","protected":false},"excerpt":{"rendered":"<p>Az Eberlestock Mission Medic Pack az hat\u00e9konys\u00e1got helyezi el\u0151t\u00e9rbe, \u00e9s minden rendelkez\u00e9sre \u00e1ll\u00f3 helyet \u00e9letment\u0151 szervez\u00e9sre haszn\u00e1l. H\u00e9t let\u00e9phet\u0151 tasakkal \u00e9s k\u00e9t let\u00e9phet\u0151 kieg\u00e9sz\u00edt\u0151 panellel a f\u0151 rekeszben ez az orvosi h\u00e1tizs\u00e1k lehet\u0151v\u00e9 teszi az oper\u00e1torok sz\u00e1m\u00e1ra, hogy el\u0151re \u00f6ssze\u00e1ll\u00edts\u00e1k a traumacsomagokat a t\u00f6meges s\u00e9r\u00fcl\u00e9si esem\u00e9nyek gyors bevet\u00e9s\u00e9hez.<\/p>\n","protected":false},"featured_media":750383,"template":"","meta":{"_acf_changed":false},"product_brand":[15149],"product_cat":[12911],"product_tag":[],"class_list":{"0":"post-750382","1":"product","2":"type-product","3":"status-publish","4":"has-post-thumbnail","6":"product_brand-eberlestock","7":"product_cat-hatizsakok","9":"first","10":"outofstock","11":"taxable","12":"shipping-taxable","13":"purchasable","14":"product-type-simple"},"acf":[],"_links":{"self":[{"href":"https:\/\/nbg.eu\/hu\/wp-json\/wp\/v2\/product\/750382","targetHints":{"allow":["GET"]}}],"collection":[{"href":"https:\/\/nbg.eu\/hu\/wp-json\/wp\/v2\/product"}],"about":[{"href":"https:\/\/nbg.eu\/hu\/wp-json\/wp\/v2\/types\/product"}],"wp:featuredmedia":[{"embeddable":true,"href":"https:\/\/nbg.eu\/hu\/wp-json\/wp\/v2\/media\/750383"}],"wp:attachment":[{"href":"https:\/\/nbg.eu\/hu\/wp-json\/wp\/v2\/media?parent=750382"}],"wp:term":[{"taxonomy":"product_brand","embeddable":true,"href":"https:\/\/nbg.eu\/hu\/wp-json\/wp\/v2\/product_brand?post=750382"},{"taxonomy":"product_cat","embeddable":true,"href":"https:\/\/nbg.eu\/hu\/wp-json\/wp\/v2\/product_cat?post=750382"},{"taxonomy":"product_tag","embeddable":true,"href":"https:\/\/nbg.eu\/hu\/wp-json\/wp\/v2\/product_tag?post=750382"}],"curies":[{"name":"wp","href":"https:\/\/api.w.org\/{rel}","templated":true}]}}