{"id":750796,"date":"2026-04-24T11:17:50","date_gmt":"2026-04-24T08:17:50","guid":{"rendered":"https:\/\/nbg.eu\/product\/eberlestock-brooks-7000-dry-earth\/"},"modified":"2026-04-24T12:05:13","modified_gmt":"2026-04-24T09:05:13","slug":"eberlestock-brooks-7000-dry-earth","status":"publish","type":"product","link":"https:\/\/nbg.eu\/hu\/termek\/eberlestock-brooks-7000-dry-earth\/","title":{"rendered":"Eberlestock Brooks 7000 &#8211; Dry Earth"},"content":{"rendered":"<h2>Eberlestock Brooks 7000<\/h2>\n<p>Amikor a vad\u00e1szat napokra vagy hetekre m\u00e9lyen a vadonba viszi, az Eberlestock Brooks 7000 az a t\u00e1ska, amelyet a v\u00e1z\u00e1ra k\u00edv\u00e1n. Ez az exped\u00edci\u00f3s oszt\u00e1ly\u00fa h\u00e1tizs\u00e1k hatalmas 7000 k\u00f6bh\u00fcvelyk (114L) kapacit\u00e1st, kiv\u00e9teles tart\u00f3ss\u00e1got \u00e9s a t\u00e1voli, \u00f6nell\u00e1t\u00f3 vad\u00e1szatokhoz sz\u00fcks\u00e9ges szervez\u00e9si funkci\u00f3kat biztos\u00edtja.<\/p>\n<h3>F\u0151bb jellemz\u0151k<\/h3>\n<ul>\n<li>7000 c.i. \/ 114L capacity<\/li>\n<li>Modframe compatible<\/li>\n<li>Extended backcountry hunts<\/li>\n<li>Ultralight at 2 lbs 14 oz<\/li>\n<li>Eberlestock Lifetime Warranty<\/li>\n<\/ul>\n<h3>Specifik\u00e1ci\u00f3k<\/h3>\n<table>\n<tr>\n<td><strong>T\u00e9rfogat<\/strong><\/td>\n<td>7000 c.i. \/ 114L<\/td>\n<\/tr>\n<tr>\n<td><strong>S\u00faly<\/strong><\/td>\n<td>2 lbs 14 oz<\/td>\n<\/tr>\n<tr>\n<td><strong>M\u00e9retek<\/strong><\/td>\n<td>44&#8243;H x 12&#8243;W x 12&#8243;D<\/td>\n<\/tr>\n<tr>\n<td><strong>Cikksz\u00e1mok<\/strong><\/td>\n<td>BS70ME, BS70MJ, BS70AM, BS70AR, BS70AS<\/td>\n<\/tr>\n<tr>\n<td><strong>Gy\u00e1rt\u00f3<\/strong><\/td>\n<td>Eberlestock (Veter\u00e1n tulajdon\u00fa v\u00e1llalat)<\/td>\n<\/tr>\n<\/table>\n","protected":false},"excerpt":{"rendered":"<p>Amikor a vad\u00e1szat napokra vagy hetekre m\u00e9lyen a vadonba viszi, az Eberlestock Brooks 7000 az a t\u00e1ska, amelyet a v\u00e1z\u00e1ra k\u00edv\u00e1n. Ez az exped\u00edci\u00f3s oszt\u00e1ly\u00fa h\u00e1tizs\u00e1k hatalmas 7000 k\u00f6bh\u00fcvelyk (114L) kapacit\u00e1st, kiv\u00e9teles tart\u00f3ss\u00e1got \u00e9s a t\u00e1voli, \u00f6nell\u00e1t\u00f3 vad\u00e1szatokhoz sz\u00fcks\u00e9ges szervez\u00e9si funkci\u00f3kat biztos\u00edtja.<\/p>\n","protected":false},"featured_media":750797,"template":"","meta":{"_acf_changed":false},"product_brand":[15149],"product_cat":[12911],"product_tag":[],"class_list":{"0":"post-750796","1":"product","2":"type-product","3":"status-publish","4":"has-post-thumbnail","6":"product_brand-eberlestock","7":"product_cat-hatizsakok","9":"first","10":"outofstock","11":"taxable","12":"shipping-taxable","13":"purchasable","14":"product-type-simple"},"acf":[],"_links":{"self":[{"href":"https:\/\/nbg.eu\/hu\/wp-json\/wp\/v2\/product\/750796","targetHints":{"allow":["GET"]}}],"collection":[{"href":"https:\/\/nbg.eu\/hu\/wp-json\/wp\/v2\/product"}],"about":[{"href":"https:\/\/nbg.eu\/hu\/wp-json\/wp\/v2\/types\/product"}],"wp:featuredmedia":[{"embeddable":true,"href":"https:\/\/nbg.eu\/hu\/wp-json\/wp\/v2\/media\/750797"}],"wp:attachment":[{"href":"https:\/\/nbg.eu\/hu\/wp-json\/wp\/v2\/media?parent=750796"}],"wp:term":[{"taxonomy":"product_brand","embeddable":true,"href":"https:\/\/nbg.eu\/hu\/wp-json\/wp\/v2\/product_brand?post=750796"},{"taxonomy":"product_cat","embeddable":true,"href":"https:\/\/nbg.eu\/hu\/wp-json\/wp\/v2\/product_cat?post=750796"},{"taxonomy":"product_tag","embeddable":true,"href":"https:\/\/nbg.eu\/hu\/wp-json\/wp\/v2\/product_tag?post=750796"}],"curies":[{"name":"wp","href":"https:\/\/api.w.org\/{rel}","templated":true}]}}