{"id":751003,"date":"2026-04-24T11:17:52","date_gmt":"2026-04-24T08:17:52","guid":{"rendered":"https:\/\/nbg.eu\/product\/eberlestock-mission-lid-multicam\/"},"modified":"2026-04-24T12:06:07","modified_gmt":"2026-04-24T09:06:07","slug":"eberlestock-mission-lid-multicam","status":"publish","type":"product","link":"https:\/\/nbg.eu\/hu\/termek\/eberlestock-mission-lid-multicam\/","title":{"rendered":"Eberlestock Mission Lid &#8211; Multicam"},"content":{"rendered":"<h2>Eberlestock Mission Lid<\/h2>\n<p>Az Eberlestock Mission Lid egy egyszer\u0171 \u00e9s hat\u00e9kony t\u00e1rol\u00e1si kieg\u00e9sz\u00edt\u0151, amely k\u00e9zk\u00f6zelben tartja a l\u00e9tfontoss\u00e1g\u00fa t\u00e1rgyakat an\u00e9lk\u00fcl, hogy n\u00f6veln\u00e9 a t\u00e9rfogatot vagy a profilj\u00e1t. \u00d6n\u00e1ll\u00f3an vagy a Mission Load Panel-lel egy\u00fctt haszn\u00e1lhat\u00f3, a Mission Lid jelent\u0151sen megn\u00f6veli a Mission System teherb\u00edr\u00f3 k\u00e9pess\u00e9g\u00e9t.<\/p>\n<h3>F\u0151bb jellemz\u0151k<\/h3>\n<ul>\n<li>400 c.i. storage<\/li>\n<li>6 oz lightweight<\/li>\n<li>Mission System compatible<\/li>\n<li>Works with Mission Load Panel<\/li>\n<li>Quick-access design<\/li>\n<li>Eberlestock Lifetime Warranty<\/li>\n<\/ul>\n<h3>Specifik\u00e1ci\u00f3k<\/h3>\n<table>\n<tr>\n<td><strong>T\u00e9rfogat<\/strong><\/td>\n<td>400 c.i.<\/td>\n<\/tr>\n<tr>\n<td><strong>S\u00faly<\/strong><\/td>\n<td>6 oz<\/td>\n<\/tr>\n<tr>\n<td><strong>M\u00e9retek<\/strong><\/td>\n<td>10&#8243;L x 12&#8243;W x 4&#8243;D<\/td>\n<\/tr>\n<tr>\n<td><strong>Cikksz\u00e1mok<\/strong><\/td>\n<td>ML1MM, ML1MC, ML1MJ<\/td>\n<\/tr>\n<tr>\n<td><strong>Gy\u00e1rt\u00f3<\/strong><\/td>\n<td>Eberlestock (Veter\u00e1n tulajdon\u00fa v\u00e1llalat)<\/td>\n<\/tr>\n<\/table>\n","protected":false},"excerpt":{"rendered":"<p>Az Eberlestock Mission Lid egy egyszer\u0171 \u00e9s hat\u00e9kony t\u00e1rol\u00e1si kieg\u00e9sz\u00edt\u0151, amely k\u00e9zk\u00f6zelben tartja a l\u00e9tfontoss\u00e1g\u00fa t\u00e1rgyakat an\u00e9lk\u00fcl, hogy n\u00f6veln\u00e9 a t\u00e9rfogatot vagy a profilj\u00e1t. \u00d6n\u00e1ll\u00f3an vagy a Mission Load Panel-lel egy\u00fctt haszn\u00e1lhat\u00f3, a Mission Lid jelent\u0151sen megn\u00f6veli a Mission System teherb\u00edr\u00f3 k\u00e9pess\u00e9g\u00e9t.<\/p>\n","protected":false},"featured_media":751004,"template":"","meta":{"_acf_changed":false},"product_brand":[15149],"product_cat":[12911],"product_tag":[],"class_list":{"0":"post-751003","1":"product","2":"type-product","3":"status-publish","4":"has-post-thumbnail","6":"product_brand-eberlestock","7":"product_cat-hatizsakok","9":"first","10":"outofstock","11":"taxable","12":"shipping-taxable","13":"purchasable","14":"product-type-simple"},"acf":[],"_links":{"self":[{"href":"https:\/\/nbg.eu\/hu\/wp-json\/wp\/v2\/product\/751003","targetHints":{"allow":["GET"]}}],"collection":[{"href":"https:\/\/nbg.eu\/hu\/wp-json\/wp\/v2\/product"}],"about":[{"href":"https:\/\/nbg.eu\/hu\/wp-json\/wp\/v2\/types\/product"}],"wp:featuredmedia":[{"embeddable":true,"href":"https:\/\/nbg.eu\/hu\/wp-json\/wp\/v2\/media\/751004"}],"wp:attachment":[{"href":"https:\/\/nbg.eu\/hu\/wp-json\/wp\/v2\/media?parent=751003"}],"wp:term":[{"taxonomy":"product_brand","embeddable":true,"href":"https:\/\/nbg.eu\/hu\/wp-json\/wp\/v2\/product_brand?post=751003"},{"taxonomy":"product_cat","embeddable":true,"href":"https:\/\/nbg.eu\/hu\/wp-json\/wp\/v2\/product_cat?post=751003"},{"taxonomy":"product_tag","embeddable":true,"href":"https:\/\/nbg.eu\/hu\/wp-json\/wp\/v2\/product_tag?post=751003"}],"curies":[{"name":"wp","href":"https:\/\/api.w.org\/{rel}","templated":true}]}}