{"id":751200,"date":"2026-04-24T11:17:54","date_gmt":"2026-04-24T08:17:54","guid":{"rendered":"https:\/\/nbg.eu\/product\/eberlestock-mission-load-panel-multicam\/"},"modified":"2026-04-24T12:07:02","modified_gmt":"2026-04-24T09:07:02","slug":"eberlestock-mission-load-panel-multicam","status":"publish","type":"product","link":"https:\/\/nbg.eu\/hu\/termek\/eberlestock-mission-load-panel-multicam\/","title":{"rendered":"Eberlestock Mission Load Panel &#8211; Multicam"},"content":{"rendered":"<h2>Eberlestock Mission Load Panel<\/h2>\n<p>Az Eberlestock Mission Load Panel biztons\u00e1gos m\u00f3dszert biztos\u00edt terjedelmes vagy szab\u00e1lytalan t\u00e1rgyak, p\u00e9ld\u00e1ul sisakok, behatol\u00f3 eszk\u00f6z\u00f6k \u00e9s egy\u00e9b felszerel\u00e9sek sz\u00e1ll\u00edt\u00e1s\u00e1ra \u00e9s t\u00e1rol\u00e1s\u00e1ra. A Mission Frame-hez r\u00f6gz\u00edtve a Load Panel \u00f6n\u00e1ll\u00f3an vagy a Mission Lid-del kombin\u00e1lva haszn\u00e1lhat\u00f3 maxim\u00e1lis teherb\u00edr\u00e1s \u00e9rdek\u00e9ben.<\/p>\n<h3>F\u0151bb jellemz\u0151k<\/h3>\n<ul>\n<li>Helmet and equipment carrier<\/li>\n<li>3 oz ultra-lightweight<\/li>\n<li>Mission Frame attachment<\/li>\n<li>Works with Mission Lid<\/li>\n<li>MOLLE-compatible<\/li>\n<li>Eberlestock Lifetime Warranty<\/li>\n<\/ul>\n<h3>Specifik\u00e1ci\u00f3k<\/h3>\n<table>\n<tr>\n<td><strong>S\u00faly<\/strong><\/td>\n<td>3 oz<\/td>\n<\/tr>\n<tr>\n<td><strong>M\u00e9retek<\/strong><\/td>\n<td>13.5&#8243;L x 11.5&#8243;W<\/td>\n<\/tr>\n<tr>\n<td><strong>Cikksz\u00e1mok<\/strong><\/td>\n<td>MP1MM, MP1MC, MP1MJ<\/td>\n<\/tr>\n<tr>\n<td><strong>Gy\u00e1rt\u00f3<\/strong><\/td>\n<td>Eberlestock (Veter\u00e1n tulajdon\u00fa v\u00e1llalat)<\/td>\n<\/tr>\n<\/table>\n","protected":false},"excerpt":{"rendered":"<p>Az Eberlestock Mission Load Panel biztons\u00e1gos m\u00f3dszert biztos\u00edt terjedelmes vagy szab\u00e1lytalan t\u00e1rgyak, p\u00e9ld\u00e1ul sisakok, behatol\u00f3 eszk\u00f6z\u00f6k \u00e9s egy\u00e9b felszerel\u00e9sek sz\u00e1ll\u00edt\u00e1s\u00e1ra \u00e9s t\u00e1rol\u00e1s\u00e1ra. A Mission Frame-hez r\u00f6gz\u00edtve a Load Panel \u00f6n\u00e1ll\u00f3an vagy a Mission Lid-del kombin\u00e1lva haszn\u00e1lhat\u00f3 maxim\u00e1lis teherb\u00edr\u00e1s \u00e9rdek\u00e9ben.<\/p>\n","protected":false},"featured_media":751201,"template":"","meta":{"_acf_changed":false},"product_brand":[15149],"product_cat":[12911],"product_tag":[],"class_list":{"0":"post-751200","1":"product","2":"type-product","3":"status-publish","4":"has-post-thumbnail","6":"product_brand-eberlestock","7":"product_cat-hatizsakok","9":"first","10":"outofstock","11":"taxable","12":"shipping-taxable","13":"purchasable","14":"product-type-simple"},"acf":[],"_links":{"self":[{"href":"https:\/\/nbg.eu\/hu\/wp-json\/wp\/v2\/product\/751200","targetHints":{"allow":["GET"]}}],"collection":[{"href":"https:\/\/nbg.eu\/hu\/wp-json\/wp\/v2\/product"}],"about":[{"href":"https:\/\/nbg.eu\/hu\/wp-json\/wp\/v2\/types\/product"}],"wp:featuredmedia":[{"embeddable":true,"href":"https:\/\/nbg.eu\/hu\/wp-json\/wp\/v2\/media\/751201"}],"wp:attachment":[{"href":"https:\/\/nbg.eu\/hu\/wp-json\/wp\/v2\/media?parent=751200"}],"wp:term":[{"taxonomy":"product_brand","embeddable":true,"href":"https:\/\/nbg.eu\/hu\/wp-json\/wp\/v2\/product_brand?post=751200"},{"taxonomy":"product_cat","embeddable":true,"href":"https:\/\/nbg.eu\/hu\/wp-json\/wp\/v2\/product_cat?post=751200"},{"taxonomy":"product_tag","embeddable":true,"href":"https:\/\/nbg.eu\/hu\/wp-json\/wp\/v2\/product_tag?post=751200"}],"curies":[{"name":"wp","href":"https:\/\/api.w.org\/{rel}","templated":true}]}}