{"id":751374,"date":"2026-04-24T11:17:56","date_gmt":"2026-04-24T08:17:56","guid":{"rendered":"https:\/\/nbg.eu\/product\/eberlestock-mission-wings-multicam\/"},"modified":"2026-04-24T12:07:54","modified_gmt":"2026-04-24T09:07:54","slug":"eberlestock-mission-wings-multicam","status":"publish","type":"product","link":"https:\/\/nbg.eu\/hu\/termek\/eberlestock-mission-wings-multicam\/","title":{"rendered":"Eberlestock Mission Wings &#8211; Multicam"},"content":{"rendered":"<h2>Eberlestock Mission Wings<\/h2>\n<p>Az Eberlestock Mission Wings modul\u00e1ris, k\u00f6nny\u0171 oldalpanelek, amelyek gyorsan adnak extra t\u00e9rfogatot vagy lehet\u0151v\u00e9 teszik specializ\u00e1lt k\u00e9szletek strat\u00e9giai konfigur\u00e1l\u00e1s\u00e1t a Mission System k\u00fclsej\u00e9re. K\u00f6nnyen hozz\u00e1adhat\u00f3k vagy elt\u00e1vol\u00edthat\u00f3k ov\u00e1lis tri-glide r\u00f6gz\u00edt\u00e9si pontokon kereszt\u00fcl, gyors hozz\u00e1f\u00e9r\u00e9st biztos\u00edtanak a t\u00e1rol\u00e1shoz ott, ahol a legink\u00e1bb sz\u00fcks\u00e9ge van r\u00e1.<\/p>\n<h3>F\u0151bb jellemz\u0151k<\/h3>\n<ul>\n<li>765 c.i. \/ 13.68L combined capacity<\/li>\n<li>Modular side panels<\/li>\n<li>Oval tri-glide attachment<\/li>\n<li>Quick-access design<\/li>\n<li>Mission System integration<\/li>\n<li>Eberlestock Lifetime Warranty<\/li>\n<\/ul>\n<h3>Specifik\u00e1ci\u00f3k<\/h3>\n<table>\n<tr>\n<td><strong>T\u00e9rfogat<\/strong><\/td>\n<td>765 c.i. \/ 13.68L<\/td>\n<\/tr>\n<tr>\n<td><strong>S\u00faly<\/strong><\/td>\n<td>1 lb 2 oz<\/td>\n<\/tr>\n<tr>\n<td><strong>M\u00e9retek<\/strong><\/td>\n<td>18&#8243;H x 6.5&#8243;W x 2&#8243;D<\/td>\n<\/tr>\n<tr>\n<td><strong>Cikksz\u00e1mok<\/strong><\/td>\n<td>MW1MM, MW1MC<\/td>\n<\/tr>\n<tr>\n<td><strong>Gy\u00e1rt\u00f3<\/strong><\/td>\n<td>Eberlestock (Veter\u00e1n tulajdon\u00fa v\u00e1llalat)<\/td>\n<\/tr>\n<\/table>\n","protected":false},"excerpt":{"rendered":"<p>Az Eberlestock Mission Wings modul\u00e1ris, k\u00f6nny\u0171 oldalpanelek, amelyek gyorsan adnak extra t\u00e9rfogatot vagy lehet\u0151v\u00e9 teszik specializ\u00e1lt k\u00e9szletek strat\u00e9giai konfigur\u00e1l\u00e1s\u00e1t a Mission System k\u00fclsej\u00e9re. K\u00f6nnyen hozz\u00e1adhat\u00f3k vagy elt\u00e1vol\u00edthat\u00f3k ov\u00e1lis tri-glide r\u00f6gz\u00edt\u00e9si pontokon kereszt\u00fcl, gyors hozz\u00e1f\u00e9r\u00e9st biztos\u00edtanak a t\u00e1rol\u00e1shoz ott, ahol a legink\u00e1bb sz\u00fcks\u00e9ge van r\u00e1.<\/p>\n","protected":false},"featured_media":751375,"template":"","meta":{"_acf_changed":false},"product_brand":[15149],"product_cat":[12911],"product_tag":[],"class_list":{"0":"post-751374","1":"product","2":"type-product","3":"status-publish","4":"has-post-thumbnail","6":"product_brand-eberlestock","7":"product_cat-hatizsakok","9":"first","10":"outofstock","11":"taxable","12":"shipping-taxable","13":"purchasable","14":"product-type-simple"},"acf":[],"_links":{"self":[{"href":"https:\/\/nbg.eu\/hu\/wp-json\/wp\/v2\/product\/751374","targetHints":{"allow":["GET"]}}],"collection":[{"href":"https:\/\/nbg.eu\/hu\/wp-json\/wp\/v2\/product"}],"about":[{"href":"https:\/\/nbg.eu\/hu\/wp-json\/wp\/v2\/types\/product"}],"wp:featuredmedia":[{"embeddable":true,"href":"https:\/\/nbg.eu\/hu\/wp-json\/wp\/v2\/media\/751375"}],"wp:attachment":[{"href":"https:\/\/nbg.eu\/hu\/wp-json\/wp\/v2\/media?parent=751374"}],"wp:term":[{"taxonomy":"product_brand","embeddable":true,"href":"https:\/\/nbg.eu\/hu\/wp-json\/wp\/v2\/product_brand?post=751374"},{"taxonomy":"product_cat","embeddable":true,"href":"https:\/\/nbg.eu\/hu\/wp-json\/wp\/v2\/product_cat?post=751374"},{"taxonomy":"product_tag","embeddable":true,"href":"https:\/\/nbg.eu\/hu\/wp-json\/wp\/v2\/product_tag?post=751374"}],"curies":[{"name":"wp","href":"https:\/\/api.w.org\/{rel}","templated":true}]}}