{"id":753290,"date":"2026-04-22T14:06:31","date_gmt":"2026-04-22T11:06:31","guid":{"rendered":"https:\/\/nbg.eu\/product\/colt-m4-trooper-felautomata-karabely-223-rem\/"},"modified":"2026-04-30T16:34:18","modified_gmt":"2026-04-30T13:34:18","slug":"colt-m4-trooper-felautomata-karabely-223-rem","status":"publish","type":"product","link":"https:\/\/nbg.eu\/hu\/termek\/colt-m4-trooper-felautomata-karabely-223-rem\/","title":{"rendered":"Colt M4 Trooper f\u00e9lautomata karab\u00e9ly, .223 Rem"},"content":{"rendered":"<h2>Colt M4 Trooper f\u00e9lautomata karab\u00e9ly .223 Rem<\/h2>\n<p>A Colt M4 Trooper a Colt jelenleg gy\u00e1rtott, f\u00e9lautomata, M4 mint\u00e1zat\u00fa j\u00e1r\u0151rkarab\u00e9lya (LE6920-R), amely ugyanazon kov\u00e1csolt 7075-T6 tokokra \u00e9s karab\u00e9lyhossz\u00fas\u00e1g\u00fa, k\u00f6zvetlen g\u00e1zelvezet\u00e9s\u0171 rendszerre \u00e9p\u00fcl, mint a hadseregben rendszeres\u00edtett M4. A klasszikus 6920-as konfigur\u00e1ci\u00f3t egy 13&#8243;-os szabadon f\u00fcgg\u0151 Centurion Arms M-LOK el\u0151\u00e1ggyal, 16,1&#8243;-os kr\u00f3mozott cs\u0151vel \u00e9s szabv\u00e1nyos hatpoz\u00edci\u00f3s M4 tus\u00e1val eg\u00e9sz\u00edti ki, A2 markolattal. A Colt szerint kiv\u00e1l\u00f3 kiindul\u00f3pont egy k\u00f6vetkez\u0151 szint\u0171 karab\u00e9lyhoz, ak\u00e1r optik\u00e1val, ak\u00e1r ny\u00edlt ir\u00e1nyz\u00e9kkal.<\/p>\n<h3>Kov\u00e1csolt mil-spec tokok<\/h3>\n<p>A fels\u0151 \u00e9s als\u00f3 tok 7075-T6 alum\u00edniumb\u00f3l kov\u00e1csolt, Type III kem\u00e9ny anodiz\u00e1ci\u00f3val. A tokszerelv\u00e9ny val\u00f3di mil-spec t\u0171r\u00e9shat\u00e1rokkal k\u00e9sz\u00fcl, forward assisttel, portakar\u00f3val, s\u00edk Picatinny-s\u00ednnel \u00e9s \u00e1tford\u00edthat\u00f3 biztons\u00e1gi kapcsol\u00f3val.<\/p>\n<h3>Centurion Arms 13&#8243; M-LOK szabadon f\u00fcgg\u0151 el\u0151\u00e1gy<\/h3>\n<p>A modern Trooper a 6920 eredeti polimer karab\u00e9ly el\u0151\u00e1gy\u00e1t egy 13&#8243;-os Centurion Arms szabadon f\u00fcgg\u0151 egys\u00e9gre cser\u00e9li: 12 \u00f3r\u00e1s Picatinny, 3, 6 \u00e9s 9 \u00f3r\u00e1s M-LOK foglalatok a tartoz\u00e9koknak. A l\u00f6v\u0151 t\u00f6bb helyet kap a l\u00e1mp\u00e1knak, el\u00fcls\u0151 markolatoknak \u00e9s bipodoknak, mik\u00f6zben a cs\u0151 szabadon f\u00fcggve jobb pontoss\u00e1got biztos\u00edt.<\/p>\n<h3>Kr\u00f3mozott mil-spec cs\u0151<\/h3>\n<p>A 16,1&#8243;-os cs\u0151 kr\u00f3mbevonat\u00fa a hosszabb \u00e9lettartam \u00e9s k\u00f6nnyebb karbantart\u00e1s \u00e9rdek\u00e9ben. Az 1:7-es huzagemelked\u00e9s a teljes .223 \/ 5.56 NATO l\u00f6ved\u00e9ktartom\u00e1nyt \u2014 a 55-grain k\u00f6nny\u0171 plinker t\u00f6lt\u00e9nyekt\u0151l a 77-grain match neh\u00e9z l\u00f6ved\u00e9kekig \u2014 stabiliz\u00e1lja.<\/p>\n<h3>Colt min\u0151s\u00e9g dobozb\u00f3l kiv\u00e9ve<\/h3>\n<p>A Colt t\u00f6bb mint hat \u00e9vtizede gy\u00e1rt AR mint\u00e1zat\u00fa pusk\u00e1kat. Az M4 Trooper ezt az \u00f6r\u00f6ks\u00e9get viszi tov\u00e1bb: pontos t\u00f6lt\u00e9ny\u0171r, mil-spec BCG, pr\u00f3bal\u0151tt z\u00e1r \u00e9s a katonai szolg\u00e1latb\u00f3l ered\u0151, megb\u00edzhat\u00f3s\u00e1gr\u00f3l sz\u00f3l\u00f3 h\u00edrn\u00e9v.<\/p>\n<h3>Tartoz\u00e9kok<\/h3>\n<ul>\n<li>Kov\u00e1csolt 7075-T6 fels\u0151 \u00e9s als\u00f3 tok, Type III kem\u00e9ny anodiz\u00e1ci\u00f3<\/li>\n<li>Centurion Arms 13&#8243; M-LOK szabadon f\u00fcgg\u0151 el\u0151\u00e1gy<\/li>\n<li>16,1&#8243;-os kr\u00f3mozott mil-spec cs\u0151, 1:7 huzagemelked\u00e9s<\/li>\n<li>Hatpoz\u00edci\u00f3s, \u00e1ll\u00edthat\u00f3 M4 tusa<\/li>\n<li>Government A2 markolat<\/li>\n<li>S\u00edk tetej\u0171, optik\u00e1ra k\u00e9sz fels\u0151 tok<\/li>\n<\/ul>\n<h3>M\u0171szaki adatok<\/h3>\n<table>\n<tr>\n<th>Mechanizmus<\/th>\n<td>F\u00e9lautomata, k\u00f6zvetlen g\u00e1zelvezet\u00e9s, karab\u00e9lyhossz\u00fas\u00e1g\u00fa<\/td>\n<\/tr>\n<tr>\n<th>Kaliber<\/th>\n<td>5.56 NATO \/ .223 Rem<\/td>\n<\/tr>\n<tr>\n<th>Cs\u0151hossz<\/th>\n<td>16,1&#8243;<\/td>\n<\/tr>\n<tr>\n<th>Cs\u0151<\/th>\n<td>Kr\u00f3mozott, 6 huzagos<\/td>\n<\/tr>\n<tr>\n<th>Huzagemelked\u00e9s<\/th>\n<td>1:7&#8243; jobbra<\/td>\n<\/tr>\n<tr>\n<th>El\u0151\u00e1gy<\/th>\n<td>Centurion Arms 13&#8243; M-LOK szabadon f\u00fcgg\u0151<\/td>\n<\/tr>\n<tr>\n<th>Tusa<\/th>\n<td>Hatpoz\u00edci\u00f3s, \u00e1ll\u00edthat\u00f3 M4<\/td>\n<\/tr>\n<tr>\n<th>Markolat<\/th>\n<td>Government A2<\/td>\n<\/tr>\n<tr>\n<th>Els\u00fct\u0151billenty\u0171<\/th>\n<td>Mil-spec, egyl\u00e9pcs\u0151s<\/td>\n<\/tr>\n<tr>\n<th>Fel\u00fclet<\/th>\n<td>Fekete, kem\u00e9ny anodiz\u00e1lt<\/td>\n<\/tr>\n<tr>\n<th>Tokok<\/th>\n<td>Kov\u00e1csolt 7075-T6 alum\u00ednium<\/td>\n<\/tr>\n<tr>\n<th>Teljes hossz<\/th>\n<td>32,0&#8243; \u2013 35,5&#8243;<\/td>\n<\/tr>\n<tr>\n<th>T\u00f6meg<\/th>\n<td>~6,5 lb<\/td>\n<\/tr>\n<\/table>\n","protected":false},"excerpt":{"rendered":"<p>A Colt jelenleg gy\u00c3\u00a1rtott f\u00c3\u00a9lautomata, M4 mint\u00c3\u00a1zat\u00c3\u00ba j\u00c3\u00a1r\u00c5\u0091rkarab\u00c3\u00a9lya. Kov\u00c3\u00a1csolt 7075-T6 tokok, 16,1&#8243;-os kr\u00c3\u00b3mozott cs\u00c5\u0091, 13&#8243;-os Centurion Arms M-LOK szabadon f\u00c3\u00bcgg\u00c5\u0091 el\u00c5\u0091\u00c3\u00a1gy, hatpoz\u00c3\u00adci\u00c3\u00b3s M4 tusa.<\/p>\n","protected":false},"featured_media":753291,"template":"","meta":{"_acf_changed":false},"product_brand":[16229],"product_cat":[16198,12899,12920,12967,15815],"product_tag":[],"class_list":{"0":"post-753290","1":"product","2":"type-product","3":"status-publish","4":"has-post-thumbnail","6":"product_brand-colt","7":"product_cat-ar-15-rifles-hu","8":"product_cat-karabinerek","9":"product_cat-licencelt","10":"product_cat-puska","11":"product_cat-semi-automatic-rifles-hu","13":"first","14":"instock","15":"taxable","16":"shipping-taxable","17":"product-type-simple"},"acf":[],"_links":{"self":[{"href":"https:\/\/nbg.eu\/hu\/wp-json\/wp\/v2\/product\/753290","targetHints":{"allow":["GET"]}}],"collection":[{"href":"https:\/\/nbg.eu\/hu\/wp-json\/wp\/v2\/product"}],"about":[{"href":"https:\/\/nbg.eu\/hu\/wp-json\/wp\/v2\/types\/product"}],"wp:featuredmedia":[{"embeddable":true,"href":"https:\/\/nbg.eu\/hu\/wp-json\/wp\/v2\/media\/753291"}],"wp:attachment":[{"href":"https:\/\/nbg.eu\/hu\/wp-json\/wp\/v2\/media?parent=753290"}],"wp:term":[{"taxonomy":"product_brand","embeddable":true,"href":"https:\/\/nbg.eu\/hu\/wp-json\/wp\/v2\/product_brand?post=753290"},{"taxonomy":"product_cat","embeddable":true,"href":"https:\/\/nbg.eu\/hu\/wp-json\/wp\/v2\/product_cat?post=753290"},{"taxonomy":"product_tag","embeddable":true,"href":"https:\/\/nbg.eu\/hu\/wp-json\/wp\/v2\/product_tag?post=753290"}],"curies":[{"name":"wp","href":"https:\/\/api.w.org\/{rel}","templated":true}]}}