{"id":753295,"date":"2026-04-22T14:06:32","date_gmt":"2026-04-22T11:06:32","guid":{"rendered":"https:\/\/nbg.eu\/product\/howa-bravo-chassis-tolozaras-puska-26-cso-6-5-creedmoor\/"},"modified":"2026-04-30T16:31:19","modified_gmt":"2026-04-30T13:31:19","slug":"howa-bravo-chassis-tolozaras-puska-26-cso-6-5-creedmoor","status":"publish","type":"product","link":"https:\/\/nbg.eu\/hu\/termek\/howa-bravo-chassis-tolozaras-puska-26-cso-6-5-creedmoor\/","title":{"rendered":"HOWA Bravo Chassis tol\u00f3z\u00e1ras puska, 26&#8243; cs\u0151, 6.5 Creedmoor"},"content":{"rendered":"<h2>HOWA Bravo Chassis tol\u00f3z\u00e1ras puska 26&#8243; 6.5 Creedmoor<\/h2>\n<p>A HOWA M1500 Bravo gy\u00e1ri prec\u00edzi\u00f3s puska kompromisszumok n\u00e9lk\u00fcl. Az ismert kov\u00e1csolt ac\u00e9l HOWA 1500 mechanizmust \u2014 amelyet vad\u00e1szok \u00e9s versenyz\u0151k n\u00e9gy \u00e9vtizede b\u00edznak \u2014 a Kinetic Research Group (KRG) Bravo chassis-szal p\u00e1ros\u00edtja: egy alum\u00ednium gerinc\u0171, \u00fcvegsz\u00e1las polimer h\u00e9jjal bor\u00edtott, teljes hossz\u00fas\u00e1g\u00fa rendszerrel. Az eredm\u00e9ny hagyom\u00e1nyos tus\u00e1nak l\u00e1tszik, de dedik\u00e1lt prec\u00edzi\u00f3s chassis-k\u00e9nt viselkedik, \u00e9s a 26&#8243;-os 6.5 Creedmoor konfigur\u00e1ci\u00f3ban dobozb\u00f3l kivett, nagy t\u00e1vols\u00e1g\u00fa platformm\u00e1 v\u00e1lik \u2014 f\u00e9mc\u00e9lokra, versenyre vagy nagy t\u00e1vols\u00e1g\u00fa vad\u00e1szatra.<\/p>\n<h3>Kov\u00e1csolt HOWA 1500 mechanizmus<\/h3>\n<p>Minden Bravo a HOWA kov\u00e1csolt, egyetlen darabb\u00f3l k\u00e9sz\u00fclt tokj\u00e1val \u00e9s z\u00e1rj\u00e1val kezd\u0151dik. K\u00e9t szembeford\u00edtott reteszel\u0151f\u00fcl, egy nagy Sako-st\u00edlus\u00fa k\u00fcls\u0151 kivon\u00f3 \u00e9s egy dugatty\u00fas kivet\u0151 megb\u00edzhat\u00f3 t\u00f6lt\u00e9st \u00e9s kivon\u00e1st biztos\u00edt a teljes .308-as fenek\u0171 t\u00f6lt\u00e9ny csal\u00e1don. A mechanizmus a chassis-hoz a KRG CNC-megmunk\u00e1lt Radius Bedding rendszerrel csatlakozik \u2014 egy teljes hossz\u00fas\u00e1g\u00fa alum\u00ednium V-blokkal, amely merev, ism\u00e9telhet\u0151 \u00e1gyaz\u00e1st ny\u00fajt a hagyom\u00e1nyos tusa egyenetlens\u00e9gei n\u00e9lk\u00fcl.<\/p>\n<h3>KRG Bravo chassis<\/h3>\n<p>A KRG Bravo chassis emeli ki ezt a pusk\u00e1t. AICS t\u00edpus\u00fa levehet\u0151 polimer t\u00e1rakat fogad, M-LOK tartoz\u00e9kokat fogad az el\u0151\u00e1gy ment\u00e9n, hossz\u00e1ll\u00edt\u00f3 t\u00e1vtart\u00f3kat haszn\u00e1l az egy\u00e9ni illeszt\u00e9shez, \u00e9s integr\u00e1lt akad\u00e1ly\/meg\u00e1ll\u00edt\u00f3 kamp\u00f3t tartalmaz a tusa v\u00e9g\u00e9n poz\u00edci\u00f3s l\u00f6v\u00e9shez. A hagyom\u00e1nyos tusa kezelhet\u0151s\u00e9g\u00e9t kapja a modern prec\u00edzi\u00f3s chassis teljes funkci\u00f3k\u00e9szlet\u00e9vel.<\/p>\n<h3>Match min\u0151s\u00e9g\u0171 els\u00fct\u0151billenty\u0171 \u00e9s h\u00e1rom\u00e1ll\u00e1s\u00fa biztos\u00edt\u00e9k<\/h3>\n<p>A k\u00e9tl\u00e9pcs\u0151s HACT (HOWA Actuator Controlled Trigger) gy\u00e1rilag 2,5 \u2013 3 lb tartom\u00e1nyba van be\u00e1ll\u00edtva. Egy k\u00f6nny\u0171 els\u0151 szakasz tiszt\u00e1n \u00e1tmegy a m\u00e1sodik fokozat fal\u00e1ba, dobozb\u00f3l kivett match \u00e9rz\u00e9st adva. A h\u00e1rom\u00e1ll\u00e1s\u00fa biztos\u00edt\u00e9k lehet\u0151v\u00e9 teszi a kirak\u00e1st \u00fagy, hogy a biztos\u00edt\u00e9k m\u00e9g mindig be van kapcsolva \u2014 ezt a komoly l\u00f6v\u00e9szek elv\u00e1rj\u00e1k.<\/p>\n<h3>26&#8243;-os neh\u00e9z, menetes cs\u0151<\/h3>\n<p>Egy 26&#8243;-os, szabadon f\u00fcgg\u0151, neh\u00e9z cs\u0151 1:8&#8243; huzagemelked\u00e9ssel teljesen kihaszn\u00e1lja a 6.5 Creedmoor ballisztikai h\u00edrnev\u00e9t. A hosszabb cs\u0151 minden sebess\u00e9get kicsihol a nehezebb, magas BC \u00e9rt\u00e9k\u0171 l\u00f6ved\u00e9kekb\u0151l 130 \u2013 147 gr tartom\u00e1nyban \u2014 pontosan ott, ahol a 6.5 CM kiemelkedik. A cs\u0151sz\u00e1j 5\/8&#8243;-24 UNEF menetes cs\u0151sz\u00e1jf\u00e9khez vagy hangtomp\u00edt\u00f3hoz.<\/p>\n<h3>Tartoz\u00e9kok<\/h3>\n<ul>\n<li>Kov\u00e1csolt HOWA 1500 mechanizmus pol\u00edrozott z\u00e1rral<\/li>\n<li>HACT k\u00e9tl\u00e9pcs\u0151s match els\u00fct\u0151billenty\u0171, gy\u00e1rilag hangolva<\/li>\n<li>H\u00e1rom\u00e1ll\u00e1s\u00fa biztos\u00edt\u00e9k<\/li>\n<li>5\/8&#8243;-24 menetes cs\u0151sz\u00e1j cs\u0151sz\u00e1jf\u00e9khez vagy hangtomp\u00edt\u00f3hoz<\/li>\n<li>HOWA gy\u00e1ri sub-MOA pontoss\u00e1gi garancia<\/li>\n<\/ul>\n<h3>M\u0171szaki adatok<\/h3>\n<table>\n<tr>\n<th>Mechanizmus<\/th>\n<td>HOWA 1500 tol\u00f3z\u00e1r, kov\u00e1csolt egydarabos z\u00e1r<\/td>\n<\/tr>\n<tr>\n<th>Kaliber<\/th>\n<td>6.5 Creedmoor<\/td>\n<\/tr>\n<tr>\n<th>Cs\u0151hossz<\/th>\n<td>26&#8243;<\/td>\n<\/tr>\n<tr>\n<th>Cs\u0151profil<\/th>\n<td>Neh\u00e9z, szabadon f\u00fcgg\u0151<\/td>\n<\/tr>\n<tr>\n<th>Huzagemelked\u00e9s<\/th>\n<td>1:8&#8243;<\/td>\n<\/tr>\n<tr>\n<th>Cs\u0151sz\u00e1j menet<\/th>\n<td>5\/8&#8243;-24 UNEF<\/td>\n<\/tr>\n<tr>\n<th>Teljes hossz<\/th>\n<td>~45&#8243;<\/td>\n<\/tr>\n<tr>\n<th>T\u00f6meg<\/th>\n<td>~9,9 lb<\/td>\n<\/tr>\n<tr>\n<th>Tusa \/ chassis<\/th>\n<td>KRG Bravo \u2014 alum\u00ednium gerinc, polimer h\u00e9j<\/td>\n<\/tr>\n<tr>\n<th>\u00c1gyaz\u00e1s<\/th>\n<td>KRG Radius Bedding (teljes hossz\u00fas\u00e1g\u00fa alum\u00ednium V-blokk)<\/td>\n<\/tr>\n<tr>\n<th>Els\u00fct\u0151billenty\u0171<\/th>\n<td>HACT k\u00e9tl\u00e9pcs\u0151s match, gy\u00e1rilag ~2,5\u20133 lb<\/td>\n<\/tr>\n<tr>\n<th>Biztos\u00edt\u00e9k<\/th>\n<td>H\u00e1rom\u00e1ll\u00e1s\u00fa<\/td>\n<\/tr>\n<tr>\n<th>Fel\u00fclet<\/th>\n<td>Matt k\u00e9k\u00edtett cs\u0151 \u00e9s tok<\/td>\n<\/tr>\n<tr>\n<th>Pontoss\u00e1gi garancia<\/th>\n<td>Sub-1 MOA (3 l\u00f6v\u00e9s \/ 100 yd, pr\u00e9mium l\u0151szer)<\/td>\n<\/tr>\n<\/table>\n","protected":false},"excerpt":{"rendered":"<p>Nagy t\u00e1vols\u00e1g\u00fa prec\u00edzi\u00f3s tol\u00f3z\u00e1ras puska, amely a kov\u00e1csolt HOWA 1500 mechanizmust \u00f6tv\u00f6zi a Kinetic Research Group Bravo chassis-szal. 26&#8243;-os neh\u00e9z, menetes cs\u0151 6.5 Creedmoor kaliberben.<\/p>\n","protected":false},"featured_media":754822,"template":"","meta":{"_acf_changed":false},"product_brand":[16230],"product_cat":[16048,12920,12967],"product_tag":[],"class_list":{"0":"post-753295","1":"product","2":"type-product","3":"status-publish","4":"has-post-thumbnail","6":"product_brand-howa","7":"product_cat-bolt-action-rifles-hu","8":"product_cat-licencelt","9":"product_cat-puska","11":"first","12":"instock","13":"taxable","14":"shipping-taxable","15":"product-type-simple"},"acf":[],"_links":{"self":[{"href":"https:\/\/nbg.eu\/hu\/wp-json\/wp\/v2\/product\/753295","targetHints":{"allow":["GET"]}}],"collection":[{"href":"https:\/\/nbg.eu\/hu\/wp-json\/wp\/v2\/product"}],"about":[{"href":"https:\/\/nbg.eu\/hu\/wp-json\/wp\/v2\/types\/product"}],"wp:featuredmedia":[{"embeddable":true,"href":"https:\/\/nbg.eu\/hu\/wp-json\/wp\/v2\/media\/754822"}],"wp:attachment":[{"href":"https:\/\/nbg.eu\/hu\/wp-json\/wp\/v2\/media?parent=753295"}],"wp:term":[{"taxonomy":"product_brand","embeddable":true,"href":"https:\/\/nbg.eu\/hu\/wp-json\/wp\/v2\/product_brand?post=753295"},{"taxonomy":"product_cat","embeddable":true,"href":"https:\/\/nbg.eu\/hu\/wp-json\/wp\/v2\/product_cat?post=753295"},{"taxonomy":"product_tag","embeddable":true,"href":"https:\/\/nbg.eu\/hu\/wp-json\/wp\/v2\/product_tag?post=753295"}],"curies":[{"name":"wp","href":"https:\/\/api.w.org\/{rel}","templated":true}]}}