{"id":753302,"date":"2026-04-22T14:06:34","date_gmt":"2026-04-22T11:06:34","guid":{"rendered":"https:\/\/nbg.eu\/product\/howa-gameking-22-3-5-10x44-lrx-tavcsovel-30-06\/"},"modified":"2026-05-07T16:46:09","modified_gmt":"2026-05-07T13:46:09","slug":"howa-gameking-22-3-5-10x44-lrx-tavcsovel-30-06","status":"publish","type":"product","link":"https:\/\/nbg.eu\/hu\/termek\/howa-gameking-22-3-5-10x44-lrx-tavcsovel-30-06\/","title":{"rendered":"HOWA Gameking tol\u00f3z\u00e1ras karab\u00e9ly, 22&#8243; 3.5-10&#215;44 LRX t\u00e1vcs\u0151vel, .30-06"},"content":{"rendered":"<h2>HOWA Gameking 22&#8243; .30-06 Nikko Stirling 3.5-10\u00d744 LRX t\u00e1vcs\u0151vel<\/h2>\n<p>A HOWA Gameking csomag teljes, bel\u00f6v\u00e9sre k\u00e9sz vad\u00e1szpuska: a HOWA kov\u00e1csolt 1500 mechanizmusa, egy Hogue OverMolded oszlop\u00e1gyaz\u00e1s\u00fa tusa, \u00e9s egy Nikko Stirling Gameking 3.5-10\u00d744 mm LRX vil\u00e1g\u00edt\u00f3 t\u00e1vcs\u0151, egydarabos alapra szerelve, illeszked\u0151 gy\u0171r\u0171kkel. A 22&#8243;-os .30-06 Springfield konfigur\u00e1ci\u00f3ban a klasszikus \u00e9szak-amerikai nagyvad puska \u2014 elegend\u0151 sebess\u00e9g \u00e9s l\u00f6ved\u00e9kt\u00f6meg szarvashoz, j\u00e1vorszarvashoz \u00e9s hasonl\u00f3 vadhoz hagyom\u00e1nyos vad\u00e1szati t\u00e1vols\u00e1gokon, kiegyens\u00falyozott csomagban, amely j\u00f3l hordozhat\u00f3 \u00e9s term\u00e9szetesen v\u00e1llaz\u00f3dik.<\/p>\n<h3>Kov\u00e1csolt HOWA 1500 mechanizmus<\/h3>\n<p>A HOWA 1500 teljesen kov\u00e1csolt, push-feed tol\u00f3z\u00e1ras mechanizmus, amelyet Jap\u00e1nban gy\u00e1rtanak. Egy egydarabos z\u00e1r k\u00e9t szembeford\u00edtott retesszel, nagy Sako-st\u00edlus\u00fa k\u00fcls\u0151 kivon\u00f3val \u00e9s dugatty\u00fas kivet\u0151vel megb\u00edzhat\u00f3 t\u00f6lt\u00e9st \u00e9s kivon\u00e1st biztos\u00edt vad\u00e1szid\u00e9nyek eg\u00e9sz \u00e9let\u00e9n \u00e1t. A mechanizmus k\u00e9t alum\u00ednium oszlopra van \u00e1gyazva a Hogue tus\u00e1ban az ism\u00e9telhet\u0151 pontoss\u00e1g \u00e9rdek\u00e9ben.<\/p>\n<h3>Hogue OverMolded tusa<\/h3>\n<p>A szintetikus Hogue OverMolded tusa merev bels\u0151 v\u00e1zat egyes\u00edt puha gum\u00edrozott k\u00fcls\u0151 h\u00e9jjal. Nedves k\u00f6r\u00fclm\u00e9nyek k\u00f6z\u00f6tt biztosan fog, csendes a boz\u00f3tban, \u00e9s stabil marad h\u0151m\u00e9rs\u00e9kleti \u00e9s p\u00e1ratartalmi ingadoz\u00e1sok mellett. A heveder szemei, a Hogue tusalemez \u00e9s a szabv\u00e1nyos 13,87&#8243;-os foganty\u00fahossz eg\u00e9sz\u00edtik ki egy olyan tus\u00e1t, amely egyszer\u0171en elt\u0171nik a terepen.<\/p>\n<h3>Nikko Stirling Gameking 3.5-10\u00d744 LRX t\u00e1vcs\u0151<\/h3>\n<p>A mell\u00e9kelt Nikko Stirling Gameking vil\u00e1g\u00edt\u00f3 Long Range X sz\u00e1lkeresztet tartalmaz nyom\u00f3gombos megvil\u00e1g\u00edt\u00e1ssal \u2014 hasznos a kis f\u00e9nyviszonyok k\u00f6z\u00f6tti els\u0151 \u00e9s utols\u00f3 l\u0151id\u0151szakban, amikor a nagyvad mozog. A 3.5-10\u00d7 nagy\u00edt\u00e1si tartom\u00e1ny fedi a k\u00f6zeli erdei l\u00f6v\u00e9seket eg\u00e9szen 400 yardos ny\u00edlt mezei l\u00f6v\u00e9sekig, az oldals\u00f3 parallaxis-szab\u00e1lyoz\u00f3 pedig \u00e9les k\u00e9pet tart v\u00e1ltoz\u00f3 t\u00e1vols\u00e1gokon.<\/p>\n<h3>22&#8243;-os hidegen kov\u00e1csolt cs\u0151<\/h3>\n<p>Egy 22&#8243;-os #2 sporter cs\u0151 teljes .30-06 sebess\u00e9get ad an\u00e9lk\u00fcl, hogy hordoz\u00e1si s\u00falyt adna. Az 1:10&#8243;-es huzagemelked\u00e9s stabiliz\u00e1lja a teljes gyakorlati .30-06 l\u00f6ved\u00e9ktartom\u00e1nyt 150-t\u0151l 220 grain-ig \u2014 szarvas t\u00f6lt\u00e9nyekt\u0151l a j\u00e1vorszarvas t\u00f6lt\u00e9nyekig \u2014 \u00e9s a hidegen kov\u00e1csolt elj\u00e1r\u00e1s kiv\u00e9teles cs\u0151furat egyenletess\u00e9get biztos\u00edt a dobozb\u00f3l kivett pontoss\u00e1g\u00e9rt.<\/p>\n<h3>Tartoz\u00e9kok<\/h3>\n<ul>\n<li>HOWA 1500 kov\u00e1csolt mechanizmus<\/li>\n<li>Hogue OverMolded oszlop\u00e1gyaz\u00e1s\u00fa szintetikus tusa<\/li>\n<li>Nikko Stirling Gameking 3.5-10\u00d744 LRX vil\u00e1g\u00edt\u00f3 t\u00e1vcs\u0151 (gy\u00e1rilag felszerelve)<\/li>\n<li>Egydarabos alap \u00e9s illeszked\u0151 gy\u0171r\u0171k (mell\u00e9kelve)<\/li>\n<li>HACT k\u00e9tl\u00e9pcs\u0151s match els\u00fct\u0151billenty\u0171<\/li>\n<li>H\u00e1rom\u00e1ll\u00e1s\u00fa biztos\u00edt\u00e9k<\/li>\n<li>HOWA gy\u00e1ri sub-MOA pontoss\u00e1gi garancia<\/li>\n<\/ul>\n<h3>M\u0171szaki adatok<\/h3>\n<table>\n<tr>\n<th>Mechanizmus<\/th>\n<td>HOWA 1500 tol\u00f3z\u00e1r<\/td>\n<\/tr>\n<tr>\n<th>Kaliber<\/th>\n<td>.30-06 Springfield<\/td>\n<\/tr>\n<tr>\n<th>Cs\u0151hossz<\/th>\n<td>22&#8243;<\/td>\n<\/tr>\n<tr>\n<th>Cs\u0151profil<\/th>\n<td>#2 sporter, hidegen kov\u00e1csolt<\/td>\n<\/tr>\n<tr>\n<th>Huzagemelked\u00e9s<\/th>\n<td>1:10&#8243;<\/td>\n<\/tr>\n<tr>\n<th>Teljes hossz<\/th>\n<td>42,25&#8243;<\/td>\n<\/tr>\n<tr>\n<th>Foganty\u00fahossz<\/th>\n<td>13,87&#8243;<\/td>\n<\/tr>\n<tr>\n<th>T\u00f6meg<\/th>\n<td>~9,35 lb (t\u00e1vcs\u0151vel, gy\u0171r\u0171kkel, alappal)<\/td>\n<\/tr>\n<tr>\n<th>Tusa<\/th>\n<td>Hogue OverMolded, alum\u00ednium oszlop\u00e1gyaz\u00e1s\u00fa<\/td>\n<\/tr>\n<tr>\n<th>Els\u00fct\u0151billenty\u0171<\/th>\n<td>HACT k\u00e9tl\u00e9pcs\u0151s match<\/td>\n<\/tr>\n<tr>\n<th>Biztos\u00edt\u00e9k<\/th>\n<td>H\u00e1rom\u00e1ll\u00e1s\u00fa<\/td>\n<\/tr>\n<tr>\n<th>T\u00e1vcs\u0151<\/th>\n<td>Nikko Stirling Gameking 3.5-10\u00d744 LRX, vil\u00e1g\u00edt\u00f3, 1&#8243; tubus, oldals\u00f3 AO<\/td>\n<\/tr>\n<tr>\n<th>Tart\u00f3k<\/th>\n<td>Egydarabos alap \u00e9s gy\u0171r\u0171k (mell\u00e9kelve, gy\u00e1rilag felszerelve)<\/td>\n<\/tr>\n<tr>\n<th>Pontoss\u00e1gi garancia<\/th>\n<td>Sub-1 MOA (3 l\u00f6v\u00e9s \/ 100 yd, pr\u00e9mium l\u0151szer)<\/td>\n<\/tr>\n<\/table>\n","protected":false},"excerpt":{"rendered":"<p>Vad\u00e1szatra k\u00e9sz HOWA 1500 tol\u00f3z\u00e1ras csomag klasszikus .30-06 Springfield kaliberben, gy\u00e1rilag felszerelt Nikko Stirling Gameking 3.5-10\u00d744 LRX vil\u00e1g\u00edt\u00f3 t\u00e1vcs\u0151vel. Hogue oszlop\u00e1gyaz\u00e1s\u00fa tusa, k\u00e9tl\u00e9pcs\u0151s HACT els\u00fct\u0151billenty\u0171, sub-MOA gy\u00e1ri garancia.<\/p>\n","protected":false},"featured_media":754846,"template":"","meta":{"_acf_changed":false},"product_brand":[16230],"product_cat":[16048,12920,12967],"product_tag":[],"class_list":{"0":"post-753302","1":"product","2":"type-product","3":"status-publish","4":"has-post-thumbnail","6":"product_brand-howa","7":"product_cat-bolt-action-rifles-hu","8":"product_cat-licencelt","9":"product_cat-puska","11":"first","12":"instock","13":"taxable","14":"shipping-taxable","15":"product-type-simple"},"acf":[],"_links":{"self":[{"href":"https:\/\/nbg.eu\/hu\/wp-json\/wp\/v2\/product\/753302","targetHints":{"allow":["GET"]}}],"collection":[{"href":"https:\/\/nbg.eu\/hu\/wp-json\/wp\/v2\/product"}],"about":[{"href":"https:\/\/nbg.eu\/hu\/wp-json\/wp\/v2\/types\/product"}],"wp:featuredmedia":[{"embeddable":true,"href":"https:\/\/nbg.eu\/hu\/wp-json\/wp\/v2\/media\/754846"}],"wp:attachment":[{"href":"https:\/\/nbg.eu\/hu\/wp-json\/wp\/v2\/media?parent=753302"}],"wp:term":[{"taxonomy":"product_brand","embeddable":true,"href":"https:\/\/nbg.eu\/hu\/wp-json\/wp\/v2\/product_brand?post=753302"},{"taxonomy":"product_cat","embeddable":true,"href":"https:\/\/nbg.eu\/hu\/wp-json\/wp\/v2\/product_cat?post=753302"},{"taxonomy":"product_tag","embeddable":true,"href":"https:\/\/nbg.eu\/hu\/wp-json\/wp\/v2\/product_tag?post=753302"}],"curies":[{"name":"wp","href":"https:\/\/api.w.org\/{rel}","templated":true}]}}