{"id":753307,"date":"2026-04-22T14:06:35","date_gmt":"2026-04-22T11:06:35","guid":{"rendered":"https:\/\/nbg.eu\/product\/howa-gameking-24-3-5-10x44-lrx-tavcsovel-300-win-mag\/"},"modified":"2026-05-07T16:50:30","modified_gmt":"2026-05-07T13:50:30","slug":"howa-gameking-24-3-5-10x44-lrx-tavcsovel-300-win-mag","status":"publish","type":"product","link":"https:\/\/nbg.eu\/hu\/termek\/howa-gameking-24-3-5-10x44-lrx-tavcsovel-300-win-mag\/","title":{"rendered":"HOWA Gameking tol\u00f3z\u00e1ras karab\u00e9ly, 24&#8243; 3.5-10&#215;44 LRX t\u00e1vcs\u0151vel, .300 Win Mag"},"content":{"rendered":"<h2>HOWA Gameking 24&#8243; .300 Win Mag Nikko Stirling 3.5-10\u00d744 LRX t\u00e1vcs\u0151vel<\/h2>\n<p>A hossz\u00fa mechanizmus\u00fa magnum Gameking egy 24&#8243;-os szabadon f\u00fcgg\u0151 cs\u0151re l\u00e9p, amely .300 Winchester Magnum kaliberre van f\u00farva \u2014 ugyanaz a teljes, gy\u00e1rilag t\u00e1vcs\u0151vel ell\u00e1tott Hogue tus\u00e1s csomag, mint a szabv\u00e1nyos Gameking, de ny\u00edlt terepre \u00e9s nagyobb vadhoz hangolva, ahol laposabb r\u00f6pp\u00e1lya \u00e9s nagyobb downrange energia sz\u00e1m\u00edt. A 2 h\u00fcvelykes plusz cs\u0151hossz a .300 Win Mag-nek megengedi, hogy k\u00f6zel\u00edtse a maxim\u00e1lis sebess\u00e9g\u00e9t, \u00e9s a Hogue oszlop\u00e1gyaz\u00e1s\u00fa OverMolded tusa, kombin\u00e1lva a Hogue tusalemezzel, szel\u00edd\u00edti a hozz\u00e1adott visszar\u00fag\u00e1st.<\/p>\n<h3>Hossz\u00fa mechanizmus\u00fa HOWA 1500<\/h3>\n<p>A HOWA kov\u00e1csolt 1500-as hossz\u00fa mechanizmus\u00fa v\u00e1ltozata magnum hossz\u00fas\u00e1g\u00fa t\u00f6lt\u00e9nyeket fogad, mik\u00f6zben meg\u0151rzi az 1500 h\u00edrnev\u00e9t \u00e9p\u00edt\u0151 funkci\u00f3k mindegyik\u00e9t: egydarabos kov\u00e1csolt z\u00e1r, k\u00e9t szembeford\u00edtott retesz, Sako-st\u00edlus\u00fa k\u00fcls\u0151 kivon\u00f3, dugatty\u00fas kivet\u0151 \u00e9s vez\u00e9relt push-feed t\u00f6lt\u00e9s. J\u00f3 okkal a vil\u00e1g egyik legm\u00e1solt tol\u00f3z\u00e1ras kialak\u00edt\u00e1sa.<\/p>\n<h3>24&#8243; szabadon f\u00fcgg\u0151 hidegen kov\u00e1csolt cs\u0151<\/h3>\n<p>Egy 24&#8243;-os cs\u0151 el\u00e9g hossz\u00fa ahhoz, hogy kihozza a .300 Winchester Magnum teljes ballisztikai potenci\u00e1lj\u00e1t. A szabadon f\u00fcgg\u0151 szerel\u00e9s elszigeteli a cs\u00f6vet a tusanyom\u00e1s-v\u00e1ltoz\u00e1sokt\u00f3l, \u00e9s az 1:10&#8243;-es huzagemelked\u00e9s stabiliz\u00e1lja a .300 WM gyakorlati l\u00f6ved\u00e9ktartom\u00e1ny\u00e1t 165-t\u0151l 220 grain-ig \u2014 ide\u00e1lis j\u00e1vorszarvashoz, g\u00edmszarvashoz, medv\u00e9hez \u00e9s hasonl\u00f3 neh\u00e9z vadhoz.<\/p>\n<h3>Hogue OverMolded tusa oszlop\u00e1gyaz\u00e1ssal<\/h3>\n<p>A Hogue OverMolded szintetikus tusa egy merev v\u00e1zat csomagol egy puha, fog\u00f3s gumi h\u00e9jba, amely csendes marad a terepen \u00e9s biztos marad nedves k\u00f6r\u00fclm\u00e9nyek k\u00f6z\u00f6tt. K\u00e9t alum\u00ednium oszlop \u00e1gyazza a mechanizmust az ism\u00e9telhet\u0151 nullponthoz, h\u0151m\u00e9rs\u00e9klett\u0151l vagy p\u00e1ratartalomt\u00f3l f\u00fcggetlen\u00fcl. Az integr\u00e1lt Hogue tusalemez sokkal kezelhet\u0151bb\u00e9 teszi a magnum visszar\u00fag\u00e1s\u00e1t egy l\u0151nap sor\u00e1n.<\/p>\n<h3>Gy\u00e1rilag felszerelt Nikko Stirling Gameking t\u00e1vcs\u0151<\/h3>\n<p>A Nikko Stirling Gameking 3.5-10\u00d744 LRX el\u0151re fel van szerelve egydarabos alapra illeszked\u0151 gy\u0171r\u0171kkel. Vil\u00e1g\u00edt\u00f3 Long Range X sz\u00e1lkeresztje seg\u00edt gyenge f\u00e9nyben, \u00e9s az oldals\u00f3 \u00e1ll\u00edt\u00e1s\u00fa parallaxis \/ oldals\u00f3 f\u00f3kusz \u00e9les k\u00e9pet tart k\u00f6zeli vad\u00e1szati t\u00e1vols\u00e1gokt\u00f3l a tipikus magnum t\u00e1vols\u00e1gokig.<\/p>\n<h3>Tartoz\u00e9kok<\/h3>\n<ul>\n<li>HOWA 1500 kov\u00e1csolt hossz\u00fa mechanizmusos puska<\/li>\n<li>Hogue OverMolded oszlop\u00e1gyaz\u00e1s\u00fa szintetikus tusa<\/li>\n<li>Nikko Stirling Gameking 3.5-10\u00d744 LRX vil\u00e1g\u00edt\u00f3 t\u00e1vcs\u0151 (gy\u00e1rilag felszerelve)<\/li>\n<li>Egydarabos alap \u00e9s illeszked\u0151 gy\u0171r\u0171k<\/li>\n<li>HACT k\u00e9tl\u00e9pcs\u0151s match els\u00fct\u0151billenty\u0171<\/li>\n<li>H\u00e1rom\u00e1ll\u00e1s\u00fa biztos\u00edt\u00e9k<\/li>\n<li>HOWA gy\u00e1ri sub-MOA pontoss\u00e1gi garancia<\/li>\n<\/ul>\n<h3>M\u0171szaki adatok<\/h3>\n<table>\n<tr>\n<th>Mechanizmus<\/th>\n<td>HOWA 1500 tol\u00f3z\u00e1r, hossz\u00fa mechanizmus<\/td>\n<\/tr>\n<tr>\n<th>Kaliber<\/th>\n<td>.300 Winchester Magnum<\/td>\n<\/tr>\n<tr>\n<th>Cs\u0151hossz<\/th>\n<td>24&#8243;<\/td>\n<\/tr>\n<tr>\n<th>Cs\u0151profil<\/th>\n<td>Sporter, hidegen kov\u00e1csolt, szabadon f\u00fcgg\u0151<\/td>\n<\/tr>\n<tr>\n<th>Huzagemelked\u00e9s<\/th>\n<td>1:10&#8243; jobbra<\/td>\n<\/tr>\n<tr>\n<th>Teljes hossz<\/th>\n<td>44,75&#8243;<\/td>\n<\/tr>\n<tr>\n<th>Foganty\u00fahossz<\/th>\n<td>13,87&#8243;<\/td>\n<\/tr>\n<tr>\n<th>T\u00f6meg<\/th>\n<td>~9,55 lb (t\u00e1vcs\u0151vel, gy\u0171r\u0171kkel, alappal)<\/td>\n<\/tr>\n<tr>\n<th>Tusa<\/th>\n<td>Hogue OverMolded, alum\u00ednium oszlop\u00e1gyaz\u00e1s\u00fa<\/td>\n<\/tr>\n<tr>\n<th>Els\u00fct\u0151billenty\u0171<\/th>\n<td>HACT k\u00e9tl\u00e9pcs\u0151s match<\/td>\n<\/tr>\n<tr>\n<th>Biztos\u00edt\u00e9k<\/th>\n<td>H\u00e1rom\u00e1ll\u00e1s\u00fa<\/td>\n<\/tr>\n<tr>\n<th>T\u00e1vcs\u0151<\/th>\n<td>Nikko Stirling Gameking 3.5-10\u00d744 LRX AO, vil\u00e1g\u00edt\u00f3, 1&#8243; tubus<\/td>\n<\/tr>\n<tr>\n<th>Tart\u00f3k<\/th>\n<td>Egydarabos alap \u00e9s gy\u0171r\u0171k (mell\u00e9kelve, gy\u00e1rilag felszerelve)<\/td>\n<\/tr>\n<tr>\n<th>Fel\u00fclet<\/th>\n<td>Matt k\u00e9k\u00edtett<\/td>\n<\/tr>\n<tr>\n<th>Pontoss\u00e1gi garancia<\/th>\n<td>Sub-1 MOA (3 l\u00f6v\u00e9s \/ 100 yd, pr\u00e9mium l\u0151szer)<\/td>\n<\/tr>\n<\/table>\n","protected":false},"excerpt":{"rendered":"<p>Magnum vad\u00e1szcsomag a HOWA 1500 hossz\u00fa mechanizmusra \u00e9p\u00edtve, .300 Winchester Magnum kaliberben, 24&#8243; szabadon f\u00fcgg\u0151 cs\u0151vel \u00e9s gy\u00e1rilag felszerelt Nikko Stirling Gameking 3.5-10\u00d744 LRX vil\u00e1g\u00edt\u00f3 t\u00e1vcs\u0151vel. Hogue oszlop\u00e1gyaz\u00e1s\u00fa tusa, HACT k\u00e9tl\u00e9pcs\u0151s els\u00fct\u0151billenty\u0171, sub-MOA gy\u00e1ri garancia.<\/p>\n","protected":false},"featured_media":754870,"template":"","meta":{"_acf_changed":false},"product_brand":[16230],"product_cat":[16048,12920,12967],"product_tag":[],"class_list":{"0":"post-753307","1":"product","2":"type-product","3":"status-publish","4":"has-post-thumbnail","6":"product_brand-howa","7":"product_cat-bolt-action-rifles-hu","8":"product_cat-licencelt","9":"product_cat-puska","11":"first","12":"instock","13":"taxable","14":"shipping-taxable","15":"product-type-simple"},"acf":[],"_links":{"self":[{"href":"https:\/\/nbg.eu\/hu\/wp-json\/wp\/v2\/product\/753307","targetHints":{"allow":["GET"]}}],"collection":[{"href":"https:\/\/nbg.eu\/hu\/wp-json\/wp\/v2\/product"}],"about":[{"href":"https:\/\/nbg.eu\/hu\/wp-json\/wp\/v2\/types\/product"}],"wp:featuredmedia":[{"embeddable":true,"href":"https:\/\/nbg.eu\/hu\/wp-json\/wp\/v2\/media\/754870"}],"wp:attachment":[{"href":"https:\/\/nbg.eu\/hu\/wp-json\/wp\/v2\/media?parent=753307"}],"wp:term":[{"taxonomy":"product_brand","embeddable":true,"href":"https:\/\/nbg.eu\/hu\/wp-json\/wp\/v2\/product_brand?post=753307"},{"taxonomy":"product_cat","embeddable":true,"href":"https:\/\/nbg.eu\/hu\/wp-json\/wp\/v2\/product_cat?post=753307"},{"taxonomy":"product_tag","embeddable":true,"href":"https:\/\/nbg.eu\/hu\/wp-json\/wp\/v2\/product_tag?post=753307"}],"curies":[{"name":"wp","href":"https:\/\/api.w.org\/{rel}","templated":true}]}}