{"id":753311,"date":"2026-04-22T14:06:36","date_gmt":"2026-04-22T11:06:36","guid":{"rendered":"https:\/\/nbg.eu\/product\/howa-hb-nehez-cso-24-308-win\/"},"modified":"2026-05-07T16:53:17","modified_gmt":"2026-05-07T13:53:17","slug":"howa-hb-nehez-cso-24-308-win","status":"publish","type":"product","link":"https:\/\/nbg.eu\/hu\/termek\/howa-hb-nehez-cso-24-308-win\/","title":{"rendered":"HOWA HB tol\u00f3z\u00e1ras karab\u00e9ly, neh\u00e9z cs\u0151 24&#8243;, .308 Win"},"content":{"rendered":"<h2>HOWA HB 24&#8243; .308 Win<\/h2>\n<p>A HOWA 1500 Heavy Barrel Varminter .308 Win kaliberben 24&#8243;-os cs\u0151vel a HOWA dedik\u00e1lt c\u00e9l, varmint \u00e9s prec\u00edzi\u00f3s vad\u00e1sz konfigur\u00e1ci\u00f3ja. Ugyanaz a kov\u00e1csolt 1500 mechanizmus, de egy neh\u00e9z #6 profil\u00fa, szabadon f\u00fcgg\u0151, hidegen kov\u00e1csolt cs\u0151vel megkoron\u00e1zva, amelyet hossz\u00fa l\u00f6v\u00e9ssorozatokon kereszt\u00fcl termikus stabilit\u00e1sra terveztek.<\/p>\n<h3>Neh\u00e9z #6 profil\u00fa cs\u0151<\/h3>\n<p>A #6 neh\u00e9z profil v\u00e1lasztja el ezt a HB-t a szabv\u00e1nyos sporter HOWA-kt\u00f3l. A hozz\u00e1adott ac\u00e9l stabilan tartja a tal\u00e1lati pontot l\u00f6v\u00e9ssorozatokon \u00e1t, szorosabb csoportokat tart, ahogy a cs\u0151 felmelegszik, \u00e9s csillap\u00edtja a vibr\u00e1ci\u00f3t a k\u00f6vetkezetesebb eredm\u00e9nyek\u00e9rt az els\u0151 l\u00f6v\u00e9st\u0151l az \u00f6t\u00f6dikig. A 24&#8243;-os hossz maximaliz\u00e1lja a .308 Winchester sebess\u00e9g\u00e9t, mik\u00f6zben praktikus marad a terepen.<\/p>\n<h3>Szabadon f\u00fcgg\u0151, menetes cs\u0151sz\u00e1j<\/h3>\n<p>A cs\u0151 szabadon f\u00fcgg az el\u0151\u00e1gyt\u00f3l a k\u00f6vetkezetes pontoss\u00e1g\u00e9rt, f\u00fcggetlen\u00fcl a hevedernyom\u00e1st\u00f3l, bipodterhel\u00e9st\u0151l vagy terepi poz\u00edci\u00f3kt\u00f3l. A cs\u0151sz\u00e1j 5\/8&#8243;-24 UNEF menetes, k\u00f6zvetlen\u00fcl fogad hangtomp\u00edt\u00f3kat vagy cs\u0151sz\u00e1jf\u00e9ket \u2014 n\u00e9pszer\u0171 v\u00e1laszt\u00e1s azon l\u00f6v\u00e9szek k\u00f6z\u00f6tt, akik egy prec\u00edzi\u00f3s .308 platformot szeretn\u00e9nek hangtomp\u00edt\u00f3hoz.<\/p>\n<h3>Kov\u00e1csolt HOWA 1500 mechanizmus \u00e9s HACT els\u00fct\u0151billenty\u0171<\/h3>\n<p>Az 1500 minden jellegzetess\u00e9ge \u00e9rv\u00e9nyes\u00fcl: kov\u00e1csolt egydarabos z\u00e1r, k\u00e9t reteszel\u0151f\u00fcl, Sako-st\u00edlus\u00fa k\u00fcls\u0151 kivon\u00f3, dugatty\u00fas kivet\u0151, \u00e9s HACT k\u00e9tl\u00e9pcs\u0151s match els\u00fct\u0151billenty\u0171, gy\u00e1rilag 3 lb k\u00f6r\u00fcl be\u00e1ll\u00edtva. A h\u00e1rom\u00e1ll\u00e1s\u00fa biztos\u00edt\u00e9k lehet\u0151v\u00e9 teszi a z\u00e1r m\u0171k\u00f6dtet\u00e9s\u00e9t bekapcsolt biztos\u00edt\u00e9kkal.<\/p>\n<h3>Hogue OverMolded oszlop\u00e1gyaz\u00e1s\u00fa tusa<\/h3>\n<p>A Hogue OverMolded tusa egy merev v\u00e1zat egyes\u00edt puha, fog\u00f3s gumi h\u00e9jjal, amely b\u00e1rmilyen id\u0151j\u00e1r\u00e1sban csendesen \u00e9s biztosan kezelhet\u0151. Alum\u00ednium oszlopok \u00e1gyazz\u00e1k a mechanizmust egy k\u00f6vetkezetes nullpont\u00e9rt, amelyet nem befoly\u00e1sol a h\u0151m\u00e9rs\u00e9klet, p\u00e1ratartalom vagy nedvess\u00e9g \u2014 kritikus egy prec\u00edzi\u00f3s pusk\u00e1hoz.<\/p>\n<h3>Tartoz\u00e9kok<\/h3>\n<ul>\n<li>Kov\u00e1csolt HOWA 1500 mechanizmus<\/li>\n<li>24&#8243;-os #6 neh\u00e9z profil, szabadon f\u00fcgg\u0151, hidegen kov\u00e1csolt cs\u0151<\/li>\n<li>5\/8&#8243;-24 menetes cs\u0151sz\u00e1j<\/li>\n<li>Hogue OverMolded oszlop\u00e1gyaz\u00e1s\u00fa szintetikus tusa<\/li>\n<li>HACT k\u00e9tl\u00e9pcs\u0151s match els\u00fct\u0151billenty\u0171<\/li>\n<li>H\u00e1rom\u00e1ll\u00e1s\u00fa biztos\u00edt\u00e9k<\/li>\n<li>Sub-MOA gy\u00e1ri pontoss\u00e1gi garancia<\/li>\n<\/ul>\n<h3>M\u0171szaki adatok<\/h3>\n<table>\n<tr>\n<th>Mechanizmus<\/th>\n<td>HOWA 1500 tol\u00f3z\u00e1r, kov\u00e1csolt egydarabos z\u00e1r, k\u00e9t reteszel\u0151f\u00fcl<\/td>\n<\/tr>\n<tr>\n<th>Kaliber<\/th>\n<td>.308 Winchester<\/td>\n<\/tr>\n<tr>\n<th>Cs\u0151hossz<\/th>\n<td>24&#8243;<\/td>\n<\/tr>\n<tr>\n<th>Cs\u0151profil<\/th>\n<td>#6 neh\u00e9z, szabadon f\u00fcgg\u0151, hidegen kov\u00e1csolt<\/td>\n<\/tr>\n<tr>\n<th>Huzagemelked\u00e9s<\/th>\n<td>1:10&#8243; jobbra<\/td>\n<\/tr>\n<tr>\n<th>Cs\u0151sz\u00e1j menet<\/th>\n<td>5\/8&#8243;-24 UNEF<\/td>\n<\/tr>\n<tr>\n<th>Cs\u0151sz\u00e1j \u00e1tm\u00e9r\u0151<\/th>\n<td>~21,7 mm (~0,855&#8243;)<\/td>\n<\/tr>\n<tr>\n<th>Teljes hossz<\/th>\n<td>~44,5&#8243;<\/td>\n<\/tr>\n<tr>\n<th>T\u00f6meg<\/th>\n<td>~9,3\u20139,9 lb tusaf\u00fcgg\u0151<\/td>\n<\/tr>\n<tr>\n<th>Tusa<\/th>\n<td>Hogue OverMolded, alum\u00ednium oszlop\u00e1gyaz\u00e1s\u00fa<\/td>\n<\/tr>\n<tr>\n<th>Els\u00fct\u0151billenty\u0171<\/th>\n<td>HACT k\u00e9tl\u00e9pcs\u0151s match<\/td>\n<\/tr>\n<tr>\n<th>Biztos\u00edt\u00e9k<\/th>\n<td>H\u00e1rom\u00e1ll\u00e1s\u00fa<\/td>\n<\/tr>\n<tr>\n<th>Fel\u00fclet<\/th>\n<td>Matt k\u00e9k\u00edtett<\/td>\n<\/tr>\n<tr>\n<th>Pontoss\u00e1gi garancia<\/th>\n<td>Sub-1 MOA (3 l\u00f6v\u00e9s \/ 100 yd, pr\u00e9mium l\u0151szer)<\/td>\n<\/tr>\n<\/table>\n","protected":false},"excerpt":{"rendered":"<p>A HOWA 1500 neh\u00e9zcs\u00f6ves varmint\/c\u00e9l konfigur\u00e1ci\u00f3ja .308 Winchester kaliberben, 24&#8243;-os #6 profil\u00fa szabadon f\u00fcgg\u0151 cs\u0151vel. Menetes cs\u0151sz\u00e1j, k\u00e9tl\u00e9pcs\u0151s HACT els\u00fct\u0151billenty\u0171, Hogue oszlop\u00e1gyaz\u00e1s\u00fa tusa, sub-MOA gy\u00e1ri garancia.<\/p>\n","protected":false},"featured_media":754894,"template":"","meta":{"_acf_changed":false},"product_brand":[16230],"product_cat":[16048,12920,12967],"product_tag":[],"class_list":{"0":"post-753311","1":"product","2":"type-product","3":"status-publish","4":"has-post-thumbnail","6":"product_brand-howa","7":"product_cat-bolt-action-rifles-hu","8":"product_cat-licencelt","9":"product_cat-puska","11":"first","12":"instock","13":"taxable","14":"shipping-taxable","15":"product-type-simple"},"acf":[],"_links":{"self":[{"href":"https:\/\/nbg.eu\/hu\/wp-json\/wp\/v2\/product\/753311","targetHints":{"allow":["GET"]}}],"collection":[{"href":"https:\/\/nbg.eu\/hu\/wp-json\/wp\/v2\/product"}],"about":[{"href":"https:\/\/nbg.eu\/hu\/wp-json\/wp\/v2\/types\/product"}],"wp:featuredmedia":[{"embeddable":true,"href":"https:\/\/nbg.eu\/hu\/wp-json\/wp\/v2\/media\/754894"}],"wp:attachment":[{"href":"https:\/\/nbg.eu\/hu\/wp-json\/wp\/v2\/media?parent=753311"}],"wp:term":[{"taxonomy":"product_brand","embeddable":true,"href":"https:\/\/nbg.eu\/hu\/wp-json\/wp\/v2\/product_brand?post=753311"},{"taxonomy":"product_cat","embeddable":true,"href":"https:\/\/nbg.eu\/hu\/wp-json\/wp\/v2\/product_cat?post=753311"},{"taxonomy":"product_tag","embeddable":true,"href":"https:\/\/nbg.eu\/hu\/wp-json\/wp\/v2\/product_tag?post=753311"}],"curies":[{"name":"wp","href":"https:\/\/api.w.org\/{rel}","templated":true}]}}