{"id":753345,"date":"2026-04-22T14:06:45","date_gmt":"2026-04-22T11:06:45","guid":{"rendered":"https:\/\/nbg.eu\/product\/ruger-ar-556-mpr-18-223-rem\/"},"modified":"2026-05-07T16:49:23","modified_gmt":"2026-05-07T13:49:23","slug":"ruger-ar-556-mpr-18-223-rem","status":"publish","type":"product","link":"https:\/\/nbg.eu\/hu\/termek\/ruger-ar-556-mpr-18-223-rem\/","title":{"rendered":"Ruger AR-556 MPR 18 f\u00e9lautomata karab\u00e9ly, .223 Rem"},"content":{"rendered":"<h2>Ruger AR-556 MPR 18 .223 Rem<\/h2>\n<p>A Ruger AR-556 MPR 18 az MPR sorozat hosszabb cs\u00f6v\u0171 v\u00e1ltozata, amelyet azoknak a l\u00f6v\u00e9szeknek terveztek, akik nagyobb t\u00e1vols\u00e1gokra ig\u00e9nylik a teljes .223 Remington\/5.56 NATO ballisztikai potenci\u00e1lt. A 18&#8243;-os cs\u0151 jelent\u0151sen t\u00f6bb sebess\u00e9get ad, mint a szabv\u00e1nyos 16&#8243;-os, ami magasabb kezd\u0151sebess\u00e9get, laposabb r\u00f6pp\u00e1ly\u00e1t \u00e9s nagyobb downrange energi\u00e1t eredm\u00e9nyez.<\/p>\n<h3>18&#8243;-os match min\u0151s\u00e9g\u0171 cs\u0151<\/h3>\n<p>A 18&#8243;-os cs\u0151 match min\u0151s\u00e9g\u0171, hidegen kov\u00e1csolt sz\u00e9nac\u00e9lb\u00f3l k\u00e9sz\u00fclt, 1:8&#8243; huzagemelked\u00e9ssel. Ez a cs\u0151hossz egyens\u00falyt teremt a sebess\u00e9g \u00e9s kezelhet\u0151s\u00e9g k\u00f6z\u00f6tt \u2014 elegend\u0151 hossz\u00fas\u00e1g\u00fa a teljes ballisztikai potenci\u00e1lhoz, mik\u00f6zben m\u00e9g praktikus marad terepen. A szabadon f\u00fcgg\u0151 szerel\u00e9s \u00e9s menetes cs\u0151sz\u00e1j a maxim\u00e1lis rugalmass\u00e1got biztos\u00edtja.<\/p>\n<h3>Kib\u0151v\u00edtett hat\u00f3t\u00e1vols\u00e1g<\/h3>\n<p>A 18&#8243;-os cs\u0151 a .223 Remington-ot eredeti tervez\u00e9si sz\u00e1nd\u00e9k\u00e1hoz igaz\u00edtja: nagyobb t\u00e1vols\u00e1g\u00fa pontoss\u00e1g. A nehezebb match min\u0151s\u00e9g\u0171 l\u00f6ved\u00e9kek (75\u201377 grain) 18&#8243;-os cs\u0151b\u0151l nagyobb hat\u00e9konys\u00e1got mutatnak, \u00e9s a magasabb kezd\u0151sebess\u00e9g lehet\u0151v\u00e9 teszi a hosszabb effekt\u00edv hat\u00f3t\u00e1vols\u00e1got, mint a szabv\u00e1nyos AR-15 karab\u00e9lyokkal.<\/p>\n<h3>Match min\u0151s\u00e9g\u0171 komponensek<\/h3>\n<p>Az MPR-rel ugyanazokkal a match min\u0151s\u00e9g\u0171 komponensekkel \u00e9rkezik, mint az MPR 16: k\u00e9tl\u00e9pcs\u0151s match els\u00fct\u0151billenty\u0171, finom\u00edtott cs\u0151min\u0151s\u00e9g \u00e9s prec\u00edz illeszt\u00e9sek. Az MPR 18 tov\u00e1bb n\u00f6veli a pontoss\u00e1gi potenci\u00e1lt a hosszabb cs\u00f6v\u00e9nek k\u00f6sz\u00f6nhet\u0151en.<\/p>\n<h3>15&#8243;-os M-LOK el\u0151\u00e1gy \u00e9s Magpul kieg\u00e9sz\u00edt\u0151k<\/h3>\n<p>A 15&#8243;-os M-LOK szabadon f\u00fcgg\u0151 el\u0151\u00e1gy modern, k\u00f6nny\u0171 \u00e9s funkcion\u00e1lis. A Magpul MOE SL tusa \u00e9s MOE markolat felemelik a k\u00e9ztart\u00e1st \u00e9s kezelhet\u0151s\u00e9get. Mindezek \u00f6sszegy\u0171lnek egy modern, kompetens AR-15 platformban, amely egyszerre alkalmas prec\u00edzi\u00f3s \u00e9s \u00e1ltal\u00e1nos c\u00e9l\u00fa felhaszn\u00e1l\u00e1sra.<\/p>\n<h3>Tartoz\u00e9kok<\/h3>\n<ul>\n<li>Forg\u00e1csolt fels\u0151, meger\u0151s\u00edtett als\u00f3 tok<\/li>\n<li>18&#8243;-os match min\u0151s\u00e9g\u0171 hidegen kov\u00e1csolt cs\u0151<\/li>\n<li>15&#8243;-os M-LOK szabadon f\u00fcgg\u0151 el\u0151\u00e1gy<\/li>\n<li>K\u00e9tl\u00e9pcs\u0151s match els\u00fct\u0151billenty\u0171<\/li>\n<li>1\/2&#8243;-28 menetes cs\u0151sz\u00e1j<\/li>\n<\/ul>\n<h3>M\u0171szaki adatok<\/h3>\n<table>\n<tr>\n<th>Mechanizmus<\/th>\n<td>F\u00e9lautomata, k\u00f6zvetlen g\u00e1zelvezet\u00e9s<\/td>\n<\/tr>\n<tr>\n<th>Kaliber<\/th>\n<td>.223 Rem \/ 5.56 NATO<\/td>\n<\/tr>\n<tr>\n<th>Cs\u0151hossz<\/th>\n<td>18&#8243;<\/td>\n<\/tr>\n<tr>\n<th>Cs\u0151profil<\/th>\n<td>Match min\u0151s\u00e9g\u0171, hidegen kov\u00e1csolt<\/td>\n<\/tr>\n<tr>\n<th>Huzagemelked\u00e9s<\/th>\n<td>1:8&#8243;<\/td>\n<\/tr>\n<tr>\n<th>Cs\u0151sz\u00e1j menet<\/th>\n<td>1\/2&#8243;-28<\/td>\n<\/tr>\n<tr>\n<th>El\u0151\u00e1gy<\/th>\n<td>15&#8243; M-LOK szabadon f\u00fcgg\u0151<\/td>\n<\/tr>\n<tr>\n<th>Tusa<\/th>\n<td>Magpul MOE SL hatpoz\u00edci\u00f3s<\/td>\n<\/tr>\n<tr>\n<th>Markolat<\/th>\n<td>Magpul MOE<\/td>\n<\/tr>\n<tr>\n<th>Els\u00fct\u0151billenty\u0171<\/th>\n<td>K\u00e9tl\u00e9pcs\u0151s match<\/td>\n<\/tr>\n<tr>\n<th>Pontoss\u00e1gi potenci\u00e1l<\/th>\n<td>Sub-MOA pr\u00e9mium l\u0151szerrel, hosszabb effekt\u00edv hat\u00f3t\u00e1v<\/td>\n<\/tr>\n<\/table>\n","protected":false},"excerpt":{"rendered":"<p>Ruger AR-556 MPR (Multi-Purpose Rifle) 18&#8243;-os v\u00e1ltozata .223 Rem kaliberben hosszabb t\u00e1vols\u00e1g\u00fa haszn\u00e1latra. Match min\u0151s\u00e9g\u0171 cs\u0151, 15&#8243;-os M-LOK el\u0151\u00e1gy, k\u00e9tl\u00e9pcs\u0151s els\u00fct\u0151billenty\u0171, Magpul tusa \u00e9s markolat, kiv\u00e1l\u00f3 pontoss\u00e1gi potenci\u00e1l.<\/p>\n","protected":false},"featured_media":753346,"template":"","meta":{"_acf_changed":false},"product_brand":[16232],"product_cat":[16198,12899,12920,12967,15815],"product_tag":[],"class_list":{"0":"post-753345","1":"product","2":"type-product","3":"status-publish","4":"has-post-thumbnail","6":"product_brand-ruger","7":"product_cat-ar-15-rifles-hu","8":"product_cat-karabinerek","9":"product_cat-licencelt","10":"product_cat-puska","11":"product_cat-semi-automatic-rifles-hu","13":"first","14":"instock","15":"taxable","16":"shipping-taxable","17":"product-type-simple"},"acf":[],"_links":{"self":[{"href":"https:\/\/nbg.eu\/hu\/wp-json\/wp\/v2\/product\/753345","targetHints":{"allow":["GET"]}}],"collection":[{"href":"https:\/\/nbg.eu\/hu\/wp-json\/wp\/v2\/product"}],"about":[{"href":"https:\/\/nbg.eu\/hu\/wp-json\/wp\/v2\/types\/product"}],"wp:featuredmedia":[{"embeddable":true,"href":"https:\/\/nbg.eu\/hu\/wp-json\/wp\/v2\/media\/753346"}],"wp:attachment":[{"href":"https:\/\/nbg.eu\/hu\/wp-json\/wp\/v2\/media?parent=753345"}],"wp:term":[{"taxonomy":"product_brand","embeddable":true,"href":"https:\/\/nbg.eu\/hu\/wp-json\/wp\/v2\/product_brand?post=753345"},{"taxonomy":"product_cat","embeddable":true,"href":"https:\/\/nbg.eu\/hu\/wp-json\/wp\/v2\/product_cat?post=753345"},{"taxonomy":"product_tag","embeddable":true,"href":"https:\/\/nbg.eu\/hu\/wp-json\/wp\/v2\/product_tag?post=753345"}],"curies":[{"name":"wp","href":"https:\/\/api.w.org\/{rel}","templated":true}]}}