{"id":753352,"date":"2026-04-22T14:06:47","date_gmt":"2026-04-22T11:06:47","guid":{"rendered":"https:\/\/nbg.eu\/product\/ruger-pc-carbine-felautomata-karabely-9x19\/"},"modified":"2026-04-30T16:35:45","modified_gmt":"2026-04-30T13:35:45","slug":"ruger-pc-carbine-felautomata-karabely-9x19","status":"publish","type":"product","link":"https:\/\/nbg.eu\/hu\/termek\/ruger-pc-carbine-felautomata-karabely-9x19\/","title":{"rendered":"Ruger PC Carbine f\u00e9lautomata karab\u00e9ly, 9&#215;19"},"content":{"rendered":"<h2>Ruger PC Carbine 9&#215;19<\/h2>\n<p>A Ruger PC Carbine egy pisztoly-kaliber\u0171 f\u00e9lautomata karab\u00e9ly 9&#215;19 (9mm Luger) kaliberben, amely az alacsony visszar\u00fag\u00e1s\u00fa, k\u00f6nnyen kezelhet\u0151 platformot \u00f6tv\u00f6zi a karab\u00e9lyok stabilit\u00e1s\u00e1val \u00e9s pontoss\u00e1g\u00e1val. A puska sokoldal\u00fa: kiv\u00e1l\u00f3an haszn\u00e1lhat\u00f3 c\u00e9ll\u00f6v\u00e9sre, plinkingre, otthoni v\u00e9delemre, \u00e9s annak k\u00f6sz\u00f6nhet\u0151en, hogy ugyanazt a 9&#215;19 l\u0151szert haszn\u00e1lja, amelyet sok pisztoly is, k\u00f6lts\u00e9ghat\u00e9kony platform a gyakorl\u00e1shoz.<\/p>\n<h3>Eltartott massz\u00e1s m\u0171k\u00f6d\u00e9s<\/h3>\n<p>A PC Carbine eltartott massz\u00e1s (delayed blowback) m\u0171k\u00f6dtet\u0151 rendszerre \u00e9p\u00fcl, amely sim\u00e1bb m\u0171k\u00f6d\u00e9st biztos\u00edt, mint a hagyom\u00e1nyos egyszer\u0171 blowback rendszerek. A m\u0171k\u00f6dtet\u00e9s alacsonyabb visszar\u00fag\u00e1st \u00e9s kevesebb arc visszacsap\u00e1st jelent, ami rendk\u00edv\u00fcl k\u00e9nyelmess\u00e9 teszi a hossz\u00fa l\u00f6v\u00e9ssorozatokon \u00e1t.<\/p>\n<h3>Csere magazin (Glock-kompatibilis)<\/h3>\n<p>Az egyik kiemelked\u0151 funkci\u00f3 a csere magazin rendszer: a PC Carbine alapb\u00f3l Ruger SR9 \u00e9s Ruger Security-9 magazinokkal \u00e9rkezik, de egy egyszer\u0171 cser\u00e9vel kompatibilis Glock pisztoly magazinokkal is. Ez azt jelenti, hogy l\u0151szer- \u00e9s magazinkompatibilit\u00e1s j\u00f6n l\u00e9tre Glock pisztolyokkal \u2014 egy t\u00f6k\u00e9letes v\u00e1laszt\u00e1s Glock tulajdonosok sz\u00e1m\u00e1ra.<\/p>\n<h3>\u00c1ll\u00edthat\u00f3 tusa \u00e9s kezel\u0151szervek<\/h3>\n<p>A PC Carbine \u00e1ll\u00edthat\u00f3 hossz\u00fas\u00e1g\u00fa tus\u00e1val \u00e9s \u00e1tford\u00edthat\u00f3 \u00fcr\u00edt\u0151vel \u00e9s t\u00e1rzsekkel rendelkezik, \u00edgy k\u00f6nnyen alkalmazkodik a jobb- \u00e9s balkezes l\u00f6v\u0151kh\u00f6z. A puska sz\u00e9tszerelhet\u0151 t\u00e1rol\u00e1si vagy sz\u00e1ll\u00edt\u00e1si c\u00e9lokra an\u00e9lk\u00fcl, hogy szersz\u00e1mra lenne sz\u00fcks\u00e9ge \u2014 egyed\u00fcl\u00e1ll\u00f3 jellemz\u0151 karab\u00e9lyok k\u00f6z\u00f6tt.<\/p>\n<h3>M-LOK el\u0151\u00e1gy \u00e9s Picatinny s\u00edn<\/h3>\n<p>A modern verzi\u00f3k M-LOK el\u0151\u00e1ggyal \u00e9rkeznek a tartoz\u00e9koknak, \u00e9s Picatinny s\u00ednnel a teljes hossz\u00fas\u00e1g\u00fa optikai szerel\u00e9shez. Reflex\/red dot optik\u00e1k, l\u00e1mp\u00e1k \u00e9s l\u00e9zerek k\u00f6nnyen r\u00f6gz\u00edthet\u0151ek a karab\u00e9lyhoz.<\/p>\n<h3>Tartoz\u00e9kok<\/h3>\n<ul>\n<li>Eltartott massz\u00e1s m\u0171k\u00f6dtet\u0151 rendszer<\/li>\n<li>\u00c1ll\u00edthat\u00f3 tusa \u00e9s \u00e1tford\u00edthat\u00f3 kezel\u0151szervek<\/li>\n<li>Szersz\u00e1m n\u00e9lk\u00fcl sz\u00e9tszerelhet\u0151<\/li>\n<li>M-LOK el\u0151\u00e1gy \u00e9s Picatinny s\u00edn<\/li>\n<li>Menetes cs\u0151sz\u00e1j hangtomp\u00edt\u00f3hoz vagy cs\u0151sz\u00e1jf\u00e9khez<\/li>\n<\/ul>\n<h3>M\u0171szaki adatok<\/h3>\n<table>\n<tr>\n<th>Mechanizmus<\/th>\n<td>F\u00e9lautomata, eltartott massz\u00e1s<\/td>\n<\/tr>\n<tr>\n<th>Kaliber<\/th>\n<td>9&#215;19 (9mm Luger)<\/td>\n<\/tr>\n<tr>\n<th>Cs\u0151hossz<\/th>\n<td>16,12&#8243;<\/td>\n<\/tr>\n<tr>\n<th>Cs\u0151sz\u00e1j menet<\/th>\n<td>1\/2&#8243;-28<\/td>\n<\/tr>\n<tr>\n<th>El\u0151\u00e1gy<\/th>\n<td>M-LOK<\/td>\n<\/tr>\n<tr>\n<th>Tusa<\/th>\n<td>\u00c1ll\u00edthat\u00f3 szintetikus<\/td>\n<\/tr>\n<tr>\n<th>T\u00f6meg<\/th>\n<td>~6,8 lb<\/td>\n<\/tr>\n<tr>\n<th>Teljes hossz<\/th>\n<td>~34,4&#8243;<\/td>\n<\/tr>\n<tr>\n<th>Fel\u00fclet<\/th>\n<td>Matt fekete<\/td>\n<\/tr>\n<\/table>\n","protected":false},"excerpt":{"rendered":"<p>Ruger PC Carbine pisztoly-kaliber\u0171 f\u00e9lautomata karab\u00e9ly 9&#215;19 kaliberben. Eltartott massz\u00e1s, \u00e1ll\u00edthat\u00f3 tusa, M-LOK el\u0151\u00e1gy \u00e9s letiszt\u00edtott trigger pull. Sokoldal\u00fa a c\u00e9lzott l\u00f6v\u00e9shez, otthoni v\u00e9delemhez vagy plinkinghez.<\/p>\n","protected":false},"featured_media":755005,"template":"","meta":{"_acf_changed":false},"product_brand":[16232],"product_cat":[12899,12920,12932,12967,15815],"product_tag":[],"class_list":{"0":"post-753352","1":"product","2":"type-product","3":"status-publish","4":"has-post-thumbnail","6":"product_brand-ruger","7":"product_cat-karabinerek","8":"product_cat-licencelt","9":"product_cat-pcc","10":"product_cat-puska","11":"product_cat-semi-automatic-rifles-hu","13":"first","14":"instock","15":"taxable","16":"shipping-taxable","17":"product-type-simple"},"acf":[],"_links":{"self":[{"href":"https:\/\/nbg.eu\/hu\/wp-json\/wp\/v2\/product\/753352","targetHints":{"allow":["GET"]}}],"collection":[{"href":"https:\/\/nbg.eu\/hu\/wp-json\/wp\/v2\/product"}],"about":[{"href":"https:\/\/nbg.eu\/hu\/wp-json\/wp\/v2\/types\/product"}],"wp:featuredmedia":[{"embeddable":true,"href":"https:\/\/nbg.eu\/hu\/wp-json\/wp\/v2\/media\/755005"}],"wp:attachment":[{"href":"https:\/\/nbg.eu\/hu\/wp-json\/wp\/v2\/media?parent=753352"}],"wp:term":[{"taxonomy":"product_brand","embeddable":true,"href":"https:\/\/nbg.eu\/hu\/wp-json\/wp\/v2\/product_brand?post=753352"},{"taxonomy":"product_cat","embeddable":true,"href":"https:\/\/nbg.eu\/hu\/wp-json\/wp\/v2\/product_cat?post=753352"},{"taxonomy":"product_tag","embeddable":true,"href":"https:\/\/nbg.eu\/hu\/wp-json\/wp\/v2\/product_tag?post=753352"}],"curies":[{"name":"wp","href":"https:\/\/api.w.org\/{rel}","templated":true}]}}