{"id":753362,"date":"2026-04-22T14:06:50","date_gmt":"2026-04-22T11:06:50","guid":{"rendered":"https:\/\/nbg.eu\/product\/daniel-defense-ddm4v7-felautomata-karabely-223-rem\/"},"modified":"2026-04-29T14:22:50","modified_gmt":"2026-04-29T11:22:50","slug":"daniel-defense-ddm4v7-felautomata-karabely-223-rem","status":"publish","type":"product","link":"https:\/\/nbg.eu\/hu\/termek\/daniel-defense-ddm4v7-felautomata-karabely-223-rem\/","title":{"rendered":"Daniel Defense DDM4V7 f\u00e9lautomata karab\u00e9ly, .223 Rem"},"content":{"rendered":"<h2>Daniel Defense DDM4V7 .223 Rem<\/h2>\n<p>A Daniel Defense (DD) egy az amerikai katonai \u00e9s b\u0171n\u00fcgyi rend\u00e9szeti k\u00f6z\u00f6ss\u00e9g legink\u00e1bb tisztelt AR-15 \u00e9p\u00edt\u0151i k\u00f6z\u00e9 tartozik. A DDM4V7 a v\u00e1llalat z\u00e1szl\u00f3shaj\u00f3ja \u2014 olyan szigor\u00fa toleranci\u00e1kkal, pr\u00e9mium komponensekkel \u00e9s kiv\u00e9teles min\u0151s\u00e9gellen\u0151rz\u00e9ssel rendelkezik, amelyek n\u00e9ha katonai szerz\u0151d\u00e9sek\u00e9rt versengenek. Ez egy olyan AR-15, amelyre civil tulajdonosok \u00e9lethosszig sz\u00e1m\u00edthatnak.<\/p>\n<h3>Hidegen kov\u00e1csolt cs\u0151szerkezet<\/h3>\n<p>A DDM4V7 cs\u00f6ve hidegen kov\u00e1csolt, kr\u00f3mmolibd\u00e9n ac\u00e9lb\u00f3l k\u00e9sz\u00fcl. A hidegen kov\u00e1csolt elj\u00e1r\u00e1s kiv\u00e9teles cs\u0151furat egyenletess\u00e9get, tart\u00f3ss\u00e1got \u00e9s pontoss\u00e1got biztos\u00edt. A cs\u0151 kr\u00f3mozott a hosszabb \u00e9lettartam\u00e9rt, \u00e9s menetes 1\/2&#8243;-28 a cs\u0151sz\u00e1j felt\u00e9tekhez.<\/p>\n<h3>MFR XS 15.0 M-LOK el\u0151\u00e1gy<\/h3>\n<p>A DDM4V7 a Daniel Defense egyedi MFR XS 15.0 M-LOK el\u0151\u00e1gy\u00e1val \u00e9rkezik \u2014 egy 15&#8243;-os szabadon f\u00fcgg\u0151 rendszer M-LOK foglalatokkal 7 oldalon, \u00e9s Picatinny s\u00ednnel a tetej\u00e9n. Az el\u0151\u00e1gy k\u00f6nnyebb \u00e9s karcs\u00fabb, mint sok versenyt\u00e1rsa, \u00e9s kiv\u00e1l\u00f3 ergon\u00f3mi\u00e1val rendelkezik a k\u00e9ztart\u00e1shoz.<\/p>\n<h3>DD egyedi komponensek<\/h3>\n<p>Minden alkatr\u00e9sz \u2014 a tokokt\u00f3l a t\u00e1rig \u2014 Daniel Defense bels\u0151 szabv\u00e1nyainak megfelel\u0151en gy\u00e1rtott. Ez mag\u00e1ban foglalja a fels\u0151 \u00e9s als\u00f3 tokokat, BCG-t, \u00fctk\u00f6z\u0151cs\u00f6vet, g\u00e1zrendszert \u00e9s cs\u0151sz\u00e1j felt\u00e9tet. Az illeszt\u00e9s \u00e9s fel\u00fclet egyenetlen\u00fcl kiv\u00e1l\u00f3, \u00e9s a karab\u00e9ly dobozb\u00f3l kivetten verseny-szint\u0171 \u00e9rz\u00e9st kelt.<\/p>\n<h3>Hadsereg- \u00e9s rend\u0151rs\u00e9g-bizony\u00edtott<\/h3>\n<p>A Daniel Defense karab\u00e9lyok az amerikai k\u00fcl\u00f6nleges m\u0171veletek \u00e9s sz\u00e1mos rend\u0151rs\u00e9gi szervezet \u00e1ltal haszn\u00e1ltak. Ez a h\u00e1tt\u00e9r biztos\u00edtja, hogy a DDM4V7 a kompromisszumok n\u00e9lk\u00fcli min\u0151s\u00e9get \u00e9s megb\u00edzhat\u00f3s\u00e1got k\u00e9pviseli \u2014 akkor is, ha a civil verzi\u00f3.<\/p>\n<h3>Tartoz\u00e9kok<\/h3>\n<ul>\n<li>Daniel Defense forg\u00e1csolt fels\u0151 \u00e9s als\u00f3 tok<\/li>\n<li>16&#8243;-os hidegen kov\u00e1csolt kr\u00f3mozott cs\u0151<\/li>\n<li>MFR XS 15.0 M-LOK szabadon f\u00fcgg\u0151 el\u0151\u00e1gy<\/li>\n<li>DD egyedi BCG \u00e9s teljes als\u00f3 alkatr\u00e9sz<\/li>\n<li>DD cs\u0151sz\u00e1jf\u00e9k vagy mad\u00e1rfog\u00f3<\/li>\n<li>DD ergon\u00f3miai markolat \u00e9s tusa<\/li>\n<\/ul>\n<h3>M\u0171szaki adatok<\/h3>\n<table>\n<tr>\n<th>Mechanizmus<\/th>\n<td>F\u00e9lautomata, k\u00f6zvetlen g\u00e1zelvezet\u00e9s<\/td>\n<\/tr>\n<tr>\n<th>Kaliber<\/th>\n<td>.223 Rem \/ 5.56 NATO<\/td>\n<\/tr>\n<tr>\n<th>Cs\u0151hossz<\/th>\n<td>16&#8243;<\/td>\n<\/tr>\n<tr>\n<th>Cs\u0151profil<\/th>\n<td>Hidegen kov\u00e1csolt CMV, kr\u00f3mozott<\/td>\n<\/tr>\n<tr>\n<th>Huzagemelked\u00e9s<\/th>\n<td>1:7&#8243;<\/td>\n<\/tr>\n<tr>\n<th>Cs\u0151sz\u00e1j menet<\/th>\n<td>1\/2&#8243;-28<\/td>\n<\/tr>\n<tr>\n<th>El\u0151\u00e1gy<\/th>\n<td>DD MFR XS 15.0 M-LOK<\/td>\n<\/tr>\n<tr>\n<th>Tusa<\/th>\n<td>DD ergon\u00f3miai hatpoz\u00edci\u00f3s<\/td>\n<\/tr>\n<tr>\n<th>Markolat<\/th>\n<td>DD ergon\u00f3miai<\/td>\n<\/tr>\n<tr>\n<th>T\u00f6meg<\/th>\n<td>~6,5 lb<\/td>\n<\/tr>\n<\/table>\n","protected":false},"excerpt":{"rendered":"<p>Pr\u00e9mium Daniel Defense DDM4V7 f\u00e9lautomata karab\u00e9ly .223 Rem kaliberben. Hidegen kov\u00e1csolt cs\u0151szerkezet, MFR XS 15.0 M-LOK szabadon f\u00fcgg\u0151 el\u0151\u00e1gy, Daniel Defense furcsas\u00e1ghiba alkatr\u00e9szek \u00e9s pr\u00e9mium fel\u00fclet \u2014 az AR-15 platform cs\u00facsa.<\/p>\n","protected":false},"featured_media":755081,"template":"","meta":{"_acf_changed":false},"product_brand":[16234],"product_cat":[16198,12899,12920,12967,15815],"product_tag":[],"class_list":{"0":"post-753362","1":"product","2":"type-product","3":"status-publish","4":"has-post-thumbnail","6":"product_brand-daniel-defense","7":"product_cat-ar-15-rifles-hu","8":"product_cat-karabinerek","9":"product_cat-licencelt","10":"product_cat-puska","11":"product_cat-semi-automatic-rifles-hu","13":"first","14":"instock","15":"taxable","16":"shipping-taxable","17":"product-type-simple"},"acf":[],"_links":{"self":[{"href":"https:\/\/nbg.eu\/hu\/wp-json\/wp\/v2\/product\/753362","targetHints":{"allow":["GET"]}}],"collection":[{"href":"https:\/\/nbg.eu\/hu\/wp-json\/wp\/v2\/product"}],"about":[{"href":"https:\/\/nbg.eu\/hu\/wp-json\/wp\/v2\/types\/product"}],"wp:featuredmedia":[{"embeddable":true,"href":"https:\/\/nbg.eu\/hu\/wp-json\/wp\/v2\/media\/755081"}],"wp:attachment":[{"href":"https:\/\/nbg.eu\/hu\/wp-json\/wp\/v2\/media?parent=753362"}],"wp:term":[{"taxonomy":"product_brand","embeddable":true,"href":"https:\/\/nbg.eu\/hu\/wp-json\/wp\/v2\/product_brand?post=753362"},{"taxonomy":"product_cat","embeddable":true,"href":"https:\/\/nbg.eu\/hu\/wp-json\/wp\/v2\/product_cat?post=753362"},{"taxonomy":"product_tag","embeddable":true,"href":"https:\/\/nbg.eu\/hu\/wp-json\/wp\/v2\/product_tag?post=753362"}],"curies":[{"name":"wp","href":"https:\/\/api.w.org\/{rel}","templated":true}]}}