{"id":753365,"date":"2026-04-22T14:06:51","date_gmt":"2026-04-22T11:06:51","guid":{"rendered":"https:\/\/nbg.eu\/product\/lwrc-di-felautomata-karabely-223-rem\/"},"modified":"2026-04-29T14:24:21","modified_gmt":"2026-04-29T11:24:21","slug":"lwrc-di-felautomata-karabely-223-rem","status":"publish","type":"product","link":"https:\/\/nbg.eu\/hu\/termek\/lwrc-di-felautomata-karabely-223-rem\/","title":{"rendered":"LWRC DI f\u00e9lautomata karab\u00e9ly, .223 Rem"},"content":{"rendered":"<h2>LWRC DI .223 Rem<\/h2>\n<p>A LWRC International (Land Warfare Resources Corporation) egy az AR-15 piac pr\u00e9mium szegmens\u00e9nek egyik \u00e9lvonalbeli v\u00e1llalata. B\u00e1r ismertek a saj\u00e1tos r\u00f6vid g\u00e1z-piston rendszerr\u0151l, a LWRC DI sorozat egy k\u00f6zvetlen g\u00e1zelvezet\u00e9s\u0171 (Direct Impingement) platform, amely az olyan v\u00e1s\u00e1rl\u00f3kat c\u00e9lozza, akik LWRC-szint\u0171 min\u0151s\u00e9get szeretn\u00e9nek hagyom\u00e1nyos AR-15 architekt\u00far\u00e1ban.<\/p>\n<h3>Hidegen kov\u00e1csolt cs\u0151<\/h3>\n<p>A LWRC DI hidegen kov\u00e1csolt, NiCorr fel\u00fclettel kezelt cs\u0151vel rendelkezik. A NiCorr egy fejlett ker\u00e1mia-f\u00e9m kompozit fel\u00fclet, amely p\u00e1ratlan korr\u00f3zi\u00f3\u00e1ll\u00f3s\u00e1got \u00e9s tart\u00f3ss\u00e1got biztos\u00edt \u2014 m\u00e9g a kr\u00f3mot is fel\u00fclm\u00falva sok m\u00e9r\u0151sz\u00e1mban. A cs\u0151 1:7&#8243; huzagemelked\u00e9ssel rendelkezik a teljes l\u00f6ved\u00e9ktartom\u00e1ny stabiliz\u00e1l\u00e1s\u00e1hoz.<\/p>\n<h3>Monolitikus fels\u0151 tok<\/h3>\n<p>A LWRC fejlett forg\u00e1csol\u00e1si k\u00e9pess\u00e9geit a monolitikus fels\u0151 tok bemutatja, amely a tokot \u00e9s el\u0151\u00e1gyat egyetlen darabb\u00f3l k\u00e9sz\u00edti. Ez nyersz merevs\u00e9g\u00e9t adja az optikai b\u00e1zishoz, a s\u00edn igaz\u00edt\u00e1s\u00e1t kiv\u00e9telesnek teszi, \u00e9s a teljes fels\u0151 szerelv\u00e9nyt rendk\u00edv\u00fcl stabill\u00e1 teszi.<\/p>\n<h3>Fejlett ergon\u00f3mia<\/h3>\n<p>A LWRC DI fejlett ergon\u00f3miai elemekkel \u00e9rkezik: b\u0151v\u00edtett kezel\u0151szervek, ergonomikus markolat, \u00e9s \u00e1ll\u00edthat\u00f3 tusa. Az \u00e1tford\u00edthat\u00f3 t\u00e1rzeg \u00e9s lemezek lehet\u0151v\u00e9 teszik a k\u00f6nny\u0171 alkalmazkod\u00e1st a jobb- \u00e9s balkezes l\u00f6v\u0151kh\u00f6z. Az als\u00f3 tok teljesen forg\u00e1csolt 7075-T6 alum\u00edniumb\u00f3l.<\/p>\n<h3>Katonai-szint\u0171 min\u0151s\u00e9g<\/h3>\n<p>A LWRC karab\u00e9lyokat sz\u00e1mos katonai szervezet \u00e9s k\u00fcl\u00f6nleges m\u0171veleti egys\u00e9g haszn\u00e1lja vil\u00e1gszerte. Ez a h\u00e1tt\u00e9r biztos\u00edtja, hogy a DI sorozat az adott katonai-szint\u0171 min\u0151s\u00e9get hozza polg\u00e1ri l\u00f6v\u00e9szeknek \u2014 egy AR-15 amelyre \u00e9lethosszig sz\u00e1m\u00edthatnak.<\/p>\n<h3>Tartoz\u00e9kok<\/h3>\n<ul>\n<li>Forg\u00e1csolt 7075-T6 fels\u0151 \u00e9s als\u00f3 tok<\/li>\n<li>Hidegen kov\u00e1csolt NiCorr cs\u0151<\/li>\n<li>Monolitikus rendszer M-LOK foglalatokkal<\/li>\n<li>LWRC egyedi BCG<\/li>\n<li>B\u0151v\u00edtett ergonomikus kezel\u0151szervek<\/li>\n<li>Hatpoz\u00edci\u00f3s \u00e1ll\u00edthat\u00f3 tusa<\/li>\n<li>LWRC egyedi cs\u0151sz\u00e1jf\u00e9k<\/li>\n<\/ul>\n<h3>M\u0171szaki adatok<\/h3>\n<table>\n<tr>\n<th>Mechanizmus<\/th>\n<td>F\u00e9lautomata, k\u00f6zvetlen g\u00e1zelvezet\u00e9s (DI)<\/td>\n<\/tr>\n<tr>\n<th>Kaliber<\/th>\n<td>.223 Rem \/ 5.56 NATO<\/td>\n<\/tr>\n<tr>\n<th>Cs\u0151hossz<\/th>\n<td>16&#8243;<\/td>\n<\/tr>\n<tr>\n<th>Cs\u0151fel\u00fclet<\/th>\n<td>NiCorr ker\u00e1mia-f\u00e9m kompozit<\/td>\n<\/tr>\n<tr>\n<th>Huzagemelked\u00e9s<\/th>\n<td>1:7&#8243;<\/td>\n<\/tr>\n<tr>\n<th>Fels\u0151 tok<\/th>\n<td>Monolitikus, forg\u00e1csolt<\/td>\n<\/tr>\n<tr>\n<th>Tokok<\/th>\n<td>Forg\u00e1csolt 7075-T6<\/td>\n<\/tr>\n<tr>\n<th>Tusa<\/th>\n<td>Hatpoz\u00edci\u00f3s \u00e1ll\u00edthat\u00f3<\/td>\n<\/tr>\n<tr>\n<th>Markolat<\/th>\n<td>Ergonomikus<\/td>\n<\/tr>\n<tr>\n<th>Fel\u00fclet<\/th>\n<td>Type III kem\u00e9ny anodiz\u00e1lt<\/td>\n<\/tr>\n<\/table>\n","protected":false},"excerpt":{"rendered":"<p>Pr\u00e9mium LWRC International DI f\u00e9lautomata karab\u00e9ly .223 Rem kaliberben k\u00f6zvetlen g\u00e1zelvezet\u00e9s\u0171 platformon. Hidegen kov\u00e1csolt cs\u0151, monolitikus fels\u0151 tok, fejlett ergon\u00f3mia \u00e9s LWRC katonai-szint\u0171 min\u0151s\u00e9g.<\/p>\n","protected":false},"featured_media":755054,"template":"","meta":{"_acf_changed":false},"product_brand":[16235],"product_cat":[16198,12899,12920,12967,15815],"product_tag":[],"class_list":{"0":"post-753365","1":"product","2":"type-product","3":"status-publish","4":"has-post-thumbnail","6":"product_brand-lwrc","7":"product_cat-ar-15-rifles-hu","8":"product_cat-karabinerek","9":"product_cat-licencelt","10":"product_cat-puska","11":"product_cat-semi-automatic-rifles-hu","13":"first","14":"instock","15":"taxable","16":"shipping-taxable","17":"product-type-simple"},"acf":[],"_links":{"self":[{"href":"https:\/\/nbg.eu\/hu\/wp-json\/wp\/v2\/product\/753365","targetHints":{"allow":["GET"]}}],"collection":[{"href":"https:\/\/nbg.eu\/hu\/wp-json\/wp\/v2\/product"}],"about":[{"href":"https:\/\/nbg.eu\/hu\/wp-json\/wp\/v2\/types\/product"}],"wp:featuredmedia":[{"embeddable":true,"href":"https:\/\/nbg.eu\/hu\/wp-json\/wp\/v2\/media\/755054"}],"wp:attachment":[{"href":"https:\/\/nbg.eu\/hu\/wp-json\/wp\/v2\/media?parent=753365"}],"wp:term":[{"taxonomy":"product_brand","embeddable":true,"href":"https:\/\/nbg.eu\/hu\/wp-json\/wp\/v2\/product_brand?post=753365"},{"taxonomy":"product_cat","embeddable":true,"href":"https:\/\/nbg.eu\/hu\/wp-json\/wp\/v2\/product_cat?post=753365"},{"taxonomy":"product_tag","embeddable":true,"href":"https:\/\/nbg.eu\/hu\/wp-json\/wp\/v2\/product_tag?post=753365"}],"curies":[{"name":"wp","href":"https:\/\/api.w.org\/{rel}","templated":true}]}}