{"id":753404,"date":"2026-04-22T14:07:01","date_gmt":"2026-04-22T11:07:01","guid":{"rendered":"https:\/\/nbg.eu\/product\/federal-fusion-460-sw-mag-260-grain-vadaszloszer\/"},"modified":"2026-04-29T14:34:33","modified_gmt":"2026-04-29T11:34:33","slug":"federal-fusion-460-sw-mag-260-grain-vadaszloszer","status":"publish","type":"product","link":"https:\/\/nbg.eu\/hu\/termek\/federal-fusion-460-sw-mag-260-grain-vadaszloszer\/","title":{"rendered":"Federal Fusion .460 S&amp;W Mag 260 grain \u2014 vad\u00e1szl\u0151szer"},"content":{"rendered":"<h2>Federal Fusion .460 S&amp;W Mag 260 grain<\/h2>\n<p>A Federal Fusion .460 S&amp;W Magnum 260 grain egyik leghat\u00e9konyabb pisztolykaliber\u0171 vad\u00e1szl\u0151szer a piacon. A .460 S&amp;W Magnum t\u00f6lt\u00e9ny a Smith &amp; Wesson \u00e9s Federal egy\u00fcttm\u0171k\u00f6d\u00e9sek\u00e9nt kifejlesztett, a leger\u0151sebb gy\u00e1ri pisztolyt\u00f6lt\u00e9nyek egyike. Ezzel kieg\u00e9sz\u00edtve a Federal Fusion l\u00f6ved\u00e9ktechnol\u00f3gi\u00e1t, ez a l\u0151szer alkalmas a komoly nagyvad\u00e1szatra is.<\/p>\n<h3>.460 S&amp;W Magnum teljes\u00edtm\u00e9ny<\/h3>\n<p>A .460 S&amp;W Magnum csaknem .30-30 Winchester-szint\u0171 ballisztikai teljes\u00edtm\u00e9nyt ny\u00fajt egy pisztoly platformj\u00e1n. Egy 260 grain Fusion l\u00f6ved\u00e9kkel a kezd\u0151sebess\u00e9g meghaladhatja a 2000 fps-t, ami pisztolyban rendk\u00edv\u00fcli \u2014 egy 8&#8243;-os Smith &amp; Wesson Performance Center revolverben.<\/p>\n<h3>Fusion l\u00f6ved\u00e9k technol\u00f3gia<\/h3>\n<p>A Federal egyedi molekul\u00e1risan k\u00f6t\u00f6tt Fusion l\u00f6ved\u00e9ke biztos\u00edtja, hogy a l\u00f6ved\u00e9k becsap\u00f3d\u00e1skor egys\u00e9ges maradjon. A molekul\u00e1risan k\u00f6t\u00f6tt r\u00e9z k\u00f6peny \u00e9s \u00f3lom mag nem sz\u00e9tv\u00e1lhat \u2014 ami kritikus a megb\u00edzhat\u00f3 \u00e9s kisz\u00e1m\u00edthat\u00f3 t\u00e1gul\u00e1s \u00e9s \u00e1thatol\u00e1s szempontj\u00e1b\u00f3l. Ez k\u00fcl\u00f6n\u00f6sen fontos, ha pisztoly-platformon vad\u00e1szik nagy vadra.<\/p>\n<h3>260 grain s\u00faly<\/h3>\n<p>A 260 grain s\u00faly egyens\u00falyt teremt a sebess\u00e9g, lapos r\u00f6pp\u00e1lya \u00e9s \u00e1thatol\u00e1s k\u00f6z\u00f6tt. El\u00e9g neh\u00e9z a megb\u00edzhat\u00f3 \u00f6l\u00e9shez k\u00f6zepes \u00e9s nagy vadon, mik\u00f6zben el\u00e9g gyors a hat\u00e9kony hat\u00f3t\u00e1vols\u00e1g meg\u0151rz\u00e9s\u00e9hez. Ide\u00e1lis szarvashoz, fekete medv\u00e9hez \u00e9s hasonl\u00f3 k\u00f6zepes-nagy \u00e9szak-amerikai vadhoz.<\/p>\n<h3>Pisztoly \u00e9s karab\u00e9ly platformok<\/h3>\n<p>A .460 S&amp;W Magnum els\u0151dlegesen Smith &amp; Wesson X-Frame revolverekhez fejlesztett\u00e9k (mint a Performance Center 460 modell), de a kaliber kompatibilis bizonyos egyedi karab\u00e9lyokkal is. Egy karab\u00e9lyban a sebess\u00e9g jelent\u0151sen magasabb lehet, kib\u0151v\u00edtett hat\u00f3t\u00e1vols\u00e1got biztos\u00edtva.<\/p>\n<h3>Specifik\u00e1ci\u00f3k<\/h3>\n<table>\n<tr>\n<th>Kaliber<\/th>\n<td>.460 S&amp;W Magnum<\/td>\n<\/tr>\n<tr>\n<th>L\u00f6ved\u00e9ks\u00faly<\/th>\n<td>260 grain<\/td>\n<\/tr>\n<tr>\n<th>L\u00f6ved\u00e9kt\u00edpus<\/th>\n<td>Federal Fusion molekul\u00e1risan k\u00f6t\u00f6tt<\/td>\n<\/tr>\n<tr>\n<th>K\u00f6peny<\/th>\n<td>Galvaniz\u00e1lt r\u00e9z<\/td>\n<\/tr>\n<tr>\n<th>Mag<\/th>\n<td>Molekul\u00e1risan k\u00f6t\u00f6tt \u00f3lom<\/td>\n<\/tr>\n<tr>\n<th>H\u00fcvely<\/th>\n<td>S\u00e1rgar\u00e9z, Boxer-prim\u00e9res<\/td>\n<\/tr>\n<tr>\n<th>Csomag<\/th>\n<td>20 t\u00f6lt\u00e9ny \/ doboz<\/td>\n<\/tr>\n<tr>\n<th>Felhaszn\u00e1l\u00e1s<\/th>\n<td>Nagyvad\u00e1szat pisztolyon vagy karab\u00e9lyon<\/td>\n<\/tr>\n<\/table>\n","protected":false},"excerpt":{"rendered":"<p>Federal Fusion .460 S&amp;W Magnum 260 grain vad\u00e1szl\u0151szer revolverhez vagy karab\u00e9lyhoz. Egyedi molekul\u00e1risan k\u00f6t\u00f6tt Fusion l\u00f6ved\u00e9k kontroll\u00e1lt t\u00e1gul\u00e1ssal \u00e9s m\u00e9ly \u00e1thatol\u00e1ssal nagyvad\u00e1szathoz a .460 S&amp;W magnum platformokon.<\/p>\n","protected":false},"featured_media":753405,"template":"","meta":{"_acf_changed":false},"product_brand":[16239],"product_cat":[12920,12970,12960],"product_tag":[],"class_list":{"0":"post-753404","1":"product","2":"type-product","3":"status-publish","4":"has-post-thumbnail","6":"product_brand-federal","7":"product_cat-licencelt","8":"product_cat-loszer","9":"product_cat-pisztoly-loszer","11":"first","12":"instock","13":"taxable","14":"shipping-taxable","15":"product-type-simple"},"acf":[],"_links":{"self":[{"href":"https:\/\/nbg.eu\/hu\/wp-json\/wp\/v2\/product\/753404","targetHints":{"allow":["GET"]}}],"collection":[{"href":"https:\/\/nbg.eu\/hu\/wp-json\/wp\/v2\/product"}],"about":[{"href":"https:\/\/nbg.eu\/hu\/wp-json\/wp\/v2\/types\/product"}],"wp:featuredmedia":[{"embeddable":true,"href":"https:\/\/nbg.eu\/hu\/wp-json\/wp\/v2\/media\/753405"}],"wp:attachment":[{"href":"https:\/\/nbg.eu\/hu\/wp-json\/wp\/v2\/media?parent=753404"}],"wp:term":[{"taxonomy":"product_brand","embeddable":true,"href":"https:\/\/nbg.eu\/hu\/wp-json\/wp\/v2\/product_brand?post=753404"},{"taxonomy":"product_cat","embeddable":true,"href":"https:\/\/nbg.eu\/hu\/wp-json\/wp\/v2\/product_cat?post=753404"},{"taxonomy":"product_tag","embeddable":true,"href":"https:\/\/nbg.eu\/hu\/wp-json\/wp\/v2\/product_tag?post=753404"}],"curies":[{"name":"wp","href":"https:\/\/api.w.org\/{rel}","templated":true}]}}