{"id":753410,"date":"2026-04-22T14:07:04","date_gmt":"2026-04-22T11:07:04","guid":{"rendered":"https:\/\/nbg.eu\/product\/remington-core-lokt-45-70-gov-405-grain-vadaszloszer\/"},"modified":"2026-04-29T14:37:11","modified_gmt":"2026-04-29T11:37:11","slug":"remington-core-lokt-45-70-gov-405-grain-vadaszloszer","status":"publish","type":"product","link":"https:\/\/nbg.eu\/hu\/termek\/remington-core-lokt-45-70-gov-405-grain-vadaszloszer\/","title":{"rendered":"Remington Core-Lokt .45-70 Gov 405 grain \u2014 vad\u00e1szl\u0151szer"},"content":{"rendered":"<h2>Remington Core-Lokt .45-70 Gov 405 grain<\/h2>\n<p>A Remington Core-Lokt vil\u00e1gszerte tisztelt vad\u00e1szl\u0151szer csal\u00e1d \u2014 gyakran nevezik a &#8222;vad\u00e1szok l\u0151szer\u00e9nek&#8221;. Az 1939-ben bevezetett Core-Lokt design az egyik leghosszabb \u00e9s legjobban dokument\u00e1lt vad\u00e1szati eredm\u00e9nyrekordra rendelkezik b\u00e1rmely l\u00f6ved\u00e9knek a piacon. A .45-70 Government 405 grain v\u00e1ltozata a hagyom\u00e1nyos vad\u00e1szati s\u00faly\u00fa-spektrum nehezebb v\u00e9g\u00e9n van, ide\u00e1lis nagyvadhoz.<\/p>\n<h3>Core-Lokt l\u00f6ved\u00e9k technol\u00f3gia<\/h3>\n<p>A Remington Core-Lokt design egy \u00f3lommagot egyes\u00edt egy speci\u00e1lisan kalibr\u00e1lt r\u00e9zk\u00f6pennyel. A k\u00f6peny egy tervezett vastags\u00e1gprofillal rendelkezik, amely lehet\u0151v\u00e9 teszi, hogy a l\u00f6ved\u00e9k becsap\u00f3d\u00e1skor kontroll\u00e1ltan t\u00e1guljon, mik\u00f6zben a k\u00f6peny \u00e9s mag egy\u00fctt maradnak az \u00e1thatol\u00e1s sor\u00e1n. Ez azt jelenti, hogy a l\u00f6ved\u00e9k jelent\u0151s energi\u00e1t ad \u00e1t a c\u00e9lnak, mik\u00f6zben m\u00e9ly \u00e1thatol\u00e1st biztos\u00edt \u2014 kritikus a nagyvadhoz.<\/p>\n<h3>405 grain s\u00faly<\/h3>\n<p>A 405 grain a .45-70-es kaliber klasszikus s\u00falya. Ez a hagyom\u00e1nyos s\u00faly, amelyet az eredeti .45-70-as Springfield-Trapdoor pusk\u00e1khoz fejlesztettek ki, \u00e9s amely a kaliber katonai \u00e9s vad\u00e1szati \u00f6r\u00f6ks\u00e9g\u00e9t meghat\u00e1rozza. A 405 grain s\u00faly biztos\u00edtja a maxim\u00e1lis \u00e1thatol\u00e1si m\u00e9lys\u00e9get \u00e9s a legmegb\u00edzhat\u00f3bb \u00f6l\u00e9st a legnagyobb vadon.<\/p>\n<h3>Klasszikus vad\u00e1szati teljes\u00edtm\u00e9ny<\/h3>\n<p>A Remington Core-Lokt .45-70 405 grain ide\u00e1lis nagyvadhoz: medve, j\u00e1vorszarvas, g\u00edmszarvas \u00e9s m\u00e1s nagy \u00e9szak-amerikai vad. A kaliber tradicion\u00e1lis hat\u00f3t\u00e1vols\u00e1ga 100 yard bel\u00fcl van, ahol a Core-Lokt l\u00f6ved\u00e9k k\u00f6vetkezetesen megb\u00edzhat\u00f3 eredm\u00e9nyeket ny\u00fajt. A nehezebb l\u00f6ved\u00e9k a .45-70-es lehets\u00e9ges vadhat\u00f3k\u00f6r cs\u00facs\u00e1n teljes\u00edt legjobban.<\/p>\n<h3>Vad\u00e1szok bizalmi v\u00e1laszt\u00e1sa<\/h3>\n<p>A Remington Core-Lokt \u00e9vtizedek \u00f3ta a kommerci\u00e1lis vad\u00e1szl\u0151szer-piac sikere. A vad\u00e1szok gener\u00e1ci\u00f3i b\u00edznak a Core-Lokt l\u00f6ved\u00e9kben \u2014 a megb\u00edzhat\u00f3s\u00e1g, hat\u00e9konys\u00e1g \u00e9s \u00e9rt\u00e9k ritka kombin\u00e1ci\u00f3ja miatt.<\/p>\n<h3>Specifik\u00e1ci\u00f3k<\/h3>\n<table>\n<tr>\n<th>Kaliber<\/th>\n<td>.45-70 Government<\/td>\n<\/tr>\n<tr>\n<th>L\u00f6ved\u00e9ks\u00faly<\/th>\n<td>405 grain<\/td>\n<\/tr>\n<tr>\n<th>L\u00f6ved\u00e9kt\u00edpus<\/th>\n<td>Remington Core-Lokt SP (Soft Point)<\/td>\n<\/tr>\n<tr>\n<th>K\u00f6peny<\/th>\n<td>R\u00e9z<\/td>\n<\/tr>\n<tr>\n<th>Mag<\/th>\n<td>\u00d3lom<\/td>\n<\/tr>\n<tr>\n<th>H\u00fcvely<\/th>\n<td>S\u00e1rgar\u00e9z, Boxer-prim\u00e9res<\/td>\n<\/tr>\n<tr>\n<th>Csomag<\/th>\n<td>20 t\u00f6lt\u00e9ny \/ doboz<\/td>\n<\/tr>\n<tr>\n<th>Felhaszn\u00e1l\u00e1s<\/th>\n<td>Nagyvad\u00e1szat (medve, j\u00e1vorszarvas, g\u00edmszarvas)<\/td>\n<\/tr>\n<\/table>\n","protected":false},"excerpt":{"rendered":"<p>Remington Core-Lokt .45-70 Government 405 grain klasszikus vad\u00e1szl\u0151szer. A vil\u00e1g legh\u00edresebb \u00e9s legr\u00e9gibb vad\u00e1szl\u0151szer-vonala, megb\u00edzhat\u00f3 kontroll\u00e1lt t\u00e1gul\u00e1ssal \u00e9s kiv\u00e1l\u00f3 \u00f6l\u00e9shat\u00e9konys\u00e1g nagyvad\u00e1szathoz.<\/p>\n","protected":false},"featured_media":753411,"template":"","meta":{"_acf_changed":false},"product_brand":[16241],"product_cat":[12920,12970,12980],"product_tag":[],"class_list":{"0":"post-753410","1":"product","2":"type-product","3":"status-publish","4":"has-post-thumbnail","6":"product_brand-remington","7":"product_cat-licencelt","8":"product_cat-loszer","9":"product_cat-puska-loszer","11":"first","12":"instock","13":"taxable","14":"shipping-taxable","15":"product-type-simple"},"acf":[],"_links":{"self":[{"href":"https:\/\/nbg.eu\/hu\/wp-json\/wp\/v2\/product\/753410","targetHints":{"allow":["GET"]}}],"collection":[{"href":"https:\/\/nbg.eu\/hu\/wp-json\/wp\/v2\/product"}],"about":[{"href":"https:\/\/nbg.eu\/hu\/wp-json\/wp\/v2\/types\/product"}],"wp:featuredmedia":[{"embeddable":true,"href":"https:\/\/nbg.eu\/hu\/wp-json\/wp\/v2\/media\/753411"}],"wp:attachment":[{"href":"https:\/\/nbg.eu\/hu\/wp-json\/wp\/v2\/media?parent=753410"}],"wp:term":[{"taxonomy":"product_brand","embeddable":true,"href":"https:\/\/nbg.eu\/hu\/wp-json\/wp\/v2\/product_brand?post=753410"},{"taxonomy":"product_cat","embeddable":true,"href":"https:\/\/nbg.eu\/hu\/wp-json\/wp\/v2\/product_cat?post=753410"},{"taxonomy":"product_tag","embeddable":true,"href":"https:\/\/nbg.eu\/hu\/wp-json\/wp\/v2\/product_tag?post=753410"}],"curies":[{"name":"wp","href":"https:\/\/api.w.org\/{rel}","templated":true}]}}