{"id":755454,"date":"2026-05-13T13:36:36","date_gmt":"2026-05-13T10:36:36","guid":{"rendered":"https:\/\/nbg.eu\/product\/tar-asc-ar-15-223-rem-5-56-nato-10-toltenytaras\/"},"modified":"2026-05-13T14:49:29","modified_gmt":"2026-05-13T11:49:29","slug":"tar-asc-ar-15-223-rem-5-56-nato-10-toltenytaras","status":"publish","type":"product","link":"https:\/\/nbg.eu\/hu\/termek\/tar-asc-ar-15-223-rem-5-56-nato-10-toltenytaras\/","title":{"rendered":"T\u00e1r ASC AR-15 .223 Rem \/ 5.56 NATO 10-t\u00f6lt\u00e9nyt\u00e1ras"},"content":{"rendered":"<h2>T\u00e1r ASC AR-15 .223 Rem \/ 5.56 NATO 10-t\u00f6lt\u00e9nyt\u00e1ras<\/h2>\n<p>A fejlesztett AR-15 ASC t\u00e1r 410 rozsdamentes ac\u00e9lb\u00f3l k\u00e9sz\u00fclt, kr\u00f3m-szil\u00edcium rug\u00f3val \u00e9s magas h\u0151m\u00e9rs\u00e9kletet b\u00edr\u00f3 polimer adagol\u00f3val a megb\u00edzhat\u00f3 .223 Rem \/ 5.56 NATO \/ 5.56 NATO adagol\u00e1s\u00e9rt. 10 t\u00f6lt\u00e9nyt\u00e1ras korl\u00e1thoz illesztett.<\/p>\n<h3>F\u0151bb jellemz\u0151k<\/h3>\n<ul>\n<li>10 t\u00f6lt\u00e9nyt\u00e1r\u00e1s (korl\u00e1tozott)<\/li>\n<li>410 rozsdamentes ac\u00e9l test<\/li>\n<li>Kr\u00f3m-szil\u00edcium rug\u00f3<\/li>\n<li>\u00d6nken\u0151 polimer adagol\u00f3<\/li>\n<li>Minden szabv\u00e1nyos AR-15 lower receiverhez<\/li>\n<\/ul>\n<h3>M\u0171szaki adatok<\/h3>\n<table>\n<tr>\n<td><strong>Kaliber<\/strong><\/td>\n<td>.223 Rem \/ 5.56 NATO \/ 5.56 NATO<\/td>\n<\/tr>\n<tr>\n<td><strong>Kapacit\u00e1s<\/strong><\/td>\n<td>10 t\u00f6lt\u00e9nyt\u00e1r\u00e1s<\/td>\n<\/tr>\n<tr>\n<td><strong>Anyag<\/strong><\/td>\n<td>410 rozsdamentes ac\u00e9l<\/td>\n<\/tr>\n<tr>\n<td><strong>Gy\u00e1rt\u00f3<\/strong><\/td>\n<td>ASC (USA)<\/td>\n<\/tr>\n<\/table>\n","protected":false},"excerpt":{"rendered":"<p>10-t\u00f6lt\u00e9nyt\u00e1ras AR-15 t\u00e1r .223 Rem \/ 5.56 NATO-ben az ASC-t\u0151l (Ammunition Storage Components). Fejlesztett 410 rozsdamentes ac\u00e9l kivitel polimer adagol\u00f3val.<\/p>\n","protected":false},"featured_media":755902,"template":"","meta":{"_acf_changed":false},"product_brand":[],"product_cat":[12920,12967,12974],"product_tag":[],"class_list":{"0":"post-755454","1":"product","2":"type-product","3":"status-publish","4":"has-post-thumbnail","6":"product_cat-licencelt","7":"product_cat-puska","8":"product_cat-puska-tarak","10":"first","11":"instock","12":"taxable","13":"shipping-taxable","14":"product-type-simple"},"acf":[],"_links":{"self":[{"href":"https:\/\/nbg.eu\/hu\/wp-json\/wp\/v2\/product\/755454","targetHints":{"allow":["GET"]}}],"collection":[{"href":"https:\/\/nbg.eu\/hu\/wp-json\/wp\/v2\/product"}],"about":[{"href":"https:\/\/nbg.eu\/hu\/wp-json\/wp\/v2\/types\/product"}],"wp:featuredmedia":[{"embeddable":true,"href":"https:\/\/nbg.eu\/hu\/wp-json\/wp\/v2\/media\/755902"}],"wp:attachment":[{"href":"https:\/\/nbg.eu\/hu\/wp-json\/wp\/v2\/media?parent=755454"}],"wp:term":[{"taxonomy":"product_brand","embeddable":true,"href":"https:\/\/nbg.eu\/hu\/wp-json\/wp\/v2\/product_brand?post=755454"},{"taxonomy":"product_cat","embeddable":true,"href":"https:\/\/nbg.eu\/hu\/wp-json\/wp\/v2\/product_cat?post=755454"},{"taxonomy":"product_tag","embeddable":true,"href":"https:\/\/nbg.eu\/hu\/wp-json\/wp\/v2\/product_tag?post=755454"}],"curies":[{"name":"wp","href":"https:\/\/api.w.org\/{rel}","templated":true}]}}