{"id":755546,"date":"2026-05-13T13:36:42","date_gmt":"2026-05-13T10:36:42","guid":{"rendered":"https:\/\/nbg.eu\/product\/tar-lancer-l5-awm-223-rem-fekete\/"},"modified":"2026-05-13T14:50:24","modified_gmt":"2026-05-13T11:50:24","slug":"tar-lancer-l5-awm-223-rem-fekete","status":"publish","type":"product","link":"https:\/\/nbg.eu\/hu\/termek\/tar-lancer-l5-awm-223-rem-fekete\/","title":{"rendered":"T\u00e1r Lancer L5 AWM .223 Rem &#8211; Fekete"},"content":{"rendered":"<h2>T\u00e1r Lancer L5 AWM .223 Rem &#8211; Fekete<\/h2>\n<p>A Lancer L5 Advanced Warfighter Magazine (AWM) edzett ac\u00e9l t\u00f6lt\u0151ajak-bet\u00e9tet kombin\u00e1l \u00fcvegsz\u00e1las polimer testtel &#8211; ac\u00e9lt\u00e1r er\u0151ss\u00e9ge, polimer s\u00faly\u00e1val \u00e9s korr\u00f3zi\u00f3\u00e1ll\u00f3s\u00e1g\u00e1val. Az L5 AWM az AR-15 t\u00e1rak aranyszabv\u00e1nya.<\/p>\n<h3>F\u0151bb jellemz\u0151k<\/h3>\n<ul>\n<li>Edzett ac\u00e9l t\u00f6lt\u0151ajakok kiemelked\u0151 tart\u00f3ss\u00e1g\u00e9rt<\/li>\n<li>\u00dcvegsz\u00e1las polimer test (fekete)<\/li>\n<li>Billen\u00e9smentes adagol\u00f3 \u00f6nken\u0151 bevonattal<\/li>\n<li>Mil-spec kompatibilit\u00e1s minden AR-15 lowerrel<\/li>\n<\/ul>\n<h3>M\u0171szaki adatok<\/h3>\n<table>\n<tr>\n<td><strong>Kaliber<\/strong><\/td>\n<td>.223 Rem \/ 5.56 NATO<\/td>\n<\/tr>\n<tr>\n<td><strong>Sz\u00edn<\/strong><\/td>\n<td>Fekete<\/td>\n<\/tr>\n<tr>\n<td><strong>Anyag<\/strong><\/td>\n<td>Ac\u00e9l t\u00f6lt\u0151ajak + polimer test<\/td>\n<\/tr>\n<tr>\n<td><strong>Gy\u00e1rt\u00f3<\/strong><\/td>\n<td>Lancer Systems (USA)<\/td>\n<\/tr>\n<\/table>\n","protected":false},"excerpt":{"rendered":"<p>Lancer L5 Advanced Warfighter Magazine AR-15-h\u00f6z .223 Rem \/ 5.56 NATO kaliberben. Fekete \u00e1tl\u00e1thatatlan test, edzett ac\u00e9l t\u00f6lt\u0151ajakkal.<\/p>\n","protected":false},"featured_media":756434,"template":"","meta":{"_acf_changed":false},"product_brand":[],"product_cat":[12920,12967,12974],"product_tag":[],"class_list":{"0":"post-755546","1":"product","2":"type-product","3":"status-publish","4":"has-post-thumbnail","6":"product_cat-licencelt","7":"product_cat-puska","8":"product_cat-puska-tarak","10":"first","11":"instock","12":"taxable","13":"shipping-taxable","14":"product-type-simple"},"acf":[],"_links":{"self":[{"href":"https:\/\/nbg.eu\/hu\/wp-json\/wp\/v2\/product\/755546","targetHints":{"allow":["GET"]}}],"collection":[{"href":"https:\/\/nbg.eu\/hu\/wp-json\/wp\/v2\/product"}],"about":[{"href":"https:\/\/nbg.eu\/hu\/wp-json\/wp\/v2\/types\/product"}],"wp:featuredmedia":[{"embeddable":true,"href":"https:\/\/nbg.eu\/hu\/wp-json\/wp\/v2\/media\/756434"}],"wp:attachment":[{"href":"https:\/\/nbg.eu\/hu\/wp-json\/wp\/v2\/media?parent=755546"}],"wp:term":[{"taxonomy":"product_brand","embeddable":true,"href":"https:\/\/nbg.eu\/hu\/wp-json\/wp\/v2\/product_brand?post=755546"},{"taxonomy":"product_cat","embeddable":true,"href":"https:\/\/nbg.eu\/hu\/wp-json\/wp\/v2\/product_cat?post=755546"},{"taxonomy":"product_tag","embeddable":true,"href":"https:\/\/nbg.eu\/hu\/wp-json\/wp\/v2\/product_tag?post=755546"}],"curies":[{"name":"wp","href":"https:\/\/api.w.org\/{rel}","templated":true}]}}