{"id":755616,"date":"2026-05-13T13:36:46","date_gmt":"2026-05-13T10:36:46","guid":{"rendered":"https:\/\/nbg.eu\/product\/contessa-picatinny-sin-howa-1500-long-action\/"},"modified":"2026-05-13T14:51:05","modified_gmt":"2026-05-13T11:51:05","slug":"contessa-picatinny-sin-howa-1500-long-action","status":"publish","type":"product","link":"https:\/\/nbg.eu\/hu\/termek\/contessa-picatinny-sin-howa-1500-long-action\/","title":{"rendered":"Contessa Picatinny s\u00edn Howa 1500 Long Action"},"content":{"rendered":"<h2>Contessa Picatinny s\u00edn Howa 1500 Long Action<\/h2>\n<p>Prec\u00edz Picatinny s\u00edn a Contess\u00e1t\u00f3l (Olaszorsz\u00e1g), kifejezetten a Howa 1500 Long Action tokra tervezve. CNC-megmunk\u00e1lt ac\u00e9lb\u00f3l, kem\u00e9ny fekete bevonattal; stabil alap c\u00e9lt\u00e1vcs\u00f6vek \u00e9s kieg\u00e9sz\u00edt\u0151k r\u00f6gz\u00edt\u00e9s\u00e9re.<\/p>\n<h3>F\u0151bb jellemz\u0151k<\/h3>\n<ul>\n<li>Illik Howa 1500 Long Action<\/li>\n<li>MIL-STD 1913 Picatinny profil<\/li>\n<li>CNC-megmunk\u00e1lt ac\u00e9l kivitel<\/li>\n<li>Kem\u00e9ny fekete bevonat<\/li>\n<li>Olasz k\u00e9zm\u0171vess\u00e9g, Contessa<\/li>\n<\/ul>\n<h3>M\u0171szaki adatok<\/h3>\n<table>\n<tr>\n<td><strong>Illik<\/strong><\/td>\n<td>Howa 1500 Long Action<\/td>\n<\/tr>\n<tr>\n<td><strong>Szabv\u00e1ny<\/strong><\/td>\n<td>MIL-STD 1913 Picatinny<\/td>\n<\/tr>\n<tr>\n<td><strong>Anyag<\/strong><\/td>\n<td>Ac\u00e9l, kem\u00e9ny fekete bevonat<\/td>\n<\/tr>\n<tr>\n<td><strong>Gy\u00e1rt\u00f3<\/strong><\/td>\n<td>Contessa (Olaszorsz\u00e1g)<\/td>\n<\/tr>\n<\/table>\n","protected":false},"excerpt":{"rendered":"<p>Olasz Contessa Picatinny c\u00e9lt\u00e1vcs\u0151-s\u00edn Howa 1500 Long Action bolt-action pusk\u00e1khoz. Prec\u00edz CNC-megmunk\u00e1lt ac\u00e9l.<\/p>\n","protected":false},"featured_media":756286,"template":"","meta":{"_acf_changed":false},"product_brand":[],"product_cat":[14910,15817,12981],"product_tag":[],"class_list":{"0":"post-755616","1":"product","2":"type-product","3":"status-publish","4":"has-post-thumbnail","6":"product_cat-mounts-hu","7":"product_cat-picatinny-rails-hu","8":"product_cat-sinek","10":"first","11":"instock","12":"taxable","13":"shipping-taxable","14":"purchasable","15":"product-type-simple"},"acf":[],"_links":{"self":[{"href":"https:\/\/nbg.eu\/hu\/wp-json\/wp\/v2\/product\/755616","targetHints":{"allow":["GET"]}}],"collection":[{"href":"https:\/\/nbg.eu\/hu\/wp-json\/wp\/v2\/product"}],"about":[{"href":"https:\/\/nbg.eu\/hu\/wp-json\/wp\/v2\/types\/product"}],"wp:featuredmedia":[{"embeddable":true,"href":"https:\/\/nbg.eu\/hu\/wp-json\/wp\/v2\/media\/756286"}],"wp:attachment":[{"href":"https:\/\/nbg.eu\/hu\/wp-json\/wp\/v2\/media?parent=755616"}],"wp:term":[{"taxonomy":"product_brand","embeddable":true,"href":"https:\/\/nbg.eu\/hu\/wp-json\/wp\/v2\/product_brand?post=755616"},{"taxonomy":"product_cat","embeddable":true,"href":"https:\/\/nbg.eu\/hu\/wp-json\/wp\/v2\/product_cat?post=755616"},{"taxonomy":"product_tag","embeddable":true,"href":"https:\/\/nbg.eu\/hu\/wp-json\/wp\/v2\/product_tag?post=755616"}],"curies":[{"name":"wp","href":"https:\/\/api.w.org\/{rel}","templated":true}]}}