{"id":83602,"date":"2024-11-27T16:26:53","date_gmt":"2024-11-27T16:26:53","guid":{"rendered":"https:\/\/nbg.eu\/product\/super-precision-t1-mount-absolute-co-witness-black\/"},"modified":"2026-04-22T11:12:35","modified_gmt":"2026-04-22T08:12:35","slug":"super-precision-t1-szerelek-abszolut-co-witness-fekete","status":"publish","type":"product","link":"https:\/\/nbg.eu\/hu\/termek\/super-precision-t1-szerelek-abszolut-co-witness-fekete\/","title":{"rendered":"Geissele Red Dot Szerel\u00e9k Super Precision T1 Absolute Co-Witness &#8211; Black"},"content":{"rendered":"<h2>T1 szerel\u00e9k &#8211; Abszol\u00fat egy\u00fcttl\u00e1t\u00e1s &#8211; Fekete<\/h2>\n<p>T1 szerel\u00e9k Aimpoint T1 \u00e9s hasonl\u00f3 v\u00f6r\u00f6s pontos optik\u00e1khoz. Egyetlen darab 7075-T6 alum\u00edniumb\u00f3l k\u00e9sz\u00fclt.<\/p>\n<ul>\n<li>Abszol\u00fat egy\u00fcttl\u00e1t\u00e1s magass\u00e1g<\/li>\n<li>Fekete, 3-as t\u00edpus\u00fa kem\u00e9ny elox\u00e1lt bevonat<\/li>\n<li>S\u00falya 57 gramm<\/li>\n<li>Geissele friss\u00edtett csavar \u00e9s anya rendszer\u00e9t haszn\u00e1lja<\/li>\n<li>635 kg szor\u00edt\u00f3er\u0151<\/li>\n<li>3 ny\u00edr\u00f3csap a merevs\u00e9g \u00e9s a null\u00e1z\u00e1s megtart\u00e1sa \u00e9rdek\u00e9ben<\/li>\n<\/ul>\n<p>A T1 szerel\u00e9k biztos\u00edtja az optika stabil r\u00f6gz\u00edt\u00e9s\u00e9t.<\/p>\n","protected":false},"excerpt":{"rendered":"<p>Prec\u00edzi\u00f3s megmunk\u00e1l\u00e1s\u00fa T1 szerel\u00e9k az abszol\u00fat egy\u00fctt\u00e1ll\u00e1shoz. Tart\u00f3s alum\u00ednium, merev illeszked\u00e9s.<\/p>\n","protected":false},"featured_media":82494,"template":"","meta":{"_acf_changed":false},"product_brand":[11393],"product_cat":[12917,12913,12949,14922],"product_tag":[],"class_list":{"0":"post-83602","1":"product","2":"type-product","3":"status-publish","4":"has-post-thumbnail","6":"product_brand-geissele","7":"product_cat-kmr-alkatreszek","8":"product_cat-pisztoly-alkatreszek","9":"product_cat-pisztoly-iranyzekok","10":"product_cat-red-dot-sights-mounts-hu","12":"first","13":"instock","14":"taxable","15":"shipping-taxable","16":"product-type-simple"},"acf":[],"_links":{"self":[{"href":"https:\/\/nbg.eu\/hu\/wp-json\/wp\/v2\/product\/83602","targetHints":{"allow":["GET"]}}],"collection":[{"href":"https:\/\/nbg.eu\/hu\/wp-json\/wp\/v2\/product"}],"about":[{"href":"https:\/\/nbg.eu\/hu\/wp-json\/wp\/v2\/types\/product"}],"wp:featuredmedia":[{"embeddable":true,"href":"https:\/\/nbg.eu\/hu\/wp-json\/wp\/v2\/media\/82494"}],"wp:attachment":[{"href":"https:\/\/nbg.eu\/hu\/wp-json\/wp\/v2\/media?parent=83602"}],"wp:term":[{"taxonomy":"product_brand","embeddable":true,"href":"https:\/\/nbg.eu\/hu\/wp-json\/wp\/v2\/product_brand?post=83602"},{"taxonomy":"product_cat","embeddable":true,"href":"https:\/\/nbg.eu\/hu\/wp-json\/wp\/v2\/product_cat?post=83602"},{"taxonomy":"product_tag","embeddable":true,"href":"https:\/\/nbg.eu\/hu\/wp-json\/wp\/v2\/product_tag?post=83602"}],"curies":[{"name":"wp","href":"https:\/\/api.w.org\/{rel}","templated":true}]}}