{"id":540618,"date":"2025-09-05T17:42:22","date_gmt":"2025-09-05T14:42:22","guid":{"rendered":"https:\/\/nbg.eu\/product\/lyman-pro-trim-die\/"},"modified":"2026-01-21T11:45:39","modified_gmt":"2026-01-21T08:45:39","slug":"lyman-pro-trim-die","status":"publish","type":"product","link":"https:\/\/nbg.eu\/it\/product\/lyman-pro-trim-die\/","title":{"rendered":"Lyman Pro Trim Die"},"content":{"rendered":"<div class=\"product-description\">\n<h2>Matrici Pro Trim Lyman<\/h2>\n<p>Matrici Pro Trim Lyman, prodotte negli USA. Queste matrici presentano:<\/p>\n<ul>\n<li>Costruzione in acciaio inossidabile per durabilit\u00e0<\/li>\n<li>Filettatura inferiore 7\/8-14, compatibile con tutte le presse Lyman, Mark 7 e altre presse di ricarica<\/li>\n<li>Filettatura superiore 13\/16-20, progettata per il trimmer montato su pressa Lyman e altre opzioni<\/li>\n<li>Garanzia di utilizzo a vita, grazie ai materiali e alla lavorazione<\/li>\n<\/ul>\n<p>Le matrici Pro Trim Lyman offrono precisione e versatilit\u00e0 nell&#8217;attrezzatura per la ricarica. Queste matrici offrono la qualit\u00e0 e la compatibilit\u00e0 necessarie per risultati costanti e precisi, sia per ricaricatori esperti che principianti.<\/p>\n<\/div>\n","protected":false},"excerpt":{"rendered":"<p>Matrice in acciaio inossidabile di precisione made in USA per la rifilatura dei bossoli. Compatibile con pressa.<\/p>\n","protected":false},"featured_media":540619,"template":"","meta":{"_acf_changed":false},"product_brand":[11272],"product_cat":[12340,12351],"product_tag":[],"class_list":{"0":"post-540618","1":"product","2":"type-product","3":"status-publish","4":"has-post-thumbnail","6":"product_brand-doublealpha","7":"product_cat-accessori-ricarica","8":"product_cat-ricarica","10":"first","11":"outofstock","12":"taxable","13":"shipping-taxable","14":"purchasable","15":"product-type-simple"},"acf":[],"_links":{"self":[{"href":"https:\/\/nbg.eu\/it\/wp-json\/wp\/v2\/product\/540618","targetHints":{"allow":["GET"]}}],"collection":[{"href":"https:\/\/nbg.eu\/it\/wp-json\/wp\/v2\/product"}],"about":[{"href":"https:\/\/nbg.eu\/it\/wp-json\/wp\/v2\/types\/product"}],"wp:featuredmedia":[{"embeddable":true,"href":"https:\/\/nbg.eu\/it\/wp-json\/wp\/v2\/media\/540619"}],"wp:attachment":[{"href":"https:\/\/nbg.eu\/it\/wp-json\/wp\/v2\/media?parent=540618"}],"wp:term":[{"taxonomy":"product_brand","embeddable":true,"href":"https:\/\/nbg.eu\/it\/wp-json\/wp\/v2\/product_brand?post=540618"},{"taxonomy":"product_cat","embeddable":true,"href":"https:\/\/nbg.eu\/it\/wp-json\/wp\/v2\/product_cat?post=540618"},{"taxonomy":"product_tag","embeddable":true,"href":"https:\/\/nbg.eu\/it\/wp-json\/wp\/v2\/product_tag?post=540618"}],"curies":[{"name":"wp","href":"https:\/\/api.w.org\/{rel}","templated":true}]}}