{"id":672181,"date":"2025-11-17T17:17:59","date_gmt":"2025-11-17T14:17:59","guid":{"rendered":"https:\/\/nbg.eu\/product\/telecamera-termica-nocpix-vista-s50r-con-lrf-1280x1024-15mk-netd\/"},"modified":"2026-04-14T16:03:58","modified_gmt":"2026-04-14T13:03:58","slug":"telecamera-termica-nocpix-vista-s50r-con-lrf-1280x1024-15mk-netd","status":"publish","type":"product","link":"https:\/\/nbg.eu\/it\/product\/telecamera-termica-nocpix-vista-s50r-con-lrf-1280x1024-15mk-netd\/","title":{"rendered":"Nocpix Telecamera Termica VISTA S50R LRF"},"content":{"rendered":"<h2>Telecamera termica Nocpix VISTA S50R con LRF 1280&#215;1024 \u226415mK NETD<\/h2>\n<p>Il sistema Vision+ di Vista, con il suo display AMOLED 2560\u00d72560 e un diametro della pupilla di uscita di 8 mm, offre un&#8217;esperienza di visione immersiva. Dotato di un sensore superiore e di un LRF integrato, Vista offre le prestazioni pi\u00f9 elevate del settore. Il suo design intuitivo e la soluzione della batteria migliorata lo rendono il compagno ideale per affrontare le sfide all&#8217;aperto.<\/p>\n<h2>Sistema Vision+: Visione immersiva<\/h2>\n<p>Un display AMOLED circolare 2560\u00d72560 ottimizza l&#8217;efficienza spaziale, offrendo immagini vivide. Con un diametro della pupilla di uscita di 8 mm e la modalit\u00e0 Pure Vision, Vista offre un&#8217;esperienza di visione confortevole e immersiva.<\/p>\n<h2>Sensore superiore: qualit\u00e0 dell&#8217;immagine di prim&#8217;ordine<\/h2>\n<p>Il nostro sensore NETD \u226415mk 1280\u00d71024@12\u03bcm, sviluppato internamente, garantisce un&#8217;elevata qualit\u00e0 dell&#8217;immagine e prestazioni stabili. I contorni degli animali, l&#8217;anatomia e le caratteristiche comportamentali diventano facilmente distinguibili.<\/p>\n<h2>LRF integrato: precisione e portabilit\u00e0<\/h2>\n<p>Il nostro telemetro laser (LRF 1200m) integrato a 2-in-1 combina in modo armonioso estetica e allineamento ottico perfetto. Questo design leggero e compatto assicura un uso minimo dell&#8217;area dell&#8217;obiettivo mantenendo un&#8217;immagine di qualit\u00e0 impeccabile.<\/p>\n<h2>Frequenza di 60Hz: cattura del movimento fluida<\/h2>\n<p>Dotato di un rilevatore a 60Hz, Vista offre una scorrevolezza superiore, consentendo la cattura precisa di animali in movimento e scene ad alta velocit\u00e0. Questo importante aggiornamento rispetto ai 50Hz offre visualizzazioni pi\u00f9 fluide e accurate.<\/p>\n<h2>Obiettivo F0.9: migliorata cattura della luce<\/h2>\n<p>L&#8217;obiettivo F0.9 \u00e8 progettato per migliorare la ricezione della luce del 20%, migliorando significativamente luminosit\u00e0 e qualit\u00e0 dell&#8217;immagine rispetto agli obiettivi tradizionali F1.0. Questo progresso assicura che ogni dettaglio sia brillantemente chiaro, rendendo Vista il compagno ideale per le osservazioni notturne.<\/p>\n<h2>Ricarica flessibile: batterie sostituibili per un funzionamento prolungato<\/h2>\n<p>Vista offre due opzioni di ricarica: batterie IBP-7\/4400mAh intercambiabili che possono essere facilmente sostituite, o ricarica diretta tramite la porta integrata. Ci\u00f2 garantisce un funzionamento continuo, consentendoti di concentrarti sulla caccia senza problemi di batteria.<\/p>\n<h2>Ampio campo visivo: maggiore consapevolezza della scena<\/h2>\n<p>Con la sua superiore ingrandimento primario 2X e un campo visivo ampio, la Vista S50R offre una prospettiva eccezionale dell&#8217;ambiente circostante. Ci\u00f2 consente di individuare e monitorare facilmente pi\u00f9 bersagli attraverso vasti paesaggi, assicurando che ogni movimento venga catturato con chiarezza.<\/p>\n<h2>Diverse palette di colori<\/h2>\n<p>Vista offre 7 diverse palette di colori, incluse le modalit\u00e0 monocromatiche rosso e verde puro. Queste opzioni amiche degli occhi aiutano a ridurre l&#8217;affaticamento visivo, garantendo un uso prolungato senza sforzo.<\/p>\n<h2>Design intuitivo<\/h2>\n<p>I pulsanti silenziosi di Vista assicurano un uso discreto al buio, mentre la maschera per gli occhi rotante impedisce la fuoriuscita di luce, mantenendo nascosta la tua presenza agli animali. La texture in TPU completamente avvolta offre una presa confortevole, rendendo l&#8217;uso prolungato agevole.<\/p>\n","protected":false},"excerpt":{"rendered":"<p>Nocpix VISTA S50R \u0441 LRF 1280&#215;1024 &lt;15mK NETD: display AMOLED 2560&#215;2560 immersivo, sensore superiore 1280&#215;1024, LRF integrato, lente F0.9, frequenza fotogrammi 60Hz, ricarica flessibile, ampio FOV e design user-friendly.<\/p>\n<p>Se l&#8217;articolo non \u00e8 disponibile, contattaci: shop@nbg.eu o +359896147790<\/p>\n","protected":false},"featured_media":672287,"template":"","meta":{"_acf_changed":false},"product_brand":[14457],"product_cat":[12336,16082],"product_tag":[],"class_list":{"0":"post-672181","1":"product","2":"type-product","3":"status-publish","4":"has-post-thumbnail","6":"product_brand-nocpix","7":"product_cat-termico","8":"product_cat-thermal-cameras-it","10":"first","11":"instock","12":"taxable","13":"shipping-taxable","14":"purchasable","15":"product-type-simple"},"acf":[],"_links":{"self":[{"href":"https:\/\/nbg.eu\/it\/wp-json\/wp\/v2\/product\/672181","targetHints":{"allow":["GET"]}}],"collection":[{"href":"https:\/\/nbg.eu\/it\/wp-json\/wp\/v2\/product"}],"about":[{"href":"https:\/\/nbg.eu\/it\/wp-json\/wp\/v2\/types\/product"}],"wp:featuredmedia":[{"embeddable":true,"href":"https:\/\/nbg.eu\/it\/wp-json\/wp\/v2\/media\/672287"}],"wp:attachment":[{"href":"https:\/\/nbg.eu\/it\/wp-json\/wp\/v2\/media?parent=672181"}],"wp:term":[{"taxonomy":"product_brand","embeddable":true,"href":"https:\/\/nbg.eu\/it\/wp-json\/wp\/v2\/product_brand?post=672181"},{"taxonomy":"product_cat","embeddable":true,"href":"https:\/\/nbg.eu\/it\/wp-json\/wp\/v2\/product_cat?post=672181"},{"taxonomy":"product_tag","embeddable":true,"href":"https:\/\/nbg.eu\/it\/wp-json\/wp\/v2\/product_tag?post=672181"}],"curies":[{"name":"wp","href":"https:\/\/api.w.org\/{rel}","templated":true}]}}