{"id":676976,"date":"2025-11-17T17:25:28","date_gmt":"2025-11-17T14:25:28","guid":{"rendered":"https:\/\/nbg.eu\/product\/visione-termica-nocpix-ace-s60r-rail-zeiss\/"},"modified":"2026-04-14T17:21:14","modified_gmt":"2026-04-14T14:21:14","slug":"visione-termica-nocpix-ace-s60r-rail-zeiss","status":"publish","type":"product","link":"https:\/\/nbg.eu\/it\/product\/visione-termica-nocpix-ace-s60r-rail-zeiss\/","title":{"rendered":"Nocpix Mirino Termico ACE S60R ZEISS RAIL"},"content":{"rendered":"<h2>NocPix ACE S60R Mirino Termico<\/h2>\n<p>Il mirino termico NocPix ACE S60R \u00e8 un nuovo strumento all&#8217;avanguardia progettato per i cacciatori d&#8217;\u00e9lite che richiedono prestazioni al top nelle condizioni pi\u00f9 difficili. Con la sua tecnologia all&#8217;avanguardia e la sua costruzione robusta, questo mirino termico leader \u00e8 progettato per aiutarti a dominare la notte e domare la fauna selvatica. Che tu stia cercando la preda a grandi distanze o inseguendo bersagli in rapido movimento, l&#8217;ACE S60R offre una chiarezza, una precisione e una affidabilit\u00e0 senza pari.<\/p>\n<p>Al cuore di questo straordinario mirino c&#8217;\u00e8 un sensore termico HD di seconda generazione con una risoluzione di 1280&#215;1024 e un NETD ultra sensibile di \u226415mK. Questo sensore di nuova generazione consente all&#8217;ACE S60R di rilevare anche i pi\u00f9 lievi cambiamenti di temperatura, fornendo immagini termiche chiare e dettagliate in tempo reale. Con un frame rate di 50 Hz, il mirino offre immagini fluide che tengono il passo della velocit\u00e0 del tuo bersaglio, consentendoti di prendere la mira con una precisione senza precedenti.<\/p>\n<p>L&#8217;NocPix ACE S60R \u00e8 inoltre dotato di un obiettivo da 60 mm\/F1.0 che raccoglie il 20% di luce in pi\u00f9 rispetto ai mirini standard, garantendoti immagini pi\u00f9 luminose e pi\u00f9 nitide anche nelle condizioni di scarsa illuminazione. Il suo eccezionale rilevamento a lungo raggio fino a 3100 metri ti consente di identificare e tracciare facilmente bersagli lontani, fornendoti un vantaggio cruciale per la caccia e gli scenari di tiro a lungo raggio. Combinato con l&#8217;algoritmo di elaborazione delle immagini proprietario Reality+ di NocPix, l&#8217;ACE S60R riduce notevolmente il rumore ambientale, offrendo immagini nitide e ad alto contrasto ogni volta.<\/p>\n<p>Per coloro che desiderano ancora pi\u00f9 chiarezza visiva, l&#8217;ACE S60R \u00e8 dotato del sistema innovativo Vision+. Il display AMOLED rotondo da 1,03 pollici con risoluzione 2560&#215;2560, combinato con la migliore ingrandimento oculare del settore, offre una straordinaria magnificazione ottica senza i tipici fenomeni di sfocatura o distorsione dello zoom elettronico. Questa tecnologia rivoluzionaria ti garantisce una visione cristallina e un ampio campo visivo, sia che tu ti stia avvicinando al tuo bersaglio o stia esplorando l&#8217;ambiente circostante.<\/p>\n<p>La precisione \u00e8 fondamentale per la caccia e l&#8217;ACE S60R non delude. Il suo Telemetro Laser (LRF) integrato offre misurazioni accurate fino a 1200 metri. Il LRF \u00e8 perfettamente integrato nel design senza soluzione di continuit\u00e0, mantenendo il vero allineamento dell&#8217;asse ottico e consentendoti di calcolare distanze precise senza disturbare la messa a fuoco. E con la funzionalit\u00e0 di calcolo balistico integrata, l&#8217;ACE S60R garantisce che i tuoi colpi siano precisi, tenendo conto di ogni fattore per una precisione impeccabile.<\/p>\n<p>Progettato con i cacciatori a mente, l&#8217;NocPix ACE S60R vanta inoltre un sistema a doppia batteria con una batteria integrata da 4000mAh e una batteria rimovibile da 18650 per un uso prolungato sul campo. Non dovrai pi\u00f9 preoccuparti di esaurire la carica in mezzo alla tua battuta di caccia &#8211; questo sistema \u00e8 progettato per durare quanto la tua avventura. Inoltre, funzionalit\u00e0 come lo spegnimento automatico dello schermo, la registrazione video attivata dal rinculo e un design senza coperchio rendono questo mirino termico un vero game-changer sul campo.<\/p>\n<p>Costruito per sopportare le condizioni atmosferiche pi\u00f9 dure, l&#8217;ACE S60R \u00e8 realizzato in lega di alluminio ad alta resistenza, sottoposto a rigidi test per resistere a urti estremi e a un uso intenso. Classificato IP67 per la resistenza all&#8217;acqua, funziona alla perfezione sotto la pioggia, in ambienti polverosi e in condizioni difficili, garantendo che il tuo mirino sia resistente quanto i tuoi istinti da cacciatore.<\/p>\n<p>L&#8217;NocPix ACE S60R \u00e8 molto pi\u00f9 di un semplice mirino termico &#8211; \u00e8 il compagno di caccia definitivo. Con la sua tecnologia all&#8217;avanguardia, la sua eccezionale durabilit\u00e0 e una serie di funzionalit\u00e0 avanzate progettate per migliorare la tua esperienza di caccia, questo mirino ridefinir\u00e0 le tue aspettative sull&#8217;attrezzatura. Preparati a dominare la notte.<\/p>\n","protected":false},"excerpt":{"rendered":"<p>Il Nocpix ACE S60R Thermal Scope \u00e8 uno strumento all&#8217;avanguardia progettato per cacciatori d&#8217;\u00e9lite, con tecnologia avanzata, costruzione robusta e caratteristiche come un sensore termico HD di seconda generazione, sistema Vision+, telemetro laser integrato e sistema a doppia batteria per prestazioni ottimali in ambienti difficili.<\/p>\n<p>Se l&#8217;articolo non \u00e8 disponibile, si prega di contattarci all&#8217;indirizzo shop@nbg.eu o al numero +359896147790.<\/p>\n","protected":false},"featured_media":677026,"template":"","meta":{"_acf_changed":false},"product_brand":[14457],"product_cat":[12336],"product_tag":[],"class_list":{"0":"post-676976","1":"product","2":"type-product","3":"status-publish","4":"has-post-thumbnail","6":"product_brand-nocpix","7":"product_cat-termico","9":"first","10":"instock","11":"taxable","12":"shipping-taxable","13":"purchasable","14":"product-type-simple"},"acf":[],"_links":{"self":[{"href":"https:\/\/nbg.eu\/it\/wp-json\/wp\/v2\/product\/676976","targetHints":{"allow":["GET"]}}],"collection":[{"href":"https:\/\/nbg.eu\/it\/wp-json\/wp\/v2\/product"}],"about":[{"href":"https:\/\/nbg.eu\/it\/wp-json\/wp\/v2\/types\/product"}],"wp:featuredmedia":[{"embeddable":true,"href":"https:\/\/nbg.eu\/it\/wp-json\/wp\/v2\/media\/677026"}],"wp:attachment":[{"href":"https:\/\/nbg.eu\/it\/wp-json\/wp\/v2\/media?parent=676976"}],"wp:term":[{"taxonomy":"product_brand","embeddable":true,"href":"https:\/\/nbg.eu\/it\/wp-json\/wp\/v2\/product_brand?post=676976"},{"taxonomy":"product_cat","embeddable":true,"href":"https:\/\/nbg.eu\/it\/wp-json\/wp\/v2\/product_cat?post=676976"},{"taxonomy":"product_tag","embeddable":true,"href":"https:\/\/nbg.eu\/it\/wp-json\/wp\/v2\/product_tag?post=676976"}],"curies":[{"name":"wp","href":"https:\/\/api.w.org\/{rel}","templated":true}]}}