{"id":678109,"date":"2025-11-17T17:25:36","date_gmt":"2025-11-17T14:25:36","guid":{"rendered":"https:\/\/nbg.eu\/product\/termocamera-monoculare-nocpix-lumi-l35\/"},"modified":"2026-01-21T11:39:11","modified_gmt":"2026-01-21T08:39:11","slug":"termocamera-monoculare-nocpix-lumi-l35","status":"publish","type":"product","link":"https:\/\/nbg.eu\/it\/product\/termocamera-monoculare-nocpix-lumi-l35\/","title":{"rendered":"Termocamera monoculare Nocpix LUMI L35"},"content":{"rendered":"<h2>Prestazioni massime con il minimo peso &#8211; Nocpix LUMI L35: il tuo indispensabile compagno sul campo<\/h2>\n<p>La serie di monocoli termici LUMI \u00e8 progettata per l&#8217;uso sia diurno che notturno e ti offre una qualit\u00e0 dell&#8217;immagine eccezionale anche in condizioni meteorologiche difficili come nebbia, smog o pioggia. Anche se ostacoli come rami, erba alta o vegetazione fitta rendono difficile la visibilit\u00e0, grazie a questa tecnologia puoi sempre vedere chiaramente ci\u00f2 che ti sta davanti. Sono anche cos\u00ec compatti e leggeri che puoi portarli facilmente ovunque.<\/p>\n<p>Le telecamere termiche LUMI sono perfette per una variet\u00e0 di applicazioni come caccia, sorveglianza, sicurezza, orientamento del terreno o operazioni di ricerca e soccorso.<\/p>\n<h2>Prestazioni visive senza pari per immagini nitidissime<\/h2>\n<p>La serie LUMI stabilisce nuovi standard in termini di qualit\u00e0 dell&#8217;immagine. Dotata degli algoritmi di imaging pi\u00f9 avanzati e di un potente sensore termico con NETD &lt; 18 mK, la telecamera offre immagini nitide e realistiche. Il display AMOLED con una risoluzione di 1024 x 768 pixel garantisce un&#039;eccezionale visualizzazione delle immagini, mentre la modalit\u00e0 Ultra Clear ottimizza ulteriormente la chiarezza dell&#039;immagine, soprattutto in condizioni meteorologiche difficili.<\/p>\n<h2>Esperienza di visualizzazione personalizzata &#8211; Personalizza il tuo dispositivo in modo perfetto<\/h2>\n<p>Grazie al sensore medio da 384 x 288 px e a una variet\u00e0 di opzioni di impostazione, puoi adattare il dispositivo perfettamente alle tue esigenze. Scegli tra 5 modalit\u00e0 colore e ottimizza la tua visione con 10 livelli di luminosit\u00e0, nitidezza e contrasto &#8211; in modo che nessun dettaglio passi inosservato.<\/p>\n<h2>Facile condivisione delle esperienze<\/h2>\n<p>Catturare i momenti speciali \u00e8 essenziale per il cacciatore moderno. Con il Nocpix LUMI L35, puoi non solo condividere comodamente le tue registrazioni tramite l&#8217;app, ma anche riprodurle direttamente sul dispositivo &#8211; perfetto per condividere immediatamente le tue esperienze con gli altri.<\/p>\n<h2>Pu\u00f2 essere utilizzato in modo flessibile grazie al sistema di batterie rimovibili<\/h2>\n<p>La serie LUMI \u00e8 dotata di batterie standard 18650, garantendoti la massima flessibilit\u00e0. Non importa dove tu vada, con il caricabatterie incluso sarai pronto di nuovo in poco tempo &#8211; e potrai continuare la tua missione.<\/p>\n","protected":false},"excerpt":{"rendered":"<p>Prestazioni massime con peso minimo &#8211; Nocpix LUMI L35: il tuo insostituibile compagno sul campo. Sensore 384 con 18 mK, display AMOLED con 1024 \u00d7 768 pixel, batteria rimovibile 18650, raggio di rilevamento di circa 1800 metri, ingrandimento base elevato per la caccia sul campo, design compatto.<br \/>\nSe l&#8217;articolo non \u00e8 disponibile, ti preghiamo di contattarci: shop@nbg.eu o +359896147790<\/p>\n","protected":false},"featured_media":678266,"template":"","meta":{"_acf_changed":false},"product_brand":[14457],"product_cat":[12336,369],"product_tag":[],"class_list":{"0":"post-678109","1":"product","2":"type-product","3":"status-publish","4":"has-post-thumbnail","6":"product_brand-nocpix","7":"product_cat-termico","8":"product_cat-uncategorized","10":"first","11":"instock","12":"taxable","13":"shipping-taxable","14":"purchasable","15":"product-type-simple"},"acf":[],"_links":{"self":[{"href":"https:\/\/nbg.eu\/it\/wp-json\/wp\/v2\/product\/678109","targetHints":{"allow":["GET"]}}],"collection":[{"href":"https:\/\/nbg.eu\/it\/wp-json\/wp\/v2\/product"}],"about":[{"href":"https:\/\/nbg.eu\/it\/wp-json\/wp\/v2\/types\/product"}],"wp:featuredmedia":[{"embeddable":true,"href":"https:\/\/nbg.eu\/it\/wp-json\/wp\/v2\/media\/678266"}],"wp:attachment":[{"href":"https:\/\/nbg.eu\/it\/wp-json\/wp\/v2\/media?parent=678109"}],"wp:term":[{"taxonomy":"product_brand","embeddable":true,"href":"https:\/\/nbg.eu\/it\/wp-json\/wp\/v2\/product_brand?post=678109"},{"taxonomy":"product_cat","embeddable":true,"href":"https:\/\/nbg.eu\/it\/wp-json\/wp\/v2\/product_cat?post=678109"},{"taxonomy":"product_tag","embeddable":true,"href":"https:\/\/nbg.eu\/it\/wp-json\/wp\/v2\/product_tag?post=678109"}],"curies":[{"name":"wp","href":"https:\/\/api.w.org\/{rel}","templated":true}]}}