{"id":681150,"date":"2026-01-08T18:14:00","date_gmt":"2026-01-08T15:14:00","guid":{"rendered":"https:\/\/nbg.eu\/product\/manly-peak-nero-14c28n\/"},"modified":"2026-01-21T11:41:25","modified_gmt":"2026-01-21T08:41:25","slug":"manly-peak-nero-14c28n","status":"publish","type":"product","link":"https:\/\/nbg.eu\/it\/product\/manly-peak-nero-14c28n\/","title":{"rendered":"Manly PEAK NERO 14C28N"},"content":{"rendered":"<h2>Manly PEAK BLACK 14C28N \u2013 Il coltello pieghevole per uso quotidiano per eccellenza<\/h2>\n<p>Continuando la tradizione Manly di fornire coltelli pieghevoli di alta qualit\u00e0 a prezzi ragionevoli, il PEAK \u2013 14C28N Black (One Hand) \u00e8 l&#8217;epitome della versatilit\u00e0 e della praticit\u00e0. Realizzato con precisione, questo coltello pieghevole presenta una lama in acciaio svedese 14C28N e un manico in G10, garantendo uno strumento da taglio durevole e affidabile per le attivit\u00e0 quotidiane.<\/p>\n<p>Progettato per l&#8217;uso ambidestro, la clip reversibile consente un facile accesso sia per mano destra che per mano sinistra, rendendolo il compagno perfetto sia per i destrorsi che per i mancini. Il meccanismo di bloccaggio posteriore offre un blocco sicuro e affidabile, assicurando che la lama rimanga in posizione durante l&#8217;uso.<\/p>\n<p>Con una lunghezza totale di 22 cm e una lunghezza della lama di 9,4 cm, il PEAK \u2013 14C28N Black (One Hand) offre una dimensione confortevole e gestibile, perfetta per una vasta gamma di applicazioni, dalle avventure all&#8217;aperto alle attivit\u00e0 di utilit\u00e0 quotidiana. Con un peso di 115 g, questo coltello trova il perfetto equilibrio tra peso e portabilit\u00e0, rendendolo una scelta affidabile e versatile per il vostro uso quotidiano.<\/p>\n<p>Caratterizzato da una lama in acciaio 14C28N con finitura satinata e un elegante manico nero in G10, il PEAK \u2013 14C28N Black (One Hand) non solo offre prestazioni eccezionali, ma vanta anche un aspetto elegante e moderno che si adatter\u00e0 a qualsiasi stile personale. Che siate appassionati di outdoor, esperti di bricolage o semplicemente amanti degli strumenti ben realizzati, il Manly PEAK \u2013 14C28N Black (One Hand) \u00e8 il perfetto complemento per la vostra collezione di oggetti per uso quotidiano.<\/p>\n","protected":false},"excerpt":{"rendered":"<p>Coltello pieghevole a prezzo ragionevole con lama in acciaio svedese 14C28N, clip reversibile e blocco posteriore.<\/p>\n","protected":false},"featured_media":685049,"template":"","meta":{"_acf_changed":false},"product_brand":[15090],"product_cat":[12350],"product_tag":[],"class_list":{"0":"post-681150","1":"product","2":"type-product","3":"status-publish","4":"has-post-thumbnail","6":"product_brand-manly-knives","7":"product_cat-edc","9":"first","10":"instock","11":"taxable","12":"shipping-taxable","13":"purchasable","14":"product-type-simple"},"acf":[],"_links":{"self":[{"href":"https:\/\/nbg.eu\/it\/wp-json\/wp\/v2\/product\/681150","targetHints":{"allow":["GET"]}}],"collection":[{"href":"https:\/\/nbg.eu\/it\/wp-json\/wp\/v2\/product"}],"about":[{"href":"https:\/\/nbg.eu\/it\/wp-json\/wp\/v2\/types\/product"}],"wp:featuredmedia":[{"embeddable":true,"href":"https:\/\/nbg.eu\/it\/wp-json\/wp\/v2\/media\/685049"}],"wp:attachment":[{"href":"https:\/\/nbg.eu\/it\/wp-json\/wp\/v2\/media?parent=681150"}],"wp:term":[{"taxonomy":"product_brand","embeddable":true,"href":"https:\/\/nbg.eu\/it\/wp-json\/wp\/v2\/product_brand?post=681150"},{"taxonomy":"product_cat","embeddable":true,"href":"https:\/\/nbg.eu\/it\/wp-json\/wp\/v2\/product_cat?post=681150"},{"taxonomy":"product_tag","embeddable":true,"href":"https:\/\/nbg.eu\/it\/wp-json\/wp\/v2\/product_tag?post=681150"}],"curies":[{"name":"wp","href":"https:\/\/api.w.org\/{rel}","templated":true}]}}