{"id":682121,"date":"2026-01-08T18:13:52","date_gmt":"2026-01-08T15:13:52","guid":{"rendered":"https:\/\/nbg.eu\/product\/citta-militare-di-manly-14c28n\/"},"modified":"2026-01-21T11:41:31","modified_gmt":"2026-01-21T08:41:31","slug":"citta-militare-di-manly-14c28n","status":"publish","type":"product","link":"https:\/\/nbg.eu\/it\/product\/citta-militare-di-manly-14c28n\/","title":{"rendered":"Citt\u00e0 Militare di Manly 14C28N"},"content":{"rendered":"<h2>Manly City Military 14C28N: Il coltello da citt\u00e0 eccezionale per tutti i giorni<\/h2>\n<p>Il Manly City Military 14C28N \u00e8 un coltello da citt\u00e0 eccezionale per tutti i giorni che incarna la nostra filosofia di offrire materiali primari attentamente selezionati a un prezzo ragionevole. Con una lama a lama piatta in acciaio Sandvik 14C28N, questo modello \u00e8 progettato per la versatilit\u00e0 e la comodit\u00e0.<\/p>\n<p>Caratterizzato da una clip reversibile e una posizione con doppio perno, il Manly City Military 14C28N \u00e8 adatto sia per utenti mancini che destrorsi, garantendo una presa comoda e personalizzabile. Il materiale della maniglia in G10 offre una presa sicura e durevole, mentre il meccanismo di apertura con una mano e il blocco posteriore offrono un funzionamento fluido e affidabile.<\/p>\n<p>Specifiche tecniche:<\/p>\n<ul>\n<li>Modello: CITY 14C28N Military Green Flat Handle<\/li>\n<li>Tipo: Coltello pieghevole<\/li>\n<li>Lunghezza totale: 17,7 cm<\/li>\n<li>Lunghezza lama: 7,0 cm<\/li>\n<li>Lunghezza piegata: 10,5 cm<\/li>\n<li>Spessore lama: 2,7 mm<\/li>\n<li>Peso: 95 g<\/li>\n<li>Materiale lama: 14C28N<\/li>\n<li>Materiale maniglia: G10<\/li>\n<li>Apertura: Pulsante per il pollice<\/li>\n<li>Apertura: una mano<\/li>\n<li>Tipo di blocco: Blocco posteriore<\/li>\n<\/ul>\n","protected":false},"excerpt":{"rendered":"<p>La Manly City Military 14C28N \u00e8 un eccezionale coltello da citt\u00e0 per uso quotidiano realizzato in acciaio Sandvik 14C28N e impugnatura in G10, adatto per l&#8217;utilizzo sia da mancini che da destrimani.<\/p>\n","protected":false},"featured_media":682183,"template":"","meta":{"_acf_changed":false},"product_brand":[15090],"product_cat":[12350],"product_tag":[],"class_list":{"0":"post-682121","1":"product","2":"type-product","3":"status-publish","4":"has-post-thumbnail","6":"product_brand-manly-knives","7":"product_cat-edc","9":"first","10":"instock","11":"taxable","12":"shipping-taxable","13":"purchasable","14":"product-type-simple"},"acf":[],"_links":{"self":[{"href":"https:\/\/nbg.eu\/it\/wp-json\/wp\/v2\/product\/682121","targetHints":{"allow":["GET"]}}],"collection":[{"href":"https:\/\/nbg.eu\/it\/wp-json\/wp\/v2\/product"}],"about":[{"href":"https:\/\/nbg.eu\/it\/wp-json\/wp\/v2\/types\/product"}],"wp:featuredmedia":[{"embeddable":true,"href":"https:\/\/nbg.eu\/it\/wp-json\/wp\/v2\/media\/682183"}],"wp:attachment":[{"href":"https:\/\/nbg.eu\/it\/wp-json\/wp\/v2\/media?parent=682121"}],"wp:term":[{"taxonomy":"product_brand","embeddable":true,"href":"https:\/\/nbg.eu\/it\/wp-json\/wp\/v2\/product_brand?post=682121"},{"taxonomy":"product_cat","embeddable":true,"href":"https:\/\/nbg.eu\/it\/wp-json\/wp\/v2\/product_cat?post=682121"},{"taxonomy":"product_tag","embeddable":true,"href":"https:\/\/nbg.eu\/it\/wp-json\/wp\/v2\/product_tag?post=682121"}],"curies":[{"name":"wp","href":"https:\/\/api.w.org\/{rel}","templated":true}]}}