{"id":683267,"date":"2025-12-17T17:30:35","date_gmt":"2025-12-17T14:30:35","guid":{"rendered":"https:\/\/nbg.eu\/product\/fiamma-nera-manly-g10-rwl-34\/"},"modified":"2026-01-21T11:41:30","modified_gmt":"2026-01-21T08:41:30","slug":"fiamma-nera-manly-g10-rwl-34","status":"publish","type":"product","link":"https:\/\/nbg.eu\/it\/product\/fiamma-nera-manly-g10-rwl-34\/","title":{"rendered":"Fiamma Nera Manly G10 RWL-34"},"content":{"rendered":"<h2>Manly Blaze Nero G10 RWL-34 &#8211; Il coltello da bushcraft definitivo<\/h2>\n<p>Blaze RWL-34 Nero \u00e8 il coltello da bushcraft perfetto. Con una lama fissa e una costruzione a piena impugnatura + acciaio in polvere RWL-34 superiore, la durabilit\u00e0 di questo coltello \u00e8 garantita. L&#8217;impugnatura \u00e8 realizzata in G10 nero con texture resistente alla corrosione. Il coltello pu\u00f2 essere rimosso dalla guaina (in kydex) facilmente con un solo movimento della mano, e il supporto per la cintura pu\u00f2 essere orizzontale o verticale.<\/p>\n<p>Se hai bisogno di un coltello affidabile in montagna, per il campeggio o la pesca, Blaze fa al caso tuo.<\/p>\n<h2>Specifiche tecniche<\/h2>\n<p>Nome: Blaze \u2013 RWL-34 Nero<br \/>\nTipo: Lama fissa<br \/>\nLunghezza totale: 24,5 cm<br \/>\nLunghezza lama: 11,9 cm<br \/>\nSpessore lama: 4 mm<br \/>\nDurezza del filo: 62 hrc<br \/>\nPeso: 210 g<br \/>\nMateriale lama: RWL-34<br \/>\nMateriale impugnatura: G10<br \/>\nMateriale guaina: Kydex<\/p>\n","protected":false},"excerpt":{"rendered":"<p>Blaze RWL-34 Nero: il coltello da bushcraft perfetto con lama fissa, pieno manico in acciaio, e acciaio in polvere RWL-34.<\/p>\n","protected":false},"featured_media":683295,"template":"","meta":{"_acf_changed":false},"product_brand":[15090],"product_cat":[2876],"product_tag":[],"class_list":{"0":"post-683267","1":"product","2":"type-product","3":"status-publish","4":"has-post-thumbnail","6":"product_brand-manly-knives","7":"product_cat-rahohvatki","9":"first","10":"instock","11":"taxable","12":"shipping-taxable","13":"purchasable","14":"product-type-simple"},"acf":[],"_links":{"self":[{"href":"https:\/\/nbg.eu\/it\/wp-json\/wp\/v2\/product\/683267","targetHints":{"allow":["GET"]}}],"collection":[{"href":"https:\/\/nbg.eu\/it\/wp-json\/wp\/v2\/product"}],"about":[{"href":"https:\/\/nbg.eu\/it\/wp-json\/wp\/v2\/types\/product"}],"wp:featuredmedia":[{"embeddable":true,"href":"https:\/\/nbg.eu\/it\/wp-json\/wp\/v2\/media\/683295"}],"wp:attachment":[{"href":"https:\/\/nbg.eu\/it\/wp-json\/wp\/v2\/media?parent=683267"}],"wp:term":[{"taxonomy":"product_brand","embeddable":true,"href":"https:\/\/nbg.eu\/it\/wp-json\/wp\/v2\/product_brand?post=683267"},{"taxonomy":"product_cat","embeddable":true,"href":"https:\/\/nbg.eu\/it\/wp-json\/wp\/v2\/product_cat?post=683267"},{"taxonomy":"product_tag","embeddable":true,"href":"https:\/\/nbg.eu\/it\/wp-json\/wp\/v2\/product_tag?post=683267"}],"curies":[{"name":"wp","href":"https:\/\/api.w.org\/{rel}","templated":true}]}}