{"id":683441,"date":"2025-12-17T18:06:26","date_gmt":"2025-12-17T15:06:26","guid":{"rendered":"https:\/\/nbg.eu\/product\/nocpix-m6t25s-telecamera-termica-per-auto-con-rilevamento-intelligente-di-oggetti-caldi\/"},"modified":"2026-01-21T11:45:00","modified_gmt":"2026-01-21T08:45:00","slug":"nocpix-m6t25s-telecamera-termica-per-auto-con-rilevamento-intelligente-di-oggetti-caldi","status":"publish","type":"product","link":"https:\/\/nbg.eu\/it\/product\/nocpix-m6t25s-telecamera-termica-per-auto-con-rilevamento-intelligente-di-oggetti-caldi\/","title":{"rendered":"Nocpix M6T25S Telecamera termica per auto con rilevamento intelligente di oggetti caldi"},"content":{"rendered":"<h2>Nocpix M6T25S Telecamera termica per auto con rilevamento intelligente per oggetti caldi<\/h2>\n<p>Introduciamo la serie MT di Nocpix, lo scanner a cupola innovativo progettato specificamente per la caccia. \u00c8 la scelta ideale non solo per guidare durante la caccia, ma anche adattabile a vari metodi e abitudini di caccia. Dotato di modelli AI all&#8217;avanguardia e di un&#8217;elevata potenza di calcolo, l&#8217;MT garantisce prestazioni stabili anche durante la guida e offre un rilevamento, bloccaggio e tracciamento precisi delle prede, con immagini di alta qualit\u00e0 e un&#8217;esperienza di caccia eccezionale.<\/p>\n<h2>Prestazioni intelligenti basate sull&#8217;AI<\/h2>\n<p>Alimentato dal modello di deep learning YOLO V5 e da 2T di potenza di calcolo, questo sistema \u00e8 progettato per migliorare l&#8217;esperienza di caccia. Il modello di deep learning, addestrato su un enorme dataset, consente il riconoscimento automatico e il tracciamento rapido delle prede, con box di delimitazione precisi per il targeting. Ci\u00f2 rende l&#8217;intero processo di caccia &#8211; identificazione, targeting e tracciamento &#8211; molto pi\u00f9 facile e fluido, riducendo lo sforzo richiesto per eseguire ogni passaggio da solo.<\/p>\n<h2>Visione panoramica a 360\u00b0 senza spazzole, campo di inclinazione a 90\u00b0<\/h2>\n<p>L&#8217;MT offre una visione panoramica a 360\u00b0 con un campo di inclinazione a 90\u00b0, fornendo una copertura completa. Ci\u00f2 garantisce il tracciamento completo e senza soluzione di continuit\u00e0 della preda, senza punti ciechi.<\/p>\n<h2>Stabilizzazione finale<\/h2>\n<p>La stabilizzazione a 2 assi consente all&#8217;MT di fornire un&#8217;immagine stabile, la calibrazione automatica corregge lo spostamento dell&#8217;obiettivo causato dalle irregolarit\u00e0 della strada o da altri fattori ambientali esterni, mantenendo una direzione costante.<\/p>\n<h2>Esperienza utente estremamente silenziosa<\/h2>\n<p>L&#8217;M6T25S utilizza un motore senza spazzole per la rotazione orizzontale a 360 gradi e un design a bilanciamento dinamico, il che significa che funziona a un basso livello di decibel durante la rotazione e l&#8217;inclinazione, garantendo che la tua esperienza di caccia rimanga ininterrotta e piacevole.<\/p>\n<h2>Metodi di connessione e visualizzazione terminale multipli<\/h2>\n<p>Per adattarsi a diverse abitudini e scenari di utilizzo, sono supportati due metodi di connessione: cavo e WiFi. La connessione via cavo fornisce una trasmissione dell&#8217;immagine relativamente pi\u00f9 stabile, mentre il WiFi offre un&#8217;esperienza pi\u00f9 comoda e senza fili. La trasmissione di immagini in tempo reale \u00e8 disponibile su qualsiasi dispositivo con l&#8217;app Nocpix installata, inclusi ma non limitati a iPad, telefoni cellulari, ecc.<\/p>\n","protected":false},"excerpt":{"rendered":"<p>Telecamera termica per auto Nocpix M6T25S con rilevamento intelligente per oggetti caldi. Ricerca intelligente, raggio d&#8217;azione efficace 2300m, telecomando, 2 batterie ricaricabili per un massimo di 7 ore di funzionamento.<\/p>\n<p>Se l&#8217;articolo non \u00e8 disponibile, si prega di contattarci: shop@nbg.eu o +359896147790<\/p>\n","protected":false},"featured_media":683606,"template":"","meta":{"_acf_changed":false},"product_brand":[14457],"product_cat":[12336],"product_tag":[],"class_list":{"0":"post-683441","1":"product","2":"type-product","3":"status-publish","4":"has-post-thumbnail","6":"product_brand-nocpix","7":"product_cat-termico","9":"first","10":"instock","11":"taxable","12":"shipping-taxable","13":"purchasable","14":"product-type-simple"},"acf":[],"_links":{"self":[{"href":"https:\/\/nbg.eu\/it\/wp-json\/wp\/v2\/product\/683441","targetHints":{"allow":["GET"]}}],"collection":[{"href":"https:\/\/nbg.eu\/it\/wp-json\/wp\/v2\/product"}],"about":[{"href":"https:\/\/nbg.eu\/it\/wp-json\/wp\/v2\/types\/product"}],"wp:featuredmedia":[{"embeddable":true,"href":"https:\/\/nbg.eu\/it\/wp-json\/wp\/v2\/media\/683606"}],"wp:attachment":[{"href":"https:\/\/nbg.eu\/it\/wp-json\/wp\/v2\/media?parent=683441"}],"wp:term":[{"taxonomy":"product_brand","embeddable":true,"href":"https:\/\/nbg.eu\/it\/wp-json\/wp\/v2\/product_brand?post=683441"},{"taxonomy":"product_cat","embeddable":true,"href":"https:\/\/nbg.eu\/it\/wp-json\/wp\/v2\/product_cat?post=683441"},{"taxonomy":"product_tag","embeddable":true,"href":"https:\/\/nbg.eu\/it\/wp-json\/wp\/v2\/product_tag?post=683441"}],"curies":[{"name":"wp","href":"https:\/\/api.w.org\/{rel}","templated":true}]}}