{"id":683650,"date":"2026-01-08T18:14:29","date_gmt":"2026-01-08T15:14:29","guid":{"rendered":"https:\/\/nbg.eu\/product\/termocamera-nocpix-vista-h50-50mm-12um-640x512-15mk-netd\/"},"modified":"2026-04-14T16:02:30","modified_gmt":"2026-04-14T13:02:30","slug":"termocamera-nocpix-vista-h50-50mm-12um-640x512-15mk-netd","status":"publish","type":"product","link":"https:\/\/nbg.eu\/it\/product\/termocamera-nocpix-vista-h50-50mm-12um-640x512-15mk-netd\/","title":{"rendered":"Nocpix Telecamera Termica VISTA H50"},"content":{"rendered":"<h2>Nocpix VISTA H50 &#8211; Telecamera a infrarossi all&#8217;avanguardia per uso diurno e notturno<\/h2>\n<p>La Nocpix VISTA H50 \u00e8 una telecamera a infrarossi all&#8217;avanguardia progettata per l&#8217;uso diurno e notturno. Offre una qualit\u00e0 dell&#8217;immagine eccezionale anche in condizioni meteorologiche difficili come nebbia, smog e pioggia e pu\u00f2 rilevare obiettivi attraverso ostacoli come rami, erba alta e vegetazione fitta che di solito ostacolano la visibilit\u00e0.<\/p>\n<p>La VISTA H50 \u00e8 altamente versatile e adatta a una serie di applicazioni, tra cui caccia, sicurezza, sorveglianza, navigazione del terreno e operazioni di ricerca e soccorso. La sua tecnologia termica avanzata garantisce prestazioni affidabili, offrendo immagini nitide e misurazioni accurate in ambienti impegnativi.<\/p>\n<h2>Specifiche chiave:<\/h2>\n<p>Risoluzione: 640 x 512<br \/>\nDimensione dei pixel: 12<br \/>\nNETD, mK: \u226415<br \/>\nFrequenza dei fotogrammi: 50<br \/>\nObiettivo: 50mm F0.9<br \/>\nCampo visivo: 8.8 x 7.0<br \/>\nCampo visivo (lineare): 15 x 12<br \/>\nIngrandimento: 4~40<br \/>\nDistanza di rilevamento: 2600<br \/>\nDistanza dagli occhi: 25<br \/>\nDiametro della pupilla d&#8217;uscita: 8<br \/>\nDiottrie: -4 ~ +6<br \/>\nTipo di display: AMOLED<br \/>\nRisoluzione del display: 2560 x 2560<br \/>\nBatteria: Batteria agli ioni di litio sostituibile IBP-7 \/ 4400mAh<br \/>\nTempo di funzionamento massimo: 5.5<br \/>\nWi-Fi\/App: S\u00cc<br \/>\nMIC: S\u00cc<br \/>\nCapacit\u00e0 di memoria: 64GB<br \/>\nGrado di protezione IP: IP67<br \/>\nTemperatura di esercizio massima: -20 ~ +50<br \/>\nPeso (once): 22.93<br \/>\nPeso (g): 650<br \/>\nDimensioni (in): 7.64 x 2.76 x 3.23<br \/>\nDimensioni (mm): 194 x 70 x 82<\/p>\n","protected":false},"excerpt":{"rendered":"<p>La fotocamera termica Nocpix VISTA H50 \u00e8 dotata di una risoluzione di 640&#215;512 pixel, con una dimensione del pixel di 12 \u03bcm, un NETD \u226415mK, un obiettivo da 50 mm F0.9 e un display AMOLED da 2560&#215;2560.<\/p>\n<p>Se l&#8217;articolo non \u00e8 disponibile, si prega di contattarci: shop@nbg.eu o +359896147790<\/p>\n<p>\n","protected":false},"featured_media":683722,"template":"","meta":{"_acf_changed":false},"product_brand":[14457],"product_cat":[12336,16082],"product_tag":[],"class_list":{"0":"post-683650","1":"product","2":"type-product","3":"status-publish","4":"has-post-thumbnail","6":"product_brand-nocpix","7":"product_cat-termico","8":"product_cat-thermal-cameras-it","10":"first","11":"instock","12":"taxable","13":"shipping-taxable","14":"purchasable","15":"product-type-simple"},"acf":[],"_links":{"self":[{"href":"https:\/\/nbg.eu\/it\/wp-json\/wp\/v2\/product\/683650","targetHints":{"allow":["GET"]}}],"collection":[{"href":"https:\/\/nbg.eu\/it\/wp-json\/wp\/v2\/product"}],"about":[{"href":"https:\/\/nbg.eu\/it\/wp-json\/wp\/v2\/types\/product"}],"wp:featuredmedia":[{"embeddable":true,"href":"https:\/\/nbg.eu\/it\/wp-json\/wp\/v2\/media\/683722"}],"wp:attachment":[{"href":"https:\/\/nbg.eu\/it\/wp-json\/wp\/v2\/media?parent=683650"}],"wp:term":[{"taxonomy":"product_brand","embeddable":true,"href":"https:\/\/nbg.eu\/it\/wp-json\/wp\/v2\/product_brand?post=683650"},{"taxonomy":"product_cat","embeddable":true,"href":"https:\/\/nbg.eu\/it\/wp-json\/wp\/v2\/product_cat?post=683650"},{"taxonomy":"product_tag","embeddable":true,"href":"https:\/\/nbg.eu\/it\/wp-json\/wp\/v2\/product_tag?post=683650"}],"curies":[{"name":"wp","href":"https:\/\/api.w.org\/{rel}","templated":true}]}}