{"id":685323,"date":"2025-12-17T17:50:25","date_gmt":"2025-12-17T14:50:25","guid":{"rendered":"https:\/\/nbg.eu\/product\/termica-monoculare-nocpix-lumi-l19\/"},"modified":"2026-01-21T11:59:28","modified_gmt":"2026-01-21T08:59:28","slug":"termica-monoculare-nocpix-lumi-l19","status":"publish","type":"product","link":"https:\/\/nbg.eu\/it\/product\/termica-monoculare-nocpix-lumi-l19\/","title":{"rendered":"Termica monoculare Nocpix LUMI L19"},"content":{"rendered":"<h2>Massime prestazioni con il minimo peso &#8211; Nocpix LUMI L19: il tuo osservatore per foreste e prati<\/h2>\n<p>La serie di monocoli termici LUMI \u00e8 progettata per l&#8217;uso sia di giorno che di notte e ti offre una qualit\u00e0 dell&#8217;immagine eccezionale anche in condizioni meteorologiche difficili come nebbia, smog o pioggia. Anche se ostacoli come rami, erba alta o vegetazione fitta rendono difficile la visibilit\u00e0, grazie a questa tecnologia puoi sempre vedere chiaramente ci\u00f2 che ti sta di fronte. Sono anche cos\u00ec compatti e leggeri che puoi portarli facilmente ovunque.<\/p>\n<p>Le telecamere termiche LUMI sono perfette per una variet\u00e0 di applicazioni come caccia, sorveglianza, sicurezza, orientamento del terreno o operazioni di ricerca e soccorso.<\/p>\n<h2>Prestazioni di imaging senza rivali per immagini nitidissime<\/h2>\n<p>La serie LUMI stabilisce nuovi standard in termini di qualit\u00e0 dell&#8217;immagine. Dotata dei pi\u00f9 avanzati algoritmi di imaging e di un potente sensore termico con NETD &lt; 18 mK, la telecamera offre immagini nitide e realistiche. Il display AMOLED con una risoluzione di 1024 x 768 pixel assicura un&#039;eccezionale visualizzazione dell&#039;immagine, mentre la modalit\u00e0 Ultra Clear ottimizza ulteriormente la chiarezza dell&#039;immagine, soprattutto in condizioni meteorologiche difficili.<\/p>\n<h2>Esperienza di visualizzazione personalizzata &#8211; Personalizza il tuo dispositivo alla perfezione<\/h2>\n<p>Grazie al sensore di medie dimensioni da 384 x 288 px e a una variet\u00e0 di opzioni di impostazione, puoi personalizzare il dispositivo esattamente in base alle tue esigenze. Scegli tra 5 modalit\u00e0 colore e ottimizza la tua visione con 10 livelli di luminosit\u00e0, nitidezza e contrasto &#8211; in modo che nessun dettaglio passi inosservato.<\/p>\n<h2>Facile condivisione delle esperienze<\/h2>\n<p>Catturare momenti speciali \u00e8 essenziale per il cacciatore moderno. Con il Nocpix LUMI, puoi non solo condividere facilmente le tue registrazioni tramite l&#8217;app, ma anche riprodurle direttamente sul dispositivo &#8211; perfetto per condividere istantaneamente le tue esperienze con gli altri.<\/p>\n<h2>Utilizzabile in modo flessibile grazie al sistema removibile della batteria<\/h2>\n<p>La serie LUMI \u00e8 dotata di batterie standard 18650, offrendoti la massima flessibilit\u00e0. Non importa dove tu vada, con il caricabatterie incluso sarai pronto di nuovo in un attimo &#8211; e potrai continuare la tua missione.<\/p>\n","protected":false},"excerpt":{"rendered":"<p>Massime prestazioni con il minimo peso &#8211; Nocpix LUMI L19: Il tuo osservatore per foreste e prati.<\/p>\n","protected":false},"featured_media":685569,"template":"","meta":{"_acf_changed":false},"product_brand":[14457],"product_cat":[12336],"product_tag":[],"class_list":{"0":"post-685323","1":"product","2":"type-product","3":"status-publish","4":"has-post-thumbnail","6":"product_brand-nocpix","7":"product_cat-termico","9":"first","10":"outofstock","11":"taxable","12":"shipping-taxable","13":"purchasable","14":"product-type-simple"},"acf":[],"_links":{"self":[{"href":"https:\/\/nbg.eu\/it\/wp-json\/wp\/v2\/product\/685323","targetHints":{"allow":["GET"]}}],"collection":[{"href":"https:\/\/nbg.eu\/it\/wp-json\/wp\/v2\/product"}],"about":[{"href":"https:\/\/nbg.eu\/it\/wp-json\/wp\/v2\/types\/product"}],"wp:featuredmedia":[{"embeddable":true,"href":"https:\/\/nbg.eu\/it\/wp-json\/wp\/v2\/media\/685569"}],"wp:attachment":[{"href":"https:\/\/nbg.eu\/it\/wp-json\/wp\/v2\/media?parent=685323"}],"wp:term":[{"taxonomy":"product_brand","embeddable":true,"href":"https:\/\/nbg.eu\/it\/wp-json\/wp\/v2\/product_brand?post=685323"},{"taxonomy":"product_cat","embeddable":true,"href":"https:\/\/nbg.eu\/it\/wp-json\/wp\/v2\/product_cat?post=685323"},{"taxonomy":"product_tag","embeddable":true,"href":"https:\/\/nbg.eu\/it\/wp-json\/wp\/v2\/product_tag?post=685323"}],"curies":[{"name":"wp","href":"https:\/\/api.w.org\/{rel}","templated":true}]}}