{"id":686698,"date":"2026-01-08T18:14:07","date_gmt":"2026-01-08T15:14:07","guid":{"rendered":"https:\/\/nbg.eu\/product\/telecamera-termica-nocpix-ace-l35-sensore-384x288-obiettivo-35-mm\/"},"modified":"2026-04-14T16:02:40","modified_gmt":"2026-04-14T13:02:40","slug":"telecamera-termica-nocpix-ace-l35-sensore-384x288-obiettivo-35-mm","status":"publish","type":"product","link":"https:\/\/nbg.eu\/it\/product\/telecamera-termica-nocpix-ace-l35-sensore-384x288-obiettivo-35-mm\/","title":{"rendered":"Nocpix Telecamera Termica ACE L35"},"content":{"rendered":"<h2>Fotocamera termica Nocpix ACE L35<\/h2>\n<p>Il Nocpix ACE L35 \u00e8 costruito attorno all&#8217;idea di combinare le funzionalit\u00e0 all&#8217;avanguardia richieste dagli utenti in un&#8217;ottica semplificata che bilancia le capacit\u00e0 avanzate con la facilit\u00e0 d&#8217;uso sul campo. Progettato per essere simile a un&#8217;ottica diurna tradizionale, l&#8217;ACE \u00e8 compatibile con fucili a otturatore girevole o semiautomatici che utilizzano supporti e anelli standard da 30 mm. La combinazione di una batteria interna ricaricabile USB-C e una batteria ricaricabile rimovibile 18650 consente agli utenti di cambiare le batterie durante l&#8217;utilizzo per una durata illimitata. Un ingranditore oculare da 1x a 3x fornisce una maggiorazione ottica del display AMOLED circolare da 2560&#215;2560 all&#8217;interno dell&#8217;oculare. Il sistema Vision+ combina questo display ad alta risoluzione con un sensore NETD da 18 mK per immagini incredibilmente dettagliate e precise.<\/p>\n<p>Il Nocpix ACE L35 offre un&#8217;opzione pi\u00f9 economica nella linea ACE per i cacciatori di predatori e fauna selvatica che non hanno bisogno di un telemetro laser o di un sensore ad alta risoluzione. Con un prezzo estremamente vantaggioso, l&#8217;ACE L35 mantiene tutte le altre funzionalit\u00e0 della linea di cannocchiali termici ACE.<\/p>\n<p>Un ingranditore ottico oculare con una maggiorazione da 1 a 3x fornisce una maggiorazione aggiuntiva del display senza spostare la scala o lo zoom digitale. Un display AMOLED circolare ad alto contrasto con una risoluzione di 2560&#215;2560 fornisce una maggiore chiarezza e dettaglio. I comandi semplificati offrono una migliore ergonomia e una migliore esperienza utente sul campo. Utilizza normali batterie ricaricabili 18650. La funzione del calcolatore balistico visualizza i valori di caduta del proiettile in base all&#8217;input del telemetro laser e a un profilo del munizionamento personalizzato dall&#8217;utente. Ricarica attraverso il dispositivo con una porta USB-C con sistema di bloccaggio unico nel suo genere.<\/p>\n","protected":false},"excerpt":{"rendered":"<p>La fotocamera termica Nocpix ACE L35 presenta un sensore da 384&#215;288, un obiettivo da 35mm, uno zoom digitale 4x e una frequenza dei fotogrammi di 60Hz, con una portata di rilevamento di 1970 metri.<\/p>\n<p>Se l&#8217;articolo non \u00e8 disponibile, contattaci: shop@nbg.eu o +359896147790<\/p>\n","protected":false},"featured_media":686773,"template":"","meta":{"_acf_changed":false},"product_brand":[14457],"product_cat":[16082],"product_tag":[],"class_list":{"0":"post-686698","1":"product","2":"type-product","3":"status-publish","4":"has-post-thumbnail","6":"product_brand-nocpix","7":"product_cat-thermal-cameras-it","9":"first","10":"instock","11":"taxable","12":"shipping-taxable","13":"purchasable","14":"product-type-simple"},"acf":[],"_links":{"self":[{"href":"https:\/\/nbg.eu\/it\/wp-json\/wp\/v2\/product\/686698","targetHints":{"allow":["GET"]}}],"collection":[{"href":"https:\/\/nbg.eu\/it\/wp-json\/wp\/v2\/product"}],"about":[{"href":"https:\/\/nbg.eu\/it\/wp-json\/wp\/v2\/types\/product"}],"wp:featuredmedia":[{"embeddable":true,"href":"https:\/\/nbg.eu\/it\/wp-json\/wp\/v2\/media\/686773"}],"wp:attachment":[{"href":"https:\/\/nbg.eu\/it\/wp-json\/wp\/v2\/media?parent=686698"}],"wp:term":[{"taxonomy":"product_brand","embeddable":true,"href":"https:\/\/nbg.eu\/it\/wp-json\/wp\/v2\/product_brand?post=686698"},{"taxonomy":"product_cat","embeddable":true,"href":"https:\/\/nbg.eu\/it\/wp-json\/wp\/v2\/product_cat?post=686698"},{"taxonomy":"product_tag","embeddable":true,"href":"https:\/\/nbg.eu\/it\/wp-json\/wp\/v2\/product_tag?post=686698"}],"curies":[{"name":"wp","href":"https:\/\/api.w.org\/{rel}","templated":true}]}}