{"id":686993,"date":"2025-12-18T18:25:22","date_gmt":"2025-12-18T15:25:22","guid":{"rendered":"https:\/\/nbg.eu\/product\/termocamera-nocpix-bolt-l35r\/"},"modified":"2026-02-27T15:50:53","modified_gmt":"2026-02-27T12:50:53","slug":"termocamera-nocpix-bolt-l35r","status":"publish","type":"product","link":"https:\/\/nbg.eu\/it\/product\/termocamera-nocpix-bolt-l35r\/","title":{"rendered":"Termocamera Nocpix Bolt L35R"},"content":{"rendered":"<h2>Il Perfetto Inizio per la Tua Caccia Notturna: Telecamera Termica Nocpix Bolt L35R<\/h2>\n<p>Progettato per i principianti che desiderano chiarezza, comodit\u00e0 in un unico dispositivo e fiducia fin dal primo giorno, il BOLT di Nocpix combina immagini termiche nitide, un telemetro integrato e strumenti balistici intelligenti in un design compatto e facile da usare &#8211; offrendo ai nuovi cacciatori esattamente ci\u00f2 di cui hanno bisogno per cacciare in modo intelligente e sparare con sicurezza.<\/p>\n<h2>Vedi Chiaramente, Identifica con Precisione<\/h2>\n<p>Immagini sfocate e difficili da vedere sono un problema comune per i nuovi utenti di binocoli a immagine termica, soprattutto al buio. Ecco perch\u00e9 il BOLT \u00e8 dotato di un sensore termico autoprodotto con una NETD \u226420mK e una frequenza fotogrammi elevata di 50Hz, offrendoti immagini fluide e ad alta risoluzione anche in condizioni difficili. Grazie al nostro algoritmo di imaging Reality+, il BOLT taglia attraverso nebbia, cespugli e oscurit\u00e0 per fornire immagini nitide e un&#8217;identificazione affidabile dei bersagli.<\/p>\n<h2>Resta Leggero, Resta Concentrato<\/h2>\n<p>Come nuovo cacciatore, soprattutto quando si sta ancora prendendo confidenza con il muoversi in silenzio e il rimanere concentrati. Ecco perch\u00e9 il Nocpix BOLT semplifica le cose. Pesando solo 880 grammi e con un design compatto e snello, \u00e8 facile da trasportare, montare e azionare, anche durante lunghe battute di caccia.<\/p>\n<h2>Conosci la Distanza, Caccia con Fiducia<\/h2>\n<p>Per i nuovi cacciatori, valutare la distanza pu\u00f2 essere difficile, e colpi mancati possono minare la loro fiducia. Il BOLT elimina lo stress dello sparo con un telemetro laser integrato da 1.200 metri e un calcolatore balistico intelligente. Otterrai letture di distanza precise e un supporto di puntamento istantaneo che ti aiuta a colpire ogni tiro esattamente dove conta. Dalla tua prima battuta di caccia, il BOLT d\u00e0 ai principianti il vantaggio di cui hanno bisogno per sparare in modo pi\u00f9 intelligente e coerente.<\/p>\n<h2>Caccia Tutto il Giorno Senza Preoccuparti della Batteria<\/h2>\n<p>Restare senza batteria durante la caccia \u00e8 un incubo per qualsiasi nuovo cacciatore. Ecco perch\u00e9 il BOLT \u00e8 progettato con un sistema a doppia batteria &#8211; una batteria integrata a lunga durata da 5000mAh pi\u00f9 una batteria di riserva removibile da 18650. Con una capacit\u00e0 totale di 9000mAh, ottieni fino a 12 ore di utilizzo continuo. Nessun stress, nessuna interruzione &#8211; solo energia che ti accompagna, dal sorgere al tramonto del sole.<\/p>\n<h2>Attrezzatura Intelligente, Caccia Coinvolgente<\/h2>\n<p>Per i principianti, abituarsi a nuove attrezzature pu\u00f2 essere difficile. Il BOLT semplifica il processo con reticoli personalizzabili, impostazioni di tiro regolabili e sette palette di colori per adattarsi a diversi ambienti. Inoltre, la connettivit\u00e0 senza soluzione di continuit\u00e0 con l&#8217;app ti consente di personalizzare la tua configurazione e condividere le tue avventure, rendendo ogni battuta di caccia non solo pi\u00f9 intelligente, ma anche pi\u00f9 divertente e gratificante.<\/p>\n<h2>Design Robusto, Prestazioni Affidabili<\/h2>\n<p>Quando si \u00e8 alle prime armi, l&#8217;ultima cosa di cui si vuole preoccuparsi \u00e8 che la propria attrezzatura si rompa sul campo. Il BOLT \u00e8 costruito in modo robusto con un corpo in alluminio monoblocco e una resistenza alla polvere e all&#8217;acqua IP67. \u00c8 testato per resistere a cadute e alti rinculo, quindi rimane affidabile e accurato indipendentemente da quanto siano dure le condizioni.<\/p>\n","protected":false},"excerpt":{"rendered":"<p>La fotocamera termica Nocpix Bolt L35R offre immagini termiche nitide, telemetro integrato e strumenti balistici intelligenti in un design compatto e facile da usare per i nuovi cacciatori notturni.<\/p>\n<p>Se l&#8217;articolo non \u00e8 disponibile, contattaci: shop@nbg.eu o +359896147790<\/p>\n","protected":false},"featured_media":687385,"template":"","meta":{"_acf_changed":false},"product_brand":[14457],"product_cat":[2876],"product_tag":[],"class_list":{"0":"post-686993","1":"product","2":"type-product","3":"status-publish","4":"has-post-thumbnail","6":"product_brand-nocpix","7":"product_cat-rahohvatki","9":"first","10":"instock","11":"taxable","12":"shipping-taxable","13":"purchasable","14":"product-type-simple"},"acf":[],"_links":{"self":[{"href":"https:\/\/nbg.eu\/it\/wp-json\/wp\/v2\/product\/686993","targetHints":{"allow":["GET"]}}],"collection":[{"href":"https:\/\/nbg.eu\/it\/wp-json\/wp\/v2\/product"}],"about":[{"href":"https:\/\/nbg.eu\/it\/wp-json\/wp\/v2\/types\/product"}],"wp:featuredmedia":[{"embeddable":true,"href":"https:\/\/nbg.eu\/it\/wp-json\/wp\/v2\/media\/687385"}],"wp:attachment":[{"href":"https:\/\/nbg.eu\/it\/wp-json\/wp\/v2\/media?parent=686993"}],"wp:term":[{"taxonomy":"product_brand","embeddable":true,"href":"https:\/\/nbg.eu\/it\/wp-json\/wp\/v2\/product_brand?post=686993"},{"taxonomy":"product_cat","embeddable":true,"href":"https:\/\/nbg.eu\/it\/wp-json\/wp\/v2\/product_cat?post=686993"},{"taxonomy":"product_tag","embeddable":true,"href":"https:\/\/nbg.eu\/it\/wp-json\/wp\/v2\/product_tag?post=686993"}],"curies":[{"name":"wp","href":"https:\/\/api.w.org\/{rel}","templated":true}]}}