{"id":687700,"date":"2026-01-08T18:14:10","date_gmt":"2026-01-08T15:14:10","guid":{"rendered":"https:\/\/nbg.eu\/product\/monoculare-termico-lumi-h35\/"},"modified":"2026-04-14T16:02:37","modified_gmt":"2026-04-14T13:02:37","slug":"monoculare-termico-lumi-h35","status":"publish","type":"product","link":"https:\/\/nbg.eu\/it\/product\/monoculare-termico-lumi-h35\/","title":{"rendered":"Nocpix Monoculare Termico LUMI H35"},"content":{"rendered":"<h2>Nocpix LUMI H35: Il tuo compagno indispensabile per tutte le applicazioni<\/h2>\n<p>La serie di monocoli termici LUMI \u00e8 progettata per l&#8217;uso sia diurno che notturno e ti offre una qualit\u00e0 d&#8217;immagine eccezionale anche in condizioni meteorologiche difficili come nebbia, smog o pioggia. Anche se ostacoli come rami, erba alta o vegetazione fitta rendono difficile la visibilit\u00e0, questa tecnologia ti consente di vedere sempre chiaramente ci\u00f2 che ti sta davanti. Sono anche cos\u00ec compatti e leggeri che puoi portarli facilmente ovunque.<\/p>\n<p>Le telecamere termiche LUMI sono perfette per una variet\u00e0 di applicazioni come caccia, sorveglianza, sicurezza, orientamento del terreno o operazioni di ricerca e soccorso.<\/p>\n<h2>Prestazioni d&#8217;immagine senza rivali per immagini nitidissime<\/h2>\n<p>La serie LUMI stabilisce nuovi standard in termini di qualit\u00e0 dell&#8217;immagine. Dotata dei pi\u00f9 avanzati algoritmi d&#8217;imaging e di un potente sensore termico con NETD &lt; 18 mK, la telecamera fornisce immagini nitide e realistiche. Il display AMOLED con una risoluzione di 1024 x 768 pixel garantisce un&#039;eccezionale presentazione dell&#039;immagine, mentre la modalit\u00e0 Ultra Clear ottimizza ulteriormente la chiarezza dell&#039;immagine, soprattutto in condizioni meteorologiche difficili.<\/p>\n<h2>Esperienza di visione personalizzata &#8211; personalizza il tuo dispositivo perfettamente<\/h2>\n<p>Grazie al sensore di grandi dimensioni da 640 x 512 px e a una variet\u00e0 di opzioni di regolazione, puoi regolare il dispositivo esattamente in base alle tue esigenze. Scegli tra 5 modalit\u00e0 di colore e ottimizza la tua visione con 10 livelli di luminosit\u00e0, nitidezza e contrasto &#8211; in modo che nessun dettaglio passi inosservato.<\/p>\n<h2>Condividere esperienze \u00e8 facile con LUMI<\/h2>\n<p>Per il cacciatore moderno, catturare momenti speciali \u00e8 importante. Con Nocpix LUMI H35, puoi non solo condividere comodamente le tue registrazioni tramite l&#8217;app, ma anche riprodurle direttamente sul dispositivo &#8211; perfetto per condividere istantaneamente le tue esperienze con gli altri.<\/p>\n<h2>Utilizzo flessibile grazie al sistema batterie sostituibili<\/h2>\n<p>La serie LUMI \u00e8 dotata di batterie standard 18650, offrendoti la massima flessibilit\u00e0. Ovunque tu sia, con il caricabatterie incluso sarai pronto per l&#8217;azione in pochissimo tempo &#8211; e potrai continuare la tua missione.<\/p>\n","protected":false},"excerpt":{"rendered":"<p>Nocpix LUMI H35: il tuo compagno indispensabile per tutte le applicazioni. Sensore da 640 con 18 mK, display AMOLED da 1024 \u00d7 768 pixel, batteria rimovibile 18650, raggio di rilevamento di circa 1800 metri, design compatto.<\/p>\n<p>Se l&#8217;articolo non \u00e8 disponibile, contattaci all&#8217;indirizzo shop@nbg.eu o al numero +359896147790.<\/p>\n","protected":false},"featured_media":687749,"template":"","meta":{"_acf_changed":false},"product_brand":[14457],"product_cat":[16081,12336],"product_tag":[],"class_list":{"0":"post-687700","1":"product","2":"type-product","3":"status-publish","4":"has-post-thumbnail","6":"product_brand-nocpix","7":"product_cat-monoculars-it","8":"product_cat-termico","10":"first","11":"instock","12":"taxable","13":"shipping-taxable","14":"purchasable","15":"product-type-simple"},"acf":[],"_links":{"self":[{"href":"https:\/\/nbg.eu\/it\/wp-json\/wp\/v2\/product\/687700","targetHints":{"allow":["GET"]}}],"collection":[{"href":"https:\/\/nbg.eu\/it\/wp-json\/wp\/v2\/product"}],"about":[{"href":"https:\/\/nbg.eu\/it\/wp-json\/wp\/v2\/types\/product"}],"wp:featuredmedia":[{"embeddable":true,"href":"https:\/\/nbg.eu\/it\/wp-json\/wp\/v2\/media\/687749"}],"wp:attachment":[{"href":"https:\/\/nbg.eu\/it\/wp-json\/wp\/v2\/media?parent=687700"}],"wp:term":[{"taxonomy":"product_brand","embeddable":true,"href":"https:\/\/nbg.eu\/it\/wp-json\/wp\/v2\/product_brand?post=687700"},{"taxonomy":"product_cat","embeddable":true,"href":"https:\/\/nbg.eu\/it\/wp-json\/wp\/v2\/product_cat?post=687700"},{"taxonomy":"product_tag","embeddable":true,"href":"https:\/\/nbg.eu\/it\/wp-json\/wp\/v2\/product_tag?post=687700"}],"curies":[{"name":"wp","href":"https:\/\/api.w.org\/{rel}","templated":true}]}}