{"id":687827,"date":"2026-01-08T18:13:58","date_gmt":"2026-01-08T15:13:58","guid":{"rendered":"https:\/\/nbg.eu\/product\/telecamera-termica-ace-s60r\/"},"modified":"2026-04-14T16:02:44","modified_gmt":"2026-04-14T13:02:44","slug":"telecamera-termica-ace-s60r","status":"publish","type":"product","link":"https:\/\/nbg.eu\/it\/product\/telecamera-termica-ace-s60r\/","title":{"rendered":"Nocpix Telecamera Termica ACE S60R"},"content":{"rendered":"<h2>Descrizione del prodotto<\/h2>\n<p>Il Nocpix ACE S60R Thermal Scope \u00e8 uno strumento di nuova concezione, progettato per gli hunter d&#8217;\u00e9lite che richiedono prestazioni al massimo delle loro potenzialit\u00e0 negli ambienti pi\u00f9 impegnativi. Con la sua tecnologia all&#8217;avanguardia e la sua costruzione robusta, questo avanzato cannocchiale termico \u00e8 progettato per aiutarti a dominare la notte e domare la fauna selvatica. Che tu stia scandagliando per individuare la preda a grandi distanze o inseguendo bersagli in rapido movimento, l&#8217;ACE S60R offre una chiarezza, una precisione e un&#8217;affidabilit\u00e0 senza pari.<\/p>\n<p>Al cuore di questo straordinario cannocchiale c&#8217;\u00e8 un sensore termico HD di seconda generazione con una risoluzione impressionante di 1280&#215;1024 e un NETD ultra-sensibile di \u226415mK. Questo sensore di ultima generazione permette all&#8217;ACE S60R di rilevare anche i pi\u00f9 lievi cambiamenti di temperatura, fornendo immagini termiche chiare e dettagliate in tempo reale. Con un frame rate di 50 Hz, il cannocchiale offre immagini fluide che riescono a tenere il passo con la velocit\u00e0 del tuo bersaglio, permettendoti di bloccarlo con una precisione senza precedenti.<\/p>\n<p>L&#8217;Nocpix ACE S60R \u00e8 dotato anche di un obiettivo da 60 mm\/F1.0 che raccoglie il 20% di luce in pi\u00f9 rispetto ai cannocchiali standard, regalandoti immagini pi\u00f9 luminose e nitide anche nelle condizioni di scarsa illuminazione. La sua eccezionale rilevazione a lungo raggio fino a 3100 metri ti permette di identificare e tracciare facilmente i bersagli distanti, fornendoti un vantaggio decisivo nelle situazioni di caccia e tiro a lungo raggio. Combinato con l&#8217;algoritmo di elaborazione delle immagini proprietario Nocpix Reality+, l&#8217;ACE S60R riduce drasticamente il rumore ambientale, garantendo immagini nitide e ad alto contrasto ogni volta.<\/p>\n<p>Per coloro che vogliono ancora pi\u00f9 chiarezza visiva, l&#8217;ACE S60R \u00e8 dotato del sistema innovativo Vision+. Il display AMOLED rotondo da 1,03 pollici con risoluzione 2560&#215;2560, combinato con una magnifica ottica leader del settore, offre una magnifica ottica senza i tipici difetti di distorsione o sfocatura associati allo zoom elettronico. Questa tecnologia rivoluzionaria garantisce una visione cristallina e un ampio campo visivo, sia che tu ti stia avvicinando al tuo bersaglio o che tu stia scandagliando l&#8217;ambiente circostante.<\/p>\n<p>La precisione \u00e8 fondamentale quando si tratta di caccia, e l&#8217;ACE S60R non delude. Il suo Telemetro Laser (LRF) integrato offre misurazioni accurate fino a 1200 metri di distanza. Il LRF \u00e8 perfettamente integrato nel design, mantenendo l&#8217;allineamento ottico vero mentre ti permette di calcolare range precisi senza disturbare la messa a fuoco. E con la funzionalit\u00e0 di calcolo balistico integrata, l&#8217;ACE S60R garantisce che i tuoi tiri siano precisi, tenendo conto di ogni fattore per un&#8217;accuratezza impeccabile.<\/p>\n<p>Progettato per i cacciatori, il Nocpix ACE S60R vanta anche un sistema a doppia batteria con una batteria integrata da 4000mAh e una batteria rimovibile da 18650 per un uso prolungato sul campo. Niente pi\u00f9 preoccupazioni per rimanere senza energia nel bel mezzo della caccia &#8211; questo sistema \u00e8 progettato per durare quanto la tua avventura. Inoltre, funzionalit\u00e0 come lo spegnimento automatico dello schermo, la registrazione video attivata dal rinculo e un design senza copertura rendono questo cannocchiale termico un vero e proprio game-changer sul campo.<\/p>\n<p>Costruito per le condizioni outdoor pi\u00f9 difficili, l&#8217;ACE S60R \u00e8 realizzato in lega di alluminio ad alta resistenza, sottoposto a rigorosi test per resistere a shock estremi e a un uso intensivo. Classificato IP67 per la resistenza all&#8217;acqua, funziona perfettamente sotto la pioggia, nella polvere e in ambienti impegnativi, garantendo che il tuo cannocchiale sia resistente quanto i tuoi istinti di caccia.<\/p>\n<p>L&#8217;Nocpix ACE S60R \u00e8 molto pi\u00f9 di un semplice cannocchiale termico &#8211; \u00e8 il compagno di caccia definitivo. Con una tecnologia di punta, un&#8217;eccezionale durabilit\u00e0 e una serie di funzionalit\u00e0 avanzate progettate per migliorare la tua esperienza di caccia, questa mira ridefinir\u00e0 le tue aspettative sull&#8217;attrezzatura. Preparati a dominare la notte.<\/p>\n","protected":false},"excerpt":{"rendered":"<p>Il Nocpix ACE S60R Thermal Scope \u00e8 uno strumento all&#8217;avanguardia per cacciatori d&#8217;elite, offrendo chiarezza, precisione e affidabilit\u00e0 senza pari negli ambienti pi\u00f9 impegnativi. Il suo sensore termico HD di seconda generazione, l&#8217;obiettivo da 60 mm\/F1.0 e il sistema Vision+ avanzato offrono una qualit\u00e0 d&#8217;immagine eccezionale, mentre il telemetro laser integrato, il calcolo balistico e il sistema a batteria doppia garantiscono precisione e utilizzo prolungato. Realizzato in lega di alluminio resistente e classificato IP67, l&#8217;ACE S60R \u00e8 costruito per resistere alle condizioni pi\u00f9 estreme.<\/p>\n","protected":false},"featured_media":687967,"template":"","meta":{"_acf_changed":false},"product_brand":[14457],"product_cat":[16082],"product_tag":[],"class_list":{"0":"post-687827","1":"product","2":"type-product","3":"status-publish","4":"has-post-thumbnail","6":"product_brand-nocpix","7":"product_cat-thermal-cameras-it","9":"first","10":"instock","11":"taxable","12":"shipping-taxable","13":"purchasable","14":"product-type-simple"},"acf":[],"_links":{"self":[{"href":"https:\/\/nbg.eu\/it\/wp-json\/wp\/v2\/product\/687827","targetHints":{"allow":["GET"]}}],"collection":[{"href":"https:\/\/nbg.eu\/it\/wp-json\/wp\/v2\/product"}],"about":[{"href":"https:\/\/nbg.eu\/it\/wp-json\/wp\/v2\/types\/product"}],"wp:featuredmedia":[{"embeddable":true,"href":"https:\/\/nbg.eu\/it\/wp-json\/wp\/v2\/media\/687967"}],"wp:attachment":[{"href":"https:\/\/nbg.eu\/it\/wp-json\/wp\/v2\/media?parent=687827"}],"wp:term":[{"taxonomy":"product_brand","embeddable":true,"href":"https:\/\/nbg.eu\/it\/wp-json\/wp\/v2\/product_brand?post=687827"},{"taxonomy":"product_cat","embeddable":true,"href":"https:\/\/nbg.eu\/it\/wp-json\/wp\/v2\/product_cat?post=687827"},{"taxonomy":"product_tag","embeddable":true,"href":"https:\/\/nbg.eu\/it\/wp-json\/wp\/v2\/product_tag?post=687827"}],"curies":[{"name":"wp","href":"https:\/\/api.w.org\/{rel}","templated":true}]}}