{"id":688028,"date":"2025-10-17T23:10:38","date_gmt":"2025-10-17T20:10:38","guid":{"rendered":"https:\/\/nbg.eu\/product\/pistola-semiautomatica-kmr-w-02-spectra-s-cal-9x19\/"},"modified":"2026-04-16T17:38:23","modified_gmt":"2026-04-16T14:38:23","slug":"pistola-semiautomatica-kmr-w-02-spectra-s-cal-9x19","status":"publish","type":"product","link":"https:\/\/nbg.eu\/it\/product\/pistola-semiautomatica-kmr-w-02-spectra-s-cal-9x19\/","title":{"rendered":"KMR Pistola Semiautomatica W-02 SPECTRA S"},"content":{"rendered":"<h2>Pistola Semiautomatica KMR W-02 SPECTRA S OR &#8211; Calibro 9&#215;19<\/h2>\n<p>Velocit\u00e0 combinata con compattezza. La pistola KMR W-02 SPECTRA S OR ha un design pi\u00f9 compatto con una presa ridotta. Come per i nostri altri modelli, ci si pu\u00f2 aspettare un&#8217;alta precisione e un funzionamento fluido e scorrevole con questa pistola. La pistola \u00e8 dotata del sistema di stabilizzazione del barrel BRS, accessori KMR, mirino posteriore completamente regolabile, cane da competizione e interfaccia pronta per ottiche.<\/p>\n<p>Caratteristiche:<\/p>\n<ul>\n<li>Canna pesante da 5&#8243;, scanalata, nitrurata<\/li>\n<li>BRS &#8211; Barrel Ring System &#8211; Sistema di stabilizzazione della canna nello scorrimento<\/li>\n<li>Struttura e carrello in acciaio, lavorati a CNC da un unico blocco<\/li>\n<li>Struttura e carrello nitrurati &#8211; nero<\/li>\n<li>Struttura ridotta nell&#8217;area del manico<\/li>\n<li>Interfaccia pronta per ottiche (OR)<\/li>\n<li>Mirino anteriore in fibra ottica (1 mm)<\/li>\n<li>Mirino posteriore OR completamente regolabile<\/li>\n<li>Meccanismo di grilletto SA\/DA<\/li>\n<li>Grilletto in acciaio zigrinato SA\/DA con over-travel regolabile &#8211; nero<\/li>\n<li>Reset breve<\/li>\n<li>Cane da competizione SA\/DA<\/li>\n<li>Sicura manuale estesa a sinistra<\/li>\n<li>Sicura manuale piatta a destra<\/li>\n<li>Impugnature in duralluminio WAVES &#8211; Rosso scuro<\/li>\n<li>Pulsante di sgancio caricatore in duralluminio regolabile &#8211; nero<\/li>\n<li>Caricatore 9&#215;19, 9&#215;21 con capacit\u00e0 di 17 colpi<\/li>\n<li>Caricatore &#8211; 3x<\/li>\n<li>Custodia pistola KMR, kit di pulizia, olio KMR, utensile per il montaggio della canna, molla principale 14 lb, molle di recupero 11 lb, 13 lb, set di ammortizzatori, chiavi esagonali, frenafiletti, scheda di garanzia, manuale d&#8217;uso<\/li>\n<\/ul>\n<p>Specifiche:<\/p>\n<ul>\n<li>Calibro: 9&#215;19, 9&#215;21<\/li>\n<li>Lunghezza totale: 220 mm \/ 8.7 in<\/li>\n<li>Lunghezza del carrello: 194 mm \/ 7.6 in<\/li>\n<li>Larghezza totale: 39 mm \/ 1.5 in<\/li>\n<li>Larghezza del carrello: 26 mm \/ 1 in<\/li>\n<li>Altezza totale: 146 mm \/ 5.7 in<\/li>\n<li>Linea di mira: 177 mm \/ 7 in<\/li>\n<li>Lunghezza della canna: 127 mm \/ 5 in<\/li>\n<li>Capacit\u00e0 del caricatore: 17<\/li>\n<li>Meccanismo di grilletto: SA \/ DA<\/li>\n<li>Peso del grilletto: 17,5 N \/ 45 N<\/li>\n<li>Molla di recupero: 12 lb<\/li>\n<li>Molla principale: 17 lb<\/li>\n<li>Peso (senza caricatore): 1230 g \/ 43.4 oz<\/li>\n<li>Peso (con caricatore vuoto): 1320 g \/ 46.6 oz<\/li>\n<\/ul>\n","protected":false},"excerpt":{"rendered":"<p>Velocit\u00e0 combinata con compattezza. La pistola KMR W-02 SPECTRA S OR ha un design pi\u00f9 compatto con una presa ridotta. Come per i nostri altri modelli, ci si pu\u00f2 aspettare un&#8217;elevata precisione e un funzionamento fluido e scorrevole con questa pistola. La pistola \u00e8 dotata del sistema di stabilizzazione del barile BRS, degli accessori KMR, di mira posteriore completamente regolabile, di un martello da competizione e di un&#8217;interfaccia pronta per ottiche.<\/p>\n","protected":false},"featured_media":688075,"template":"","meta":{"_acf_changed":false},"product_brand":[11501],"product_cat":[12364],"product_tag":[],"class_list":{"0":"post-688028","1":"product","2":"type-product","3":"status-publish","4":"has-post-thumbnail","6":"product_brand-kmr-precision","7":"product_cat-pistole","9":"first","10":"instock","11":"taxable","12":"shipping-taxable","13":"purchasable","14":"product-type-simple"},"acf":[],"_links":{"self":[{"href":"https:\/\/nbg.eu\/it\/wp-json\/wp\/v2\/product\/688028","targetHints":{"allow":["GET"]}}],"collection":[{"href":"https:\/\/nbg.eu\/it\/wp-json\/wp\/v2\/product"}],"about":[{"href":"https:\/\/nbg.eu\/it\/wp-json\/wp\/v2\/types\/product"}],"wp:featuredmedia":[{"embeddable":true,"href":"https:\/\/nbg.eu\/it\/wp-json\/wp\/v2\/media\/688075"}],"wp:attachment":[{"href":"https:\/\/nbg.eu\/it\/wp-json\/wp\/v2\/media?parent=688028"}],"wp:term":[{"taxonomy":"product_brand","embeddable":true,"href":"https:\/\/nbg.eu\/it\/wp-json\/wp\/v2\/product_brand?post=688028"},{"taxonomy":"product_cat","embeddable":true,"href":"https:\/\/nbg.eu\/it\/wp-json\/wp\/v2\/product_cat?post=688028"},{"taxonomy":"product_tag","embeddable":true,"href":"https:\/\/nbg.eu\/it\/wp-json\/wp\/v2\/product_tag?post=688028"}],"curies":[{"name":"wp","href":"https:\/\/api.w.org\/{rel}","templated":true}]}}