{"id":689441,"date":"2024-08-17T15:26:35","date_gmt":"2024-08-17T12:26:35","guid":{"rendered":"https:\/\/nbg.eu\/product\/fiber-optic-front-sight-kmr-625xd1x3-red\/"},"modified":"2026-05-13T16:03:18","modified_gmt":"2026-05-13T13:03:18","slug":"fiber-optic-front-sight-kmr-625xd1x3-red","status":"publish","type":"product","link":"https:\/\/nbg.eu\/it\/product\/fiber-optic-front-sight-kmr-625xd1x3-red\/","title":{"rendered":"KMR Mirino Anteriore in Fibra Ottica 6.25xD1x3 Rosso"},"content":{"rendered":"<h2>Migliora la mira della tua arma con la MIRA ANTERIORE A FIBRA OTTICA KMR 6,25xD1x3 ROSSA<\/h2>\n<p>Le dimensioni della mira di 6,25 x D1 x 3 la rendono perfettamente adatta alla tua arma, garantendo un&#8217;integrazione senza soluzione di continuit\u00e0 senza compromettere il design complessivo. La robusta costruzione e i materiali durevoli utilizzati nella sua produzione assicurano prestazioni di lunga durata, anche in ambienti impegnativi.<\/p>\n<p>Che tu sia impegnato in operazioni tattiche, tiro competitivo o uso ricreativo, la mira anteriore a fibra ottica ti permetter\u00e0 di migliorare le tue capacit\u00e0 di mira e di darti il vantaggio di cui hai bisogno. Affidati a questo accessorio affidabile e di alta qualit\u00e0 per migliorare la precisione e l&#8217;accuratezza della tua arma.<\/p>\n<p>Per le armi KMR:<\/p>\n<p>KMR L-02 ORCA FINO AL 2023<\/p>\n<p>KMR W-02 UMBRA<\/p>\n<p>Riferimento: 0501-04605-0001<\/p>\n","protected":false},"excerpt":{"rendered":"<p>Mirino anteriore in fibra ottica per armi KMR, 6,25xD1x3, rosso.<\/p>\n","protected":false},"featured_media":689465,"template":"","meta":{"_acf_changed":false},"product_brand":[11501],"product_cat":[12315],"product_tag":[],"class_list":{"0":"post-689441","1":"product","2":"type-product","3":"status-publish","4":"has-post-thumbnail","6":"product_brand-kmr-precision","7":"product_cat-parti-kmr","9":"first","10":"instock","11":"taxable","12":"shipping-taxable","13":"product-type-simple"},"acf":[],"_links":{"self":[{"href":"https:\/\/nbg.eu\/it\/wp-json\/wp\/v2\/product\/689441","targetHints":{"allow":["GET"]}}],"collection":[{"href":"https:\/\/nbg.eu\/it\/wp-json\/wp\/v2\/product"}],"about":[{"href":"https:\/\/nbg.eu\/it\/wp-json\/wp\/v2\/types\/product"}],"wp:featuredmedia":[{"embeddable":true,"href":"https:\/\/nbg.eu\/it\/wp-json\/wp\/v2\/media\/689465"}],"wp:attachment":[{"href":"https:\/\/nbg.eu\/it\/wp-json\/wp\/v2\/media?parent=689441"}],"wp:term":[{"taxonomy":"product_brand","embeddable":true,"href":"https:\/\/nbg.eu\/it\/wp-json\/wp\/v2\/product_brand?post=689441"},{"taxonomy":"product_cat","embeddable":true,"href":"https:\/\/nbg.eu\/it\/wp-json\/wp\/v2\/product_cat?post=689441"},{"taxonomy":"product_tag","embeddable":true,"href":"https:\/\/nbg.eu\/it\/wp-json\/wp\/v2\/product_tag?post=689441"}],"curies":[{"name":"wp","href":"https:\/\/api.w.org\/{rel}","templated":true}]}}