{"id":689496,"date":"2024-09-18T14:15:05","date_gmt":"2024-09-18T11:15:05","guid":{"rendered":"https:\/\/nbg.eu\/product\/fiber-optic-front-sight-kmr-675xd1x3-red\/"},"modified":"2026-05-13T16:02:28","modified_gmt":"2026-05-13T13:02:28","slug":"fiber-optic-front-sight-kmr-675xd1x3-red","status":"publish","type":"product","link":"https:\/\/nbg.eu\/it\/product\/fiber-optic-front-sight-kmr-675xd1x3-red\/","title":{"rendered":"KMR Mirino Anteriore in Fibra Ottica 6.75xD1x3 Rosso"},"content":{"rendered":"<h2>Migliora l&#8217;accuratezza della tua arma con la MIRA FRONTALE A FIBRA OTTICA KMR 6,75xD1x3 ROSSA<\/h2>\n<p>Progettata per prestazioni ottimali, la MIRA FRONTALE A FIBRA OTTICA KMR 6,75xD1x3 ROSSA \u00e8 il perfetto complemento per le tue armi KMR. Questa mira di alta qualit\u00e0 presenta un design a fibra ottica che offre una maggiore visibilit\u00e0 e acquisizione del bersaglio, anche in condizioni di scarsa illuminazione.<\/p>\n<p>La MIRA FRONTALE A FIBRA OTTICA KMR 6,75xD1x3 ROSSA vanta un design compatto e snello, che ne consente una facile installazione e un&#8217;integrazione perfetta con la tua arma. Il suo inserto in fibra ottica rossa assicura una visione del mirino nitida e ad alta visibilit\u00e0, facilitando l&#8217;acquisizione accurata e rapida del bersaglio.<\/p>\n<p>Migliora l&#8217;accuratezza e le prestazioni della tua arma con la MIRA FRONTALE A FIBRA OTTICA KMR 6,75xD1x3 ROSSA. Aggiorna oggi il tuo fucile KMR e sperimenta la differenza che pu\u00f2 fare questa eccezionale mira.<\/p>\n","protected":false},"excerpt":{"rendered":"<p>Mirino anteriore in fibra ottica per modelli di armi KMR, rosso 6.75x1x3.<\/p>\n","protected":false},"featured_media":689550,"template":"","meta":{"_acf_changed":false},"product_brand":[11501],"product_cat":[12315],"product_tag":[],"class_list":{"0":"post-689496","1":"product","2":"type-product","3":"status-publish","4":"has-post-thumbnail","6":"product_brand-kmr-precision","7":"product_cat-parti-kmr","9":"first","10":"instock","11":"taxable","12":"shipping-taxable","13":"product-type-simple"},"acf":[],"_links":{"self":[{"href":"https:\/\/nbg.eu\/it\/wp-json\/wp\/v2\/product\/689496","targetHints":{"allow":["GET"]}}],"collection":[{"href":"https:\/\/nbg.eu\/it\/wp-json\/wp\/v2\/product"}],"about":[{"href":"https:\/\/nbg.eu\/it\/wp-json\/wp\/v2\/types\/product"}],"wp:featuredmedia":[{"embeddable":true,"href":"https:\/\/nbg.eu\/it\/wp-json\/wp\/v2\/media\/689550"}],"wp:attachment":[{"href":"https:\/\/nbg.eu\/it\/wp-json\/wp\/v2\/media?parent=689496"}],"wp:term":[{"taxonomy":"product_brand","embeddable":true,"href":"https:\/\/nbg.eu\/it\/wp-json\/wp\/v2\/product_brand?post=689496"},{"taxonomy":"product_cat","embeddable":true,"href":"https:\/\/nbg.eu\/it\/wp-json\/wp\/v2\/product_cat?post=689496"},{"taxonomy":"product_tag","embeddable":true,"href":"https:\/\/nbg.eu\/it\/wp-json\/wp\/v2\/product_tag?post=689496"}],"curies":[{"name":"wp","href":"https:\/\/api.w.org\/{rel}","templated":true}]}}