{"id":689752,"date":"2024-08-17T18:12:25","date_gmt":"2024-08-17T15:12:25","guid":{"rendered":"https:\/\/nbg.eu\/product\/firing-pin-spring-kmr-s\/"},"modified":"2026-05-13T16:03:36","modified_gmt":"2026-05-13T13:03:36","slug":"firing-pin-spring-kmr-s","status":"publish","type":"product","link":"https:\/\/nbg.eu\/it\/product\/firing-pin-spring-kmr-s\/","title":{"rendered":"KMR Molla del Percussore S"},"content":{"rendered":"<h2>Molla per Percussore KMR S<\/h2>\n<p>La molla per percussore KMR S \u00e8 una molla di ricambio di alta qualit\u00e0 progettata per una variet\u00e0 di sistemi d&#8217;arma KMR.<\/p>\n<p>Realizzata con precisione e attenzione ai dettagli, questa molla per percussore garantisce prestazioni affidabili e coerenti nel tuo sistema d&#8217;arma KMR. La sua costruzione robusta e i materiali di alta qualit\u00e0 la rendono un&#8217;opzione di sostituzione a lunga durata per mantenere la funzionalit\u00e0 ottimale della tua arma da fuoco.<\/p>\n<p>Che tu sia un tiratore professionista o un appassionato, questo percussore \u00e8 un accessorio essenziale per mantenere il tuo arma KMR operativa al meglio. Aggiorna la tua arma da fuoco con questo componente affidabile e affidabile ed esperimenta la differenza nelle tue prestazioni di tiro.<\/p>\n<p>Per armi KMR:<\/p>\n<p>KMR S-01 LANCE (OR)<\/p>\n<p>KMR S-02 10 (OR) SR ADA<\/p>\n<p>KMR S-02 75 (OR) SR ADA<\/p>\n<p>KMR S-02 FROM 2024<\/p>\n<p>KMR S-02 SH1 (OR) SR ADA<\/p>\n<p>KMR S-02 SH2 (OR) SR ADA<\/p>\n<p>KMR S-02 TS (OR) SR ADA<\/p>\n<p>KMR S-02 UNTIL 2023<\/p>\n","protected":false},"excerpt":{"rendered":"<p>Molla di percussore KMR S &#8211; per KMR S-01, KMR S-02 e varianti.<\/p>\n","protected":false},"featured_media":689771,"template":"","meta":{"_acf_changed":false},"product_brand":[11501],"product_cat":[12333,12315],"product_tag":[],"class_list":{"0":"post-689752","1":"product","2":"type-product","3":"status-publish","4":"has-post-thumbnail","6":"product_brand-kmr-precision","7":"product_cat-molle","8":"product_cat-parti-kmr","10":"first","11":"instock","12":"taxable","13":"shipping-taxable","14":"product-type-simple"},"acf":[],"_links":{"self":[{"href":"https:\/\/nbg.eu\/it\/wp-json\/wp\/v2\/product\/689752","targetHints":{"allow":["GET"]}}],"collection":[{"href":"https:\/\/nbg.eu\/it\/wp-json\/wp\/v2\/product"}],"about":[{"href":"https:\/\/nbg.eu\/it\/wp-json\/wp\/v2\/types\/product"}],"wp:featuredmedia":[{"embeddable":true,"href":"https:\/\/nbg.eu\/it\/wp-json\/wp\/v2\/media\/689771"}],"wp:attachment":[{"href":"https:\/\/nbg.eu\/it\/wp-json\/wp\/v2\/media?parent=689752"}],"wp:term":[{"taxonomy":"product_brand","embeddable":true,"href":"https:\/\/nbg.eu\/it\/wp-json\/wp\/v2\/product_brand?post=689752"},{"taxonomy":"product_cat","embeddable":true,"href":"https:\/\/nbg.eu\/it\/wp-json\/wp\/v2\/product_cat?post=689752"},{"taxonomy":"product_tag","embeddable":true,"href":"https:\/\/nbg.eu\/it\/wp-json\/wp\/v2\/product_tag?post=689752"}],"curies":[{"name":"wp","href":"https:\/\/api.w.org\/{rel}","templated":true}]}}