{"id":690529,"date":"2024-08-18T11:12:46","date_gmt":"2024-08-18T08:12:46","guid":{"rendered":"https:\/\/nbg.eu\/product\/front-sight-screw-m3x3-din-914-kmr\/"},"modified":"2026-05-13T15:10:01","modified_gmt":"2026-05-13T12:10:01","slug":"front-sight-screw-m3x3-din-914-kmr","status":"publish","type":"product","link":"https:\/\/nbg.eu\/it\/product\/front-sight-screw-m3x3-din-914-kmr\/","title":{"rendered":"KMR Vite del Mirino Anteriore M3x3 DIN 914"},"content":{"rendered":"<h2>Vite di mira anteriore M3X3 Din 914 KMR<\/h2>\n<p>Migliora le prestazioni della tua arma con la vite di mira anteriore M3X3 Din 914 KMR. Progettata per essere compatibile con una vasta gamma di modelli KMR, questa vite garantisce un montaggio sicuro e preciso, migliorando la stabilit\u00e0 e l&#8217;accuratezza della tua arma da fuoco. Realizzata con materiali di alta qualit\u00e0, la vite di mira anteriore M3X3 Din 914 KMR \u00e8 costruita per resistere alle richieste degli ambienti di tiro tattico e competitivo.<\/p>\n<p>Per armi KMR:<\/p>\n<p>KMR L-02 EMIQ (OR)<\/p>\n<p>KMR L-02 ORCA DAL 2024<\/p>\n<p>KMR L-02 ORCA FINO AL 2023<\/p>\n<p>KMR L-02 SPECTRA DAL 2024<\/p>\n<p>KMR L-02 SPECTRA FINO AL 2023<\/p>\n<p>KMR L-02 UMBRA (OR) SR<\/p>\n<p>KMR S-01 LANCE (OR)<\/p>\n<p>KMR S-02 10 (OR) SR ADA<\/p>\n<p>KMR S-02 75 (OR) SR ADA<\/p>\n<p>KMR S-02 DAL 2024<\/p>\n<p>KMR S-02 SH1 (OR) SR ADA<\/p>\n<p>KMR S-02 SH2 (OR) SR ADA<\/p>\n<p>KMR S-02 TS (OR) SR ADA<\/p>\n<p>KMR S-02 FINO AL 2023<\/p>\n<p>KMR W-02 CUDA (OR)<\/p>\n<p>KMR W-02 UMBRA<\/p>\n<p>KMR W-02 UMBRA (OR)<\/p>\n","protected":false},"excerpt":{"rendered":"<p>Vite anteriore di mira M3X3 Din 914 modelli di armi KMR.<\/p>\n","protected":false},"featured_media":690537,"template":"","meta":{"_acf_changed":false},"product_brand":[11501],"product_cat":[12315],"product_tag":[],"class_list":{"0":"post-690529","1":"product","2":"type-product","3":"status-publish","4":"has-post-thumbnail","6":"product_brand-kmr-precision","7":"product_cat-parti-kmr","9":"first","10":"instock","11":"taxable","12":"shipping-taxable","13":"product-type-simple"},"acf":[],"_links":{"self":[{"href":"https:\/\/nbg.eu\/it\/wp-json\/wp\/v2\/product\/690529","targetHints":{"allow":["GET"]}}],"collection":[{"href":"https:\/\/nbg.eu\/it\/wp-json\/wp\/v2\/product"}],"about":[{"href":"https:\/\/nbg.eu\/it\/wp-json\/wp\/v2\/types\/product"}],"wp:featuredmedia":[{"embeddable":true,"href":"https:\/\/nbg.eu\/it\/wp-json\/wp\/v2\/media\/690537"}],"wp:attachment":[{"href":"https:\/\/nbg.eu\/it\/wp-json\/wp\/v2\/media?parent=690529"}],"wp:term":[{"taxonomy":"product_brand","embeddable":true,"href":"https:\/\/nbg.eu\/it\/wp-json\/wp\/v2\/product_brand?post=690529"},{"taxonomy":"product_cat","embeddable":true,"href":"https:\/\/nbg.eu\/it\/wp-json\/wp\/v2\/product_cat?post=690529"},{"taxonomy":"product_tag","embeddable":true,"href":"https:\/\/nbg.eu\/it\/wp-json\/wp\/v2\/product_tag?post=690529"}],"curies":[{"name":"wp","href":"https:\/\/api.w.org\/{rel}","templated":true}]}}