{"id":692197,"date":"2024-09-16T14:52:04","date_gmt":"2024-09-16T11:52:04","guid":{"rendered":"https:\/\/nbg.eu\/product\/magazine-catch-28-kmr-l-02-umbra\/"},"modified":"2026-05-13T15:10:49","modified_gmt":"2026-05-13T12:10:49","slug":"magazine-catch-28-kmr-l-02-umbra","status":"publish","type":"product","link":"https:\/\/nbg.eu\/it\/product\/magazine-catch-28-kmr-l-02-umbra\/","title":{"rendered":"KMR Fermo del Caricatore 28 L-02 UMBRA"},"content":{"rendered":"<h2>KMR Magazine Catch 28 \u2013 L-02 Umbra Edition<\/h2>\n<p>Il KMR Magazine Catch 28 \u00e8 un componente di fascia alta, pronto per la competizione, specificamente progettato per il KMR L-02 Umbra e la piattaforma serie L. Progettato per velocit\u00e0 ed ergonomia, questo rilascio del caricatore \u00e8 un aggiornamento critico per i tiratori che hanno bisogno di ridurre i secondi dai tempi di ricarica durante le condizioni di gara ad alta pressione.<\/p>\n<h3>Progettato per velocit\u00e0 e precisione<\/h3>\n<p>Nel mondo di IPSC e USPSA, la velocit\u00e0 del cambio del caricatore pu\u00f2 fare la differenza tra un podio e un risultato a met\u00e0 classifica. La designazione &#8220;28&#8221; rappresenta l&#8217;area di superficie ottimizzata e l&#8217;altezza di estensione, fornendo il perfetto equilibrio tra accessibilit\u00e0 e sicurezza. Consente al tiratore di far cadere il caricatore senza spostare significativamente la presa di sparo, mantenendo un migliore controllo sull&#8217;arma durante il ciclo di ricarica.<\/p>\n<h3>Specifiche tecniche:<\/h3>\n<ul>\n<li><strong>Durabilit\u00e0 fresata CNC:<\/strong> Realizzato con componenti in acciaio e alluminio ad alta resistenza per garantire un innesto nitido e una durata a vita di uso intensivo.<\/li>\n<li><strong>Ergonomia estesa:<\/strong> La leva allargata \u00e8 posizionata strategicamente per un facile raggiungimento, anche per i tiratori con mani pi\u00f9 piccole o quelli che indossano guanti.<\/li>\n<li><strong>Estetica della serie Umbra:<\/strong> Presenta la finitura scura e ad alte prestazioni caratteristica per abbinarsi perfettamente all&#8217;aspetto tattico premium del KMR L-02 Umbra.<\/li>\n<li><strong>Orientamento regolabile:<\/strong> Progettato per una facile installazione con attenzione ai movimenti fluidi e privi di grippaggio all&#8217;interno del telaio.<\/li>\n<li><strong>Adattamento OEM:<\/strong> Una parte genuina KMR, che assicura che il caricatore sia mantenuto all&#8217;altezza precisa per un&#8217;alimentazione perfetta e un bloccaggio costante.<\/li>\n<\/ul>\n<h3>Massima affidabilit\u00e0 sotto pressione<\/h3>\n<p>La geometria interna del KMR Magazine Catch 28 \u00e8 rettificata con precisione per fornire un &#8220;clic&#8221; positivo e un rilascio immediato. A differenza dei normali fermacaricatori che possono sembrare morbidi o richiedere una forza eccessiva, questa unit\u00e0 offre una risposta tattile e meccanica che d\u00e0 al tiratore la totale fiducia che il caricatore sia stato espulso con successo.<\/p>\n<h3>Vantaggi principali:<\/h3>\n<ul>\n<li><strong>Ricariche pi\u00f9 rapide:<\/strong> L&#8217;area di superficie estesa e allargata rende l&#8217;individuazione del pulsante di rilascio istintiva e senza sforzo.<\/li>\n<li><strong>Alloggiamento sicuro del caricatore:<\/strong> Progettato per mantenere il caricatore saldamente in posizione contro gli sforzi del tiro rapido e del movimento.<\/li>\n<li><strong>Controllo migliorato:<\/strong> Riduce la necessit\u00e0 di &#8220;rompere&#8221; la presa principale per raggiungere il pulsante, consentendo un pi\u00f9 rapido riacquisizione del bersaglio dopo una ricarica.<\/li>\n<li><strong>Legale per le competizioni:<\/strong> Progettato per soddisfare i requisiti della maggior parte delle regole di attrezzatura per le divisioni di produzione e standard, offrendo un vantaggio ergonomico significativo.<\/li>\n<\/ul>\n","protected":false},"excerpt":{"rendered":"<p>1100-01202-0900<\/p>\n","protected":false},"featured_media":692178,"template":"","meta":{"_acf_changed":false},"product_brand":[11501],"product_cat":[12315],"product_tag":[],"class_list":{"0":"post-692197","1":"product","2":"type-product","3":"status-publish","4":"has-post-thumbnail","6":"product_brand-kmr-precision","7":"product_cat-parti-kmr","9":"first","10":"instock","11":"taxable","12":"shipping-taxable","13":"product-type-simple"},"acf":[],"_links":{"self":[{"href":"https:\/\/nbg.eu\/it\/wp-json\/wp\/v2\/product\/692197","targetHints":{"allow":["GET"]}}],"collection":[{"href":"https:\/\/nbg.eu\/it\/wp-json\/wp\/v2\/product"}],"about":[{"href":"https:\/\/nbg.eu\/it\/wp-json\/wp\/v2\/types\/product"}],"wp:featuredmedia":[{"embeddable":true,"href":"https:\/\/nbg.eu\/it\/wp-json\/wp\/v2\/media\/692178"}],"wp:attachment":[{"href":"https:\/\/nbg.eu\/it\/wp-json\/wp\/v2\/media?parent=692197"}],"wp:term":[{"taxonomy":"product_brand","embeddable":true,"href":"https:\/\/nbg.eu\/it\/wp-json\/wp\/v2\/product_brand?post=692197"},{"taxonomy":"product_cat","embeddable":true,"href":"https:\/\/nbg.eu\/it\/wp-json\/wp\/v2\/product_cat?post=692197"},{"taxonomy":"product_tag","embeddable":true,"href":"https:\/\/nbg.eu\/it\/wp-json\/wp\/v2\/product_tag?post=692197"}],"curies":[{"name":"wp","href":"https:\/\/api.w.org\/{rel}","templated":true}]}}