{"id":692299,"date":"2025-05-21T16:01:25","date_gmt":"2025-05-21T13:01:25","guid":{"rendered":"https:\/\/nbg.eu\/product\/magazine-kmr-l-02-orca-cal-9x19-19-rnds\/"},"modified":"2026-05-13T15:09:57","modified_gmt":"2026-05-13T12:09:57","slug":"magazine-kmr-l-02-orca-cal-9x19-19-rnds","status":"publish","type":"product","link":"https:\/\/nbg.eu\/it\/product\/magazine-kmr-l-02-orca-cal-9x19-19-rnds\/","title":{"rendered":"KMR Caricatore L-02 ORCA 9&#215;19 19 Crt."},"content":{"rendered":"<h2>MAGAZINE KMR L-02 ORCA cal. 9&#215;19 19 rnds<\/h2>\n<p>Migliora le prestazioni della tua pistola KMR L-02 ORCA con questo caricatore ad alta capacit\u00e0. In grado di contenere 19 cartucce da 9x19mm, assicura un&#8217;alimentazione affidabile e un funzionamento fluido, rendendolo il perfetto complemento per la tua arma da fuoco. Compatibile con i modelli KMR L-02 EMIQ e EMIQ (OR), questo caricatore \u00e8 un must-have per coloro che cercano una maggiore capacit\u00e0 e una funzionalit\u00e0 potenziata.<\/p>\n<p>Numero parte: 1152-02402-0001<\/p>\n<p>Compatibile con:<\/p>\n<ul>\n<li>KMR L-02 EMIQ<\/li>\n<li>KMR L-02 EMIQ (OR)<\/li>\n<li>KMR L-02 ORCA FINO AL 2023<\/li>\n<\/ul>\n","protected":false},"excerpt":{"rendered":"<p>Caricatore ad alta capacit\u00e0 da 19 colpi per pistole KMR L-02 ORCA 9&#215;19. Alimentazione affidabile e funzionamento fluido.<\/p>\n","protected":false},"featured_media":692306,"template":"","meta":{"_acf_changed":false},"product_brand":[11501],"product_cat":[12315,12311],"product_tag":[],"class_list":{"0":"post-692299","1":"product","2":"type-product","3":"status-publish","4":"has-post-thumbnail","6":"product_brand-kmr-precision","7":"product_cat-parti-kmr","8":"product_cat-parti-pistola","10":"first","11":"instock","12":"taxable","13":"shipping-taxable","14":"product-type-simple"},"acf":[],"_links":{"self":[{"href":"https:\/\/nbg.eu\/it\/wp-json\/wp\/v2\/product\/692299","targetHints":{"allow":["GET"]}}],"collection":[{"href":"https:\/\/nbg.eu\/it\/wp-json\/wp\/v2\/product"}],"about":[{"href":"https:\/\/nbg.eu\/it\/wp-json\/wp\/v2\/types\/product"}],"wp:featuredmedia":[{"embeddable":true,"href":"https:\/\/nbg.eu\/it\/wp-json\/wp\/v2\/media\/692306"}],"wp:attachment":[{"href":"https:\/\/nbg.eu\/it\/wp-json\/wp\/v2\/media?parent=692299"}],"wp:term":[{"taxonomy":"product_brand","embeddable":true,"href":"https:\/\/nbg.eu\/it\/wp-json\/wp\/v2\/product_brand?post=692299"},{"taxonomy":"product_cat","embeddable":true,"href":"https:\/\/nbg.eu\/it\/wp-json\/wp\/v2\/product_cat?post=692299"},{"taxonomy":"product_tag","embeddable":true,"href":"https:\/\/nbg.eu\/it\/wp-json\/wp\/v2\/product_tag?post=692299"}],"curies":[{"name":"wp","href":"https:\/\/api.w.org\/{rel}","templated":true}]}}